{"id":1264,"date":"2023-08-24T14:06:05","date_gmt":"2023-08-24T14:06:05","guid":{"rendered":"https:\/\/almedica.lv\/?page_id=1264"},"modified":"2023-09-21T12:26:13","modified_gmt":"2023-09-21T12:26:13","slug":"konfidencialitates-politiku","status":"publish","type":"page","link":"https:\/\/almedica.lv\/index.php\/konfidencialitates-politiku\/","title":{"rendered":"Konfidencialit\u0101tes politiku"},"content":{"rendered":"\t\t<div data-elementor-type=\"wp-page\" data-elementor-id=\"1264\" class=\"elementor elementor-1264\">\n\t\t\t\t\t\t<section class=\"elementor-section elementor-top-section elementor-element elementor-element-83b7fea elementor-section-boxed elementor-section-height-default elementor-section-height-default\" data-id=\"83b7fea\" data-element_type=\"section\" data-e-type=\"section\">\n\t\t\t\t\t\t<div class=\"elementor-container elementor-column-gap-default\">\n\t\t\t\t\t<div class=\"elementor-column elementor-col-100 elementor-top-column elementor-element elementor-element-5310f74\" data-id=\"5310f74\" data-element_type=\"column\" data-e-type=\"column\">\n\t\t\t<div class=\"elementor-widget-wrap elementor-element-populated\">\n\t\t\t\t\t\t<div class=\"elementor-element elementor-element-e10d733 elementor-widget elementor-widget-text-editor\" data-id=\"e10d733\" data-element_type=\"widget\" data-e-type=\"widget\" data-widget_type=\"text-editor.default\">\n\t\t\t\t<div class=\"elementor-widget-container\">\n\t\t\t\t\t\t\t\t\t<h2><strong>Visp\u0101r\u012bgi noteikumi <\/strong><\/h2><p>Esam SIA Almedica, re\u0123istr\u0101cijas numurs 40103621063, adrese Dzelzavas iela 68, R\u012bga, LV-1082, e-pasts almedicaLv@gmail.com. \u0160aj\u0101 priv\u0101tuma politik\u0101 ir aprakst\u012bts, k\u0101dus personas datus m\u0113s iev\u0101cam un k\u0101 tos apstr\u0101d\u0101jam, kad izmantojat SIA Almedica p\u0101rvald\u012bto interneta veikala vietni almedica.lv. Apstr\u0101d\u0101jot J\u016bsu personas datus, m\u0113s atbild\u012bgi iev\u0113rojam Lietuvas Republikas likumus un aktus, kas regul\u0113 personas datu aizsardz\u012bbu. M\u0113s apkopojam tikai \u0161aj\u0101 Priv\u0101tuma politik\u0101 nor\u0101d\u012btos personas datus un tikai t\u0101l\u0101k nor\u0101d\u012btajiem m\u0113r\u0137iem. Izmantojot m\u016bsu interneta veikalu un turpinot p\u0101rl\u016bkot www.almedica.lv, J\u016bs apstiprin\u0101t, ka piekr\u012btat \u0161ai Priv\u0101tuma politikai.<\/p><h2><strong>Personas datu apstr\u0101de <\/strong><\/h2><p>M\u0113s iev\u0101cam j\u016bsu personas datus tikai noteiktiem un likum\u012bgiem m\u0113r\u0137iem un tikai ar j\u016bsu piekri\u0161anu. Visa sav\u0101kt\u0101 un saglab\u0101t\u0101 personisk\u0101 inform\u0101cija ir konfidenci\u0101la, un to apstr\u0101d\u0101 tikai pilnvarots person\u0101ls. M\u0113s glab\u0101jam personas datus ne ilg\u0101k, k\u0101 to prasa t\u0101l\u0101k nor\u0101d\u012btie m\u0113r\u0137i. Iesniedzot piepras\u012bjumu uz almedicaLv@gmail.com, J\u016bsu personas dati var tikt dz\u0113sti.<\/p><p><u>M\u0113s iev\u0101cam j\u016bsu personas datus \u0161\u0101diem m\u0113r\u0137iem:<\/u><\/p><ol><li>Par J\u016bsu veikto pas\u016bt\u012bjumu apstr\u0101di un izpildi;<\/li><li>R\u0113\u0137inu izrakst\u012b\u0161anai;<\/li><li>Netrauc\u0113tai pas\u016bt\u012bjuma iesnieg\u0161anai, pieg\u0101dei vai atgrie\u0161anai;<\/li><li>Atbild\u0113t uz j\u016bsu piepras\u012bjumiem;<\/li><li>Atrisin\u0101t probl\u0113mas ar pas\u016bt\u012bjumu;<\/li><li>Sazin\u0101ties ar jums;<\/li><li>Tie\u0161\u0101 m\u0101rketinga nol\u016bkos: akcijas, pied\u0101v\u0101jumu vai atlai\u017eu nodro\u0161in\u0101\u0161anai;<\/li><li>Statistikas datu v\u0101k\u0161anai;<\/li><li>Lai uzlabotu m\u016bsu pakalpojumus;<\/li><li>Lai sa\u0146emtu j\u016bsu viedokli vai koment\u0101ru.<\/li><\/ol><p>Re\u0123istr\u0113joties vai veicot pas\u016bt\u012bjumu, j\u016bs sniedzat mums \u0161\u0101dus personas datus:<\/p><ol><li>V\u0101rds Uzv\u0101rds<\/li><li>Komp\u0101nijas nosaukums<\/li><li>T\u0101lrunis<\/li><li>Pasts<\/li><li>Adrese<\/li><\/ol><p>Nor\u0101d\u012bto inform\u0101ciju varat main\u012bt sada\u013c\u0101 &#8220;Mans konts&#8221;. Izmantojot m\u016bsu pakalpojumus, j\u016bs ap\u0146ematies, ka sniegtie dati ir pareizi. Pret\u0113j\u0101 gad\u012bjum\u0101 j\u016bsu pas\u016bt\u012bjums var netikt izpild\u012bts.<\/p><h2><strong>Personas datu apstr\u0101de<\/strong><\/h2><p>Apstr\u0101d\u0101jot J\u016bsu personas datus, m\u0113s noteiktos gad\u012bjumos tos nododam cit\u0101m person\u0101m. \u0160\u0101da personas datu nodo\u0161ana tiek veikta tikai uz likum\u012bga pamata un saska\u0146\u0101 ar \u0161o priv\u0101tuma politiku. M\u0113s parasti nododam j\u016bsu personas datus, ja tas ir nepiecie\u0161ams l\u012bguma nosl\u0113g\u0161anai vai izpildei vai citu likum\u012bgu iemeslu d\u0113\u013c. Personas datus var p\u0101rs\u016bt\u012bt ar\u012b p\u0113c j\u016bsu piepras\u012bjuma. M\u0113s varam nodot personas datus datu apstr\u0101d\u0101t\u0101jiem (pakalpojumu sniedz\u0113jiem), kuru pakalpojumus un\/vai darbus m\u0113s izmantojam un kuri apstr\u0101d\u0101 j\u016bsu personas datus m\u016bsu k\u0101 datu p\u0101rzi\u0146a v\u0101rd\u0101.<\/p><h2><strong>S\u012bkdatnes (ang\u013cu valod\u0101 &#8220;Cookies&#8221;)<\/strong><\/h2><p>Vietnes apmekl\u0113juma laik\u0101 m\u016bsu serveris var saglab\u0101t j\u016bsu dator\u0101 noteiktu inform\u0101ciju, ko sauc ar\u012b par &#8220;s\u012bkdatn\u0113m&#8221;. S\u012bkfaili ir nelieli teksta inform\u0101cijas apjomi, kas tiek autom\u0101tiski izveidoti, p\u0101rl\u016bkojot tie\u0161saistes veikalu, un tiek saglab\u0101ti j\u016bsu dator\u0101 vai cit\u0101 ier\u012bc\u0113.<\/p><p>M\u0113s izmantojam s\u012bkfailus, lai:<\/p><ol><li>Katr\u0101 apmekl\u0113juma reiz\u0113 jums nevajadz\u0113tu atk\u0101rtoti ievad\u012bt inform\u0101ciju;<\/li><li>Sa\u0146emt statistikas datus par m\u016bsu pakalpojumu izmanto\u0161anu, ar kuru pal\u012bdz\u012bbu b\u016btu iesp\u0113jams uzlabot m\u0101jas lapas tehnisk\u0101s iesp\u0113jas un saturu.<\/li><\/ol><p>Izmantojot sava interneta p\u0101rl\u016bkprogrammas iestat\u012bjumus, j\u016bs varat aizliegt p\u0101rl\u016bkprogrammai izmantot &#8220;s\u012bkdatnes&#8221;, ta\u010du \u0161aj\u0101 gad\u012bjum\u0101 atsevi\u0161\u0137as m\u016bsu e-veikala da\u013cas var nedarboties vai nedarboties pareizi.<\/p><h2><strong>Nobeiguma noteikumi<\/strong><\/h2><p>Lai nodro\u0161in\u0101tu adekv\u0101tu J\u016bsu personas datu aizsardz\u012bbu, m\u0113s regul\u0101ri p\u0101rskat\u0101m savu priv\u0101tuma politiku un laiku pa laikam varam to main\u012bt. Atjauninot savu priv\u0101tuma politiku, m\u0113s j\u016bs inform\u0113sim par izmai\u0146\u0101m, public\u0113jot pazi\u0146ojumu m\u016bsu m\u0101jaslap\u0101 <a href=\"http:\/\/www.almedica.lv\">www.almedica.lv<\/a>.<\/p><p>\u0160\u012b Priv\u0101tuma politika ir balst\u012bta uz Latvijas Republikas normat\u012bvajiem aktiem, kas regul\u0113 personas datu aizsardz\u012bbu. Visas nesaska\u0146as tiek risin\u0101tas savstarp\u0113jas vieno\u0161an\u0101s ce\u013c\u0101 p\u0101rrunu ce\u013c\u0101. Ja vieno\u0161an\u0101s nav iesp\u0113jama, str\u012bdi tiek risin\u0101ti Latvijas Republikas likumos noteiktaj\u0101 k\u0101rt\u012bb\u0101.<\/p>\t\t\t\t\t\t\t\t<\/div>\n\t\t\t\t<\/div>\n\t\t\t\t\t<\/div>\n\t\t<\/div>\n\t\t\t\t\t<\/div>\n\t\t<\/section>\n\t\t\t\t<\/div>\n\t\t","protected":false},"excerpt":{"rendered":"<p>Visp\u0101r\u012bgi noteikumi Esam SIA Almedica, re\u0123istr\u0101cijas numurs 40103621063, adrese Dzelzavas iela 68, R\u012bga, LV-1082, e-pasts almedicaLv@gmail.com. \u0160aj\u0101 priv\u0101tuma politik\u0101 ir aprakst\u012bts, k\u0101dus personas datus m\u0113s iev\u0101cam un k\u0101 tos apstr\u0101d\u0101jam, kad izmantojat SIA Almedica p\u0101rvald\u012bto interneta veikala vietni almedica.lv. Apstr\u0101d\u0101jot J\u016bsu personas datus, m\u0113s atbild\u012bgi iev\u0113rojam Lietuvas Republikas likumus un aktus, kas regul\u0113 personas datu [&hellip;]<\/p>\n","protected":false},"author":37,"featured_media":0,"parent":0,"menu_order":0,"comment_status":"closed","ping_status":"closed","template":"elementor_header_footer","meta":{"ocean_post_layout":"","ocean_both_sidebars_style":"","ocean_both_sidebars_content_width":0,"ocean_both_sidebars_sidebars_width":0,"ocean_sidebar":"0","ocean_second_sidebar":"0","ocean_disable_margins":"enable","ocean_add_body_class":"","ocean_shortcode_before_top_bar":"","ocean_shortcode_after_top_bar":"","ocean_shortcode_before_header":"","ocean_shortcode_after_header":"","ocean_has_shortcode":"","ocean_shortcode_after_title":"","ocean_shortcode_before_footer_widgets":"","ocean_shortcode_after_footer_widgets":"","ocean_shortcode_before_footer_bottom":"","ocean_shortcode_after_footer_bottom":"","ocean_display_top_bar":"default","ocean_display_header":"default","ocean_header_style":"","ocean_center_header_left_menu":"0","ocean_custom_header_template":"0","ocean_custom_logo":0,"ocean_custom_retina_logo":0,"ocean_custom_logo_max_width":0,"ocean_custom_logo_tablet_max_width":0,"ocean_custom_logo_mobile_max_width":0,"ocean_custom_logo_max_height":0,"ocean_custom_logo_tablet_max_height":0,"ocean_custom_logo_mobile_max_height":0,"ocean_header_custom_menu":"0","ocean_menu_typo_font_family":"0","ocean_menu_typo_font_subset":"","ocean_menu_typo_font_size":0,"ocean_menu_typo_font_size_tablet":0,"ocean_menu_typo_font_size_mobile":0,"ocean_menu_typo_font_size_unit":"px","ocean_menu_typo_font_weight":"","ocean_menu_typo_font_weight_tablet":"","ocean_menu_typo_font_weight_mobile":"","ocean_menu_typo_transform":"","ocean_menu_typo_transform_tablet":"","ocean_menu_typo_transform_mobile":"","ocean_menu_typo_line_height":0,"ocean_menu_typo_line_height_tablet":0,"ocean_menu_typo_line_height_mobile":0,"ocean_menu_typo_line_height_unit":"","ocean_menu_typo_spacing":0,"ocean_menu_typo_spacing_tablet":0,"ocean_menu_typo_spacing_mobile":0,"ocean_menu_typo_spacing_unit":"","ocean_menu_link_color":"","ocean_menu_link_color_hover":"","ocean_menu_link_color_active":"","ocean_menu_link_background":"","ocean_menu_link_hover_background":"","ocean_menu_link_active_background":"","ocean_menu_social_links_bg":"","ocean_menu_social_hover_links_bg":"","ocean_menu_social_links_color":"","ocean_menu_social_hover_links_color":"","ocean_disable_title":"default","ocean_disable_heading":"default","ocean_post_title":"","ocean_post_subheading":"","ocean_post_title_style":"","ocean_post_title_background_color":"","ocean_post_title_background":0,"ocean_post_title_bg_image_position":"","ocean_post_title_bg_image_attachment":"","ocean_post_title_bg_image_repeat":"","ocean_post_title_bg_image_size":"","ocean_post_title_height":0,"ocean_post_title_bg_overlay":0.5,"ocean_post_title_bg_overlay_color":"","ocean_disable_breadcrumbs":"default","ocean_breadcrumbs_color":"","ocean_breadcrumbs_separator_color":"","ocean_breadcrumbs_links_color":"","ocean_breadcrumbs_links_hover_color":"","ocean_display_footer_widgets":"default","ocean_display_footer_bottom":"default","ocean_custom_footer_template":"0","footnotes":""},"class_list":["post-1264","page","type-page","status-publish","hentry","entry","owp-thumbs-layout-vertical","owp-btn-normal","owp-tabs-layout-vertical","has-no-thumbnails","has-product-nav","circle-sale"],"_links":{"self":[{"href":"https:\/\/almedica.lv\/index.php\/wp-json\/wp\/v2\/pages\/1264","targetHints":{"allow":["GET"]}}],"collection":[{"href":"https:\/\/almedica.lv\/index.php\/wp-json\/wp\/v2\/pages"}],"about":[{"href":"https:\/\/almedica.lv\/index.php\/wp-json\/wp\/v2\/types\/page"}],"author":[{"embeddable":true,"href":"https:\/\/almedica.lv\/index.php\/wp-json\/wp\/v2\/users\/37"}],"replies":[{"embeddable":true,"href":"https:\/\/almedica.lv\/index.php\/wp-json\/wp\/v2\/comments?post=1264"}],"version-history":[{"count":10,"href":"https:\/\/almedica.lv\/index.php\/wp-json\/wp\/v2\/pages\/1264\/revisions"}],"predecessor-version":[{"id":4094,"href":"https:\/\/almedica.lv\/index.php\/wp-json\/wp\/v2\/pages\/1264\/revisions\/4094"}],"wp:attachment":[{"href":"https:\/\/almedica.lv\/index.php\/wp-json\/wp\/v2\/media?parent=1264"}],"curies":[{"name":"wp","href":"https:\/\/api.w.org\/{rel}","templated":true}]}}