{"id":1268,"date":"2023-08-24T14:07:26","date_gmt":"2023-08-24T14:07:26","guid":{"rendered":"https:\/\/almedica.lv\/?page_id=1268"},"modified":"2026-03-24T14:05:50","modified_gmt":"2026-03-24T14:05:50","slug":"registracija","status":"publish","type":"page","link":"https:\/\/almedica.lv\/index.php\/registracija\/","title":{"rendered":"Re\u0123istr\u0101cija"},"content":{"rendered":"\t\t<div data-elementor-type=\"wp-page\" data-elementor-id=\"1268\" class=\"elementor elementor-1268\">\n\t\t\t\t\t\t<section class=\"elementor-section elementor-top-section elementor-element elementor-element-e6a0ddc elementor-section-boxed elementor-section-height-default elementor-section-height-default\" data-id=\"e6a0ddc\" data-element_type=\"section\" data-e-type=\"section\">\n\t\t\t\t\t\t<div class=\"elementor-container elementor-column-gap-default\">\n\t\t\t\t\t<div class=\"elementor-column elementor-col-100 elementor-top-column elementor-element elementor-element-e5cdd09\" data-id=\"e5cdd09\" data-element_type=\"column\" data-e-type=\"column\">\n\t\t\t<div class=\"elementor-widget-wrap elementor-element-populated\">\n\t\t\t\t\t\t<div class=\"elementor-element elementor-element-7eb308f no-margin elementor-widget elementor-widget-heading\" data-id=\"7eb308f\" data-element_type=\"widget\" data-e-type=\"widget\" data-widget_type=\"heading.default\">\n\t\t\t\t<div class=\"elementor-widget-container\">\n\t\t\t\t\t<h2 class=\"elementor-heading-title elementor-size-default\">Re\u0123istr\u0101cija<\/h2>\t\t\t\t<\/div>\n\t\t\t\t<\/div>\n\t\t\t\t<div class=\"elementor-element elementor-element-d8edb28 no-margin elementor-widget elementor-widget-text-editor\" data-id=\"d8edb28\" data-element_type=\"widget\" data-e-type=\"widget\" data-widget_type=\"text-editor.default\">\n\t\t\t\t<div class=\"elementor-widget-container\">\n\t\t\t\t\t\t\t\t\t<p>Tikai pieteiku\u0161ies vai re\u0123istr\u0113ti dal\u012bbnieki var redz\u0113t cenas un nos\u016bt\u012bt pas\u016bt\u012bjuma piepras\u012bjumu.<\/p>\t\t\t\t\t\t\t\t<\/div>\n\t\t\t\t<\/div>\n\t\t\t\t<div class=\"elementor-element elementor-element-afad45c elementor-widget elementor-widget-shortcode\" data-id=\"afad45c\" data-element_type=\"widget\" data-e-type=\"widget\" data-widget_type=\"shortcode.default\">\n\t\t\t\t<div class=\"elementor-widget-container\">\n\t\t\t\t\t\t\t<div class=\"elementor-shortcode\">\t<div class='user-registration ur-frontend-form   ' id='user-registration-form-3746'>\n\t\t\t\t\t\t\t\t<form method='post' class='register' data-form-id=\"3746\"\n\t\t\t\tdata-enable-strength-password=\"\" data-minimum-password-strength=\"3\"\n\t\t\t\t\t\t\t\t\t\t\t\t\t\t\t data-captcha-enabled=\"1\">\n\n\t\t\t\t<div class=\"ur-form-row\" data-row-id=\"0\">\t\t\t\t\t\t\t<div class=\"ur-form-grid ur-grid-1\"\n\t\t\t\t\t\t\t\tstyle=\"width:99%\">\n\t\t\t\t\t\t\t\t\t\t\t\t\t\t\t\t<div data-conditional-logic-enabled=\"\" data-field-id=\"radio_1694699293\" class=\"ur-field-item field-radio \" data-ref-id=\"radio_1694699293\" data-field-pattern-enabled=\"0\" data-field-pattern-value=\" \" data-field-pattern-message=\" \">\n\t\t\t\t\t\t\t\t\t\t<div class=\"form-row validate-required\" id=\"radio_1694699293_field\" data-priority=\"\" ><label for=\"Individu\u0101ls\" class=\"ur-label\">Izv\u0113lieties vienu iesp\u0113ju: <abbr class=\"required\" title=\"required\">*<\/abbr><\/label><ul><li class=\"ur-radio-list\"><input data-rules=\"\" data-id=\"radio_1694699293\" type=\"radio\" class=\"input-radio ur-frontend-field  \" value=\"Individu\u0101ls\" name=\"radio_1694699293\" id=\"radio_1694699293_Individu\u0101ls\" required=\"required\" data-label=\"Izv\u0113lieties vienu iesp\u0113ju:\"  \/> <label for=\"radio_1694699293_Individu\u0101ls\" class=\"radio\">Individu\u0101ls<\/label><\/li><li class=\"ur-radio-list\"><input data-rules=\"\" data-id=\"radio_1694699293\" type=\"radio\" class=\"input-radio ur-frontend-field  \" value=\"Uz\u0146\u0113mums\" name=\"radio_1694699293\" id=\"radio_1694699293_Uz\u0146\u0113mums\" required=\"required\" data-label=\"Izv\u0113lieties vienu iesp\u0113ju:\"  \/> <label for=\"radio_1694699293_Uz\u0146\u0113mums\" class=\"radio\">Uz\u0146\u0113mums<\/label><\/li><\/ul><\/div>\t\t\t\t\t\t\t\t\t<\/div>\n\t\t\t\t\t\t\t\t\t\t\t\t\t\t\t\t\t\t<div data-conditional-logic-enabled=\"1\" data-conditional-logic-map=\"{&quot;action&quot;:&quot;show&quot;,&quot;logic_map&quot;:{&quot;type&quot;:&quot;group&quot;,&quot;logic_gate&quot;:&quot;OR&quot;,&quot;conditions&quot;:[{&quot;type&quot;:&quot;group&quot;,&quot;logic_gate&quot;:&quot;AND&quot;,&quot;conditions&quot;:[{&quot;type&quot;:&quot;field&quot;,&quot;triggerer_id&quot;:&quot;radio_1694699293&quot;,&quot;operator&quot;:&quot;is&quot;,&quot;value&quot;:&quot;Individu\u0101ls&quot;}]}]}}\" data-field-id=\"first_name\" class=\"ur-field-item field-first_name \" data-ref-id=\"first_name\" data-field-pattern-enabled=\"0\" data-field-pattern-value=\" \" data-field-pattern-message=\"Please provide a valid value for this field.\">\n\t\t\t\t\t\t\t\t\t\t<div class=\"form-row validate-required\" id=\"first_name_field\" data-priority=\"\" ><label for=\"first_name\" class=\"ur-label\">V\u0101rds <abbr class=\"required\" title=\"required\">*<\/abbr><\/label> <span class=\"input-wrapper\"> <input  data-rules=\"\" data-id=\"first_name\" type=\"text\" class=\"input-text  without_icon input-text ur-frontend-field  \" name=\"first_name\" id=\"first_name\" placeholder=\"\"  value=\"\" required=\"required\" data-label=\"V\u0101rds\" \/> <\/span> <\/div>\t\t\t\t\t\t\t\t\t<\/div>\n\t\t\t\t\t\t\t\t\t\t\t\t\t\t\t\t\t\t<div data-conditional-logic-enabled=\"1\" data-conditional-logic-map=\"{&quot;action&quot;:&quot;show&quot;,&quot;logic_map&quot;:{&quot;type&quot;:&quot;group&quot;,&quot;logic_gate&quot;:&quot;OR&quot;,&quot;conditions&quot;:[{&quot;type&quot;:&quot;group&quot;,&quot;logic_gate&quot;:&quot;&quot;,&quot;conditions&quot;:[{&quot;type&quot;:&quot;field&quot;,&quot;triggerer_id&quot;:&quot;radio_1694699293&quot;,&quot;operator&quot;:&quot;is&quot;,&quot;value&quot;:&quot;Individu\u0101ls&quot;}]}]}}\" data-field-id=\"last_name\" class=\"ur-field-item field-last_name \" data-ref-id=\"last_name\" data-field-pattern-enabled=\"0\" data-field-pattern-value=\" \" data-field-pattern-message=\"Please provide a valid value for this field.\">\n\t\t\t\t\t\t\t\t\t\t<div class=\"form-row validate-required\" id=\"last_name_field\" data-priority=\"\" ><label for=\"last_name\" class=\"ur-label\">Uzv\u0101rds <abbr class=\"required\" title=\"required\">*<\/abbr><\/label> <span class=\"input-wrapper\"> <input  data-rules=\"\" data-id=\"last_name\" type=\"text\" class=\"input-text  without_icon input-text ur-frontend-field  \" name=\"last_name\" id=\"last_name\" placeholder=\"\"  value=\"\" required=\"required\" data-label=\"Uzv\u0101rds\" \/> <\/span> <\/div>\t\t\t\t\t\t\t\t\t<\/div>\n\t\t\t\t\t\t\t\t\t\t\t\t\t\t\t\t\t\t<div data-conditional-logic-enabled=\"1\" data-conditional-logic-map=\"{&quot;action&quot;:&quot;show&quot;,&quot;logic_map&quot;:{&quot;type&quot;:&quot;group&quot;,&quot;logic_gate&quot;:&quot;OR&quot;,&quot;conditions&quot;:[{&quot;type&quot;:&quot;group&quot;,&quot;logic_gate&quot;:&quot;&quot;,&quot;conditions&quot;:[{&quot;type&quot;:&quot;field&quot;,&quot;triggerer_id&quot;:&quot;radio_1694699293&quot;,&quot;operator&quot;:&quot;is&quot;,&quot;value&quot;:&quot;Individu\u0101ls&quot;}]}]}}\" data-field-id=\"input_box_1694699939\" class=\"ur-field-item field-text \" data-ref-id=\"input_box_1694699939\" data-field-pattern-enabled=\"0\" data-field-pattern-value=\" \" data-field-pattern-message=\"Please provide a valid value for this field.\">\n\t\t\t\t\t\t\t\t\t\t<div class=\"form-row validate-required\" id=\"input_box_1694699939_field\" data-priority=\"\" ><label for=\"input_box_1694699939\" class=\"ur-label\">Licences kods <abbr class=\"required\" title=\"required\">*<\/abbr><\/label> <span class=\"input-wrapper\"> <input  data-rules=\"\" data-id=\"input_box_1694699939\" type=\"text\" class=\"input-text  without_icon input-text ur-frontend-field  \" name=\"input_box_1694699939\" id=\"input_box_1694699939\" placeholder=\"\"  value=\"\" required=\"required\" data-label=\"Licences kods\" maxlength=\"50\" \/> <\/span> <\/div>\t\t\t\t\t\t\t\t\t<\/div>\n\t\t\t\t\t\t\t\t\t\t\t\t\t\t\t\t\t\t<div data-conditional-logic-enabled=\"1\" data-conditional-logic-map=\"{&quot;action&quot;:&quot;show&quot;,&quot;logic_map&quot;:{&quot;type&quot;:&quot;group&quot;,&quot;logic_gate&quot;:&quot;OR&quot;,&quot;conditions&quot;:[{&quot;type&quot;:&quot;group&quot;,&quot;logic_gate&quot;:&quot;&quot;,&quot;conditions&quot;:[{&quot;type&quot;:&quot;field&quot;,&quot;triggerer_id&quot;:&quot;radio_1694699293&quot;,&quot;operator&quot;:&quot;is&quot;,&quot;value&quot;:&quot;Individu\u0101ls&quot;}]}]}}\" data-field-id=\"input_box_1694700146\" class=\"ur-field-item field-text \" data-ref-id=\"input_box_1694700146\" data-field-pattern-enabled=\"0\" data-field-pattern-value=\" \" data-field-pattern-message=\"Please provide a valid value for this field.\">\n\t\t\t\t\t\t\t\t\t\t<div class=\"form-row validate-required\" id=\"input_box_1694700146_field\" data-priority=\"\" ><label for=\"input_box_1694700146\" class=\"ur-label\">Specializ\u0101cija <abbr class=\"required\" title=\"required\">*<\/abbr><\/label> <span class=\"input-wrapper\"> <input  data-rules=\"\" data-id=\"input_box_1694700146\" type=\"text\" class=\"input-text  without_icon input-text ur-frontend-field  \" name=\"input_box_1694700146\" id=\"input_box_1694700146\" placeholder=\"\"  value=\"\" required=\"required\" data-label=\"Specializ\u0101cija\" maxlength=\"50\" \/> <\/span> <\/div>\t\t\t\t\t\t\t\t\t<\/div>\n\t\t\t\t\t\t\t\t\t\t\t\t\t\t\t\t\t\t<div data-conditional-logic-enabled=\"1\" data-conditional-logic-map=\"{&quot;action&quot;:&quot;show&quot;,&quot;logic_map&quot;:{&quot;type&quot;:&quot;group&quot;,&quot;logic_gate&quot;:&quot;OR&quot;,&quot;conditions&quot;:[{&quot;type&quot;:&quot;group&quot;,&quot;logic_gate&quot;:&quot;&quot;,&quot;conditions&quot;:[{&quot;type&quot;:&quot;field&quot;,&quot;triggerer_id&quot;:&quot;radio_1694699293&quot;,&quot;operator&quot;:&quot;is&quot;,&quot;value&quot;:&quot;Uz\u0146\u0113mums&quot;}]}]}}\" data-field-id=\"input_box_1694700180\" class=\"ur-field-item field-text \" data-ref-id=\"input_box_1694700180\" data-field-pattern-enabled=\"0\" data-field-pattern-value=\" \" data-field-pattern-message=\"Please provide a valid value for this field.\">\n\t\t\t\t\t\t\t\t\t\t<div class=\"form-row validate-required\" id=\"input_box_1694700180_field\" data-priority=\"\" ><label for=\"input_box_1694700180\" class=\"ur-label\">Komp\u0101nijas nosaukums <abbr class=\"required\" title=\"required\">*<\/abbr><\/label> <span class=\"input-wrapper\"> <input  data-rules=\"\" data-id=\"input_box_1694700180\" type=\"text\" class=\"input-text  without_icon input-text ur-frontend-field  \" name=\"input_box_1694700180\" id=\"input_box_1694700180\" placeholder=\"\"  value=\"\" required=\"required\" data-label=\"Komp\u0101nijas nosaukums\" maxlength=\"50\" \/> <\/span> <\/div>\t\t\t\t\t\t\t\t\t<\/div>\n\t\t\t\t\t\t\t\t\t\t\t\t\t\t\t\t\t\t<div data-conditional-logic-enabled=\"1\" data-conditional-logic-map=\"{&quot;action&quot;:&quot;show&quot;,&quot;logic_map&quot;:{&quot;type&quot;:&quot;group&quot;,&quot;logic_gate&quot;:&quot;OR&quot;,&quot;conditions&quot;:[{&quot;type&quot;:&quot;group&quot;,&quot;logic_gate&quot;:&quot;&quot;,&quot;conditions&quot;:[{&quot;type&quot;:&quot;field&quot;,&quot;triggerer_id&quot;:&quot;radio_1694699293&quot;,&quot;operator&quot;:&quot;is&quot;,&quot;value&quot;:&quot;Uz\u0146\u0113mums&quot;}]}]}}\" data-field-id=\"input_box_1694700249\" class=\"ur-field-item field-text \" data-ref-id=\"input_box_1694700249\" data-field-pattern-enabled=\"0\" data-field-pattern-value=\" \" data-field-pattern-message=\"Please provide a valid value for this field.\">\n\t\t\t\t\t\t\t\t\t\t<div class=\"form-row validate-required\" id=\"input_box_1694700249_field\" data-priority=\"\" ><label for=\"input_box_1694700249\" class=\"ur-label\">Uz\u0146\u0113muma kods <abbr class=\"required\" title=\"required\">*<\/abbr><\/label> <span class=\"input-wrapper\"> <input  data-rules=\"\" data-id=\"input_box_1694700249\" type=\"text\" class=\"input-text  without_icon input-text ur-frontend-field  \" name=\"input_box_1694700249\" id=\"input_box_1694700249\" placeholder=\"\"  value=\"\" required=\"required\" data-label=\"Uz\u0146\u0113muma kods\" maxlength=\"50\" \/> <\/span> <\/div>\t\t\t\t\t\t\t\t\t<\/div>\n\t\t\t\t\t\t\t\t\t\t\t\t\t\t\t\t\t\t<div data-conditional-logic-enabled=\"1\" data-conditional-logic-map=\"{&quot;action&quot;:&quot;show&quot;,&quot;logic_map&quot;:{&quot;type&quot;:&quot;group&quot;,&quot;logic_gate&quot;:&quot;OR&quot;,&quot;conditions&quot;:[{&quot;type&quot;:&quot;group&quot;,&quot;logic_gate&quot;:&quot;&quot;,&quot;conditions&quot;:[{&quot;type&quot;:&quot;field&quot;,&quot;triggerer_id&quot;:&quot;radio_1694699293&quot;,&quot;operator&quot;:&quot;is&quot;,&quot;value&quot;:&quot;Uz\u0146\u0113mums&quot;}]}]}}\" data-field-id=\"input_box_1694700320\" class=\"ur-field-item field-text \" data-ref-id=\"input_box_1694700320\" data-field-pattern-enabled=\"0\" data-field-pattern-value=\" \" data-field-pattern-message=\"Please provide a valid value for this field.\">\n\t\t\t\t\t\t\t\t\t\t<div class=\"form-row validate-required\" id=\"input_box_1694700320_field\" data-priority=\"\" ><label for=\"input_box_1694700320\" class=\"ur-label\">PVN numurs <abbr class=\"required\" title=\"required\">*<\/abbr><\/label> <span class=\"input-wrapper\"> <input  data-rules=\"\" data-id=\"input_box_1694700320\" type=\"text\" class=\"input-text  without_icon input-text ur-frontend-field  \" name=\"input_box_1694700320\" id=\"input_box_1694700320\" placeholder=\"\"  value=\"\" required=\"required\" data-label=\"PVN numurs\" maxlength=\"50\" \/> <\/span> <\/div>\t\t\t\t\t\t\t\t\t<\/div>\n\t\t\t\t\t\t\t\t\t\t\t\t\t\t\t\t\t\t<div data-conditional-logic-enabled=\"\" data-field-id=\"user_email\" class=\"ur-field-item field-user_email \" data-ref-id=\"user_email\" data-field-pattern-enabled=\"0\" data-field-pattern-value=\" \" data-field-pattern-message=\" \">\n\t\t\t\t\t\t\t\t\t\t<div class=\"form-row validate-required\" id=\"user_email_field\" data-priority=\"\" ><label for=\"user_email\" class=\"ur-label\">E-pasts <abbr class=\"required\" title=\"required\">*<\/abbr><\/label> <span class=\"input-wrapper\"> <input  data-rules=\"\" data-id=\"user_email\" type=\"email\" class=\"input-text  without_icon input-email ur-frontend-field  \" name=\"user_email\" id=\"user_email\" placeholder=\"\"  value=\"\" required=\"required\" data-label=\"E-pasts\" \/> <\/span> <\/div>\t\t\t\t\t\t\t\t\t<\/div>\n\t\t\t\t\t\t\t\t\t\t\t\t\t\t\t\t\t\t<div data-conditional-logic-enabled=\"\" data-field-id=\"user_pass\" class=\"ur-field-item field-user_pass \" data-ref-id=\"user_pass\" data-field-pattern-enabled=\"0\" data-field-pattern-value=\" \" data-field-pattern-message=\"Please provide a valid value for this field.\">\n\t\t\t\t\t\t\t\t\t\t<div class=\"form-row validate-required hide_show_password\" id=\"user_pass_field\" data-priority=\"\"><label for=\"user_pass\" class=\"ur-label\">Parole <abbr class=\"required\" title=\"required\">*<\/abbr><\/label> <span class=\"input-wrapper\"> <span class=\"password-input-group input-form-field-icons\"><input data-rules=\"\" data-id=\"user_pass\" type=\"password\" class=\"input-text without_icon input-password ur-frontend-field  \" name=\"user_pass\" id=\"user_pass\" placeholder=\"\"  value=\"\" required=\"required\" data-label=\"Parole\" \/><\/span> <\/span> <\/div>\t\t\t\t\t\t\t\t\t<\/div>\n\t\t\t\t\t\t\t\t\t\t\t\t\t\t\t\t\t\t<div data-conditional-logic-enabled=\"\" data-field-id=\"user_confirm_password\" class=\"ur-field-item field-user_confirm_password \" data-ref-id=\"user_confirm_password\" data-field-pattern-enabled=\"0\" data-field-pattern-value=\" \" data-field-pattern-message=\" \">\n\t\t\t\t\t\t\t\t\t\t<div class=\"form-row validate-required hide_show_password\" id=\"user_confirm_password_field\" data-priority=\"\"><label for=\"user_confirm_password\" class=\"ur-label\">Apstipriniet paroli <abbr class=\"required\" title=\"required\">*<\/abbr><\/label> <span class=\"input-wrapper\"> <span class=\"password-input-group input-form-field-icons\"><input data-rules=\"\" data-id=\"user_confirm_password\" type=\"password\" class=\"input-text without_icon input-password ur-frontend-field  \" name=\"user_confirm_password\" id=\"user_confirm_password\" placeholder=\"\"  value=\"\" required=\"required\" data-label=\"Apstipriniet paroli\" \/><\/span> <\/span> <\/div>\t\t\t\t\t\t\t\t\t<\/div>\n\t\t\t\t\t\t\t\t\t\t\t\t\t\t\t\t<\/div>\n\t\t\t\t\t\t\t\t\t\t\t\t\t<\/div>\n\t\t\t\t\t\t\t\t\t\t\t\t<div id=\"ur-recaptcha-node\"> <div id=\"node_recaptcha_register\" class=\"g-recaptcha-v3\" style=\"display:none\"><textarea id=\"g-recaptcha-response\" name=\"g-recaptcha-response\" ><\/textarea><\/div><\/div>\t\t\t\t\t\t<div class=\"ur-button-container \" >\n\t\t\t\t\t\t\t\t\t\t\t\t\t\t<button type=\"submit\" class=\"btn button ur-submit-button \"  conditional_rules=\"\">\n\t\t\t\t\t\t\t\t<span><\/span>\n\t\t\t\t\t\t\t\tRe\u0123istr\u0113ties\t\t\t\t\t\t\t<\/button>\n\t\t\t\t\t\t\t\t\t\t\t\t\t\t\t\t\t\t\t\t<\/div>\n\t\t\t\t\t\t\n\t\t\t\t<div style=\"clear:both\"><\/div>\n\t\t\t\t\t\t\t\t<input type=\"hidden\" name=\"ur-registration-language\" value=\"lv-LV\"\/>\n\t\t\t\t<input type=\"hidden\" name=\"ur-user-form-id\" value=\"3746\"\/>\n\t\t\t\t<input type=\"hidden\" name=\"ur-redirect-url\" value=\"https:\/\/almedica.lv\/\"\/>\n\t\t\t\t<input type=\"hidden\" id=\"ur_frontend_form_nonce\" name=\"ur_frontend_form_nonce\" value=\"8dc6d28e42\" \/>\n\t\t\t\t\n\t\t\t<\/form>\n\t\t\t\n\t\t<div style=\"clear:both\"><\/div>\n\t<\/div>\n\n<\/div>\n\t\t\t\t\t\t<\/div>\n\t\t\t\t<\/div>\n\t\t\t\t\t<\/div>\n\t\t<\/div>\n\t\t\t\t\t<\/div>\n\t\t<\/section>\n\t\t\t\t<\/div>\n\t\t","protected":false},"excerpt":{"rendered":"<p>Re\u0123istr\u0101cija Tikai pieteiku\u0161ies vai re\u0123istr\u0113ti dal\u012bbnieki var redz\u0113t cenas un nos\u016bt\u012bt pas\u016bt\u012bjuma piepras\u012bjumu.<\/p>\n","protected":false},"author":37,"featured_media":0,"parent":0,"menu_order":0,"comment_status":"closed","ping_status":"closed","template":"","meta":{"ocean_post_layout":"","ocean_both_sidebars_style":"","ocean_both_sidebars_content_width":0,"ocean_both_sidebars_sidebars_width":0,"ocean_sidebar":"0","ocean_second_sidebar":"0","ocean_disable_margins":"enable","ocean_add_body_class":"","ocean_shortcode_before_top_bar":"","ocean_shortcode_after_top_bar":"","ocean_shortcode_before_header":"","ocean_shortcode_after_header":"","ocean_has_shortcode":"","ocean_shortcode_after_title":"","ocean_shortcode_before_footer_widgets":"","ocean_shortcode_after_footer_widgets":"","ocean_shortcode_before_footer_bottom":"","ocean_shortcode_after_footer_bottom":"","ocean_display_top_bar":"default","ocean_display_header":"default","ocean_header_style":"","ocean_center_header_left_menu":"0","ocean_custom_header_template":"0","ocean_custom_logo":0,"ocean_custom_retina_logo":0,"ocean_custom_logo_max_width":0,"ocean_custom_logo_tablet_max_width":0,"ocean_custom_logo_mobile_max_width":0,"ocean_custom_logo_max_height":0,"ocean_custom_logo_tablet_max_height":0,"ocean_custom_logo_mobile_max_height":0,"ocean_header_custom_menu":"0","ocean_menu_typo_font_family":"0","ocean_menu_typo_font_subset":"","ocean_menu_typo_font_size":0,"ocean_menu_typo_font_size_tablet":0,"ocean_menu_typo_font_size_mobile":0,"ocean_menu_typo_font_size_unit":"px","ocean_menu_typo_font_weight":"","ocean_menu_typo_font_weight_tablet":"","ocean_menu_typo_font_weight_mobile":"","ocean_menu_typo_transform":"","ocean_menu_typo_transform_tablet":"","ocean_menu_typo_transform_mobile":"","ocean_menu_typo_line_height":0,"ocean_menu_typo_line_height_tablet":0,"ocean_menu_typo_line_height_mobile":0,"ocean_menu_typo_line_height_unit":"","ocean_menu_typo_spacing":0,"ocean_menu_typo_spacing_tablet":0,"ocean_menu_typo_spacing_mobile":0,"ocean_menu_typo_spacing_unit":"","ocean_menu_link_color":"","ocean_menu_link_color_hover":"","ocean_menu_link_color_active":"","ocean_menu_link_background":"","ocean_menu_link_hover_background":"","ocean_menu_link_active_background":"","ocean_menu_social_links_bg":"","ocean_menu_social_hover_links_bg":"","ocean_menu_social_links_color":"","ocean_menu_social_hover_links_color":"","ocean_disable_title":"default","ocean_disable_heading":"default","ocean_post_title":"","ocean_post_subheading":"","ocean_post_title_style":"","ocean_post_title_background_color":"","ocean_post_title_background":0,"ocean_post_title_bg_image_position":"","ocean_post_title_bg_image_attachment":"","ocean_post_title_bg_image_repeat":"","ocean_post_title_bg_image_size":"","ocean_post_title_height":0,"ocean_post_title_bg_overlay":0.5,"ocean_post_title_bg_overlay_color":"","ocean_disable_breadcrumbs":"default","ocean_breadcrumbs_color":"","ocean_breadcrumbs_separator_color":"","ocean_breadcrumbs_links_color":"","ocean_breadcrumbs_links_hover_color":"","ocean_display_footer_widgets":"default","ocean_display_footer_bottom":"default","ocean_custom_footer_template":"0","footnotes":""},"class_list":["post-1268","page","type-page","status-publish","hentry","entry","owp-thumbs-layout-vertical","owp-btn-normal","owp-tabs-layout-vertical","has-no-thumbnails","has-product-nav","circle-sale"],"_links":{"self":[{"href":"https:\/\/almedica.lv\/index.php\/wp-json\/wp\/v2\/pages\/1268","targetHints":{"allow":["GET"]}}],"collection":[{"href":"https:\/\/almedica.lv\/index.php\/wp-json\/wp\/v2\/pages"}],"about":[{"href":"https:\/\/almedica.lv\/index.php\/wp-json\/wp\/v2\/types\/page"}],"author":[{"embeddable":true,"href":"https:\/\/almedica.lv\/index.php\/wp-json\/wp\/v2\/users\/37"}],"replies":[{"embeddable":true,"href":"https:\/\/almedica.lv\/index.php\/wp-json\/wp\/v2\/comments?post=1268"}],"version-history":[{"count":16,"href":"https:\/\/almedica.lv\/index.php\/wp-json\/wp\/v2\/pages\/1268\/revisions"}],"predecessor-version":[{"id":5033,"href":"https:\/\/almedica.lv\/index.php\/wp-json\/wp\/v2\/pages\/1268\/revisions\/5033"}],"wp:attachment":[{"href":"https:\/\/almedica.lv\/index.php\/wp-json\/wp\/v2\/media?parent=1268"}],"curies":[{"name":"wp","href":"https:\/\/api.w.org\/{rel}","templated":true}]}}