{"id":1712,"date":"2023-08-31T13:39:09","date_gmt":"2023-08-31T13:39:09","guid":{"rendered":"https:\/\/almedica.lv\/?post_type=product&#038;p=1712"},"modified":"2023-08-31T13:39:24","modified_gmt":"2023-08-31T13:39:24","slug":"septodont-biodentine","status":"publish","type":"product","link":"https:\/\/almedica.lv\/index.php\/produktas\/septodont-biodentine\/","title":{"rendered":"Septodont Biodentine\u2122"},"content":{"rendered":"<p>Septodont Biodentine\u2122\u00a0\u2013 naujas bioaktyvus cementas, turintis \u012f dentin\u0105 pana\u0161i\u0173 mechanini\u0173 sa-vybi\u0173, tod\u0117l gali b\u016bti naudojamas kaip nat\u016bralaus danties dentino pakaitalas. \u0160is cementas\u00a0pasi\u017eymi teigiamu poveikiu gyvoms pulpos l\u0105stel\u0117ms ir stimuliuoja tretinio dentino for-mavim\u0105si. Tiesioginis cemento kontaktas su gyvybingu pulpos audiniu skatina reparacinio\u00a0dentino formavim\u0105si. D\u0117l patobulint\u0173 savybi\u0173\u00a0Biodentinas\u2122\u00a0yra puiki alternatyva tradici-n\u0117ms kalcio hidroksido pagrindu gaminamoms med\u017eiagoms. \u0160is cementas yra prana\u0161esnis\u00a0atliekant tiesiogin\u012f pulpos padengim\u0105 ir gali i\u0161saugoti dant\u0173 gyvybingum\u0105 ilgam laikui.<\/p>\n","protected":false},"excerpt":{"rendered":"<p>Septodont Biodentine\u2122\u00a0\u2013 naujas bioaktyvus cementas, turintis \u012f dentin\u0105 pana\u0161i\u0173 mechanini\u0173 sa-vybi\u0173, tod\u0117l gali b\u016bti naudojamas kaip nat\u016bralaus danties dentino pakaitalas. \u0160is cementas\u00a0pasi\u017eymi teigiamu poveikiu gyvoms pulpos l\u0105stel\u0117ms ir stimuliuoja tretinio dentino for-mavim\u0105si. Tiesioginis cemento kontaktas su gyvybingu pulpos audiniu skatina reparacinio\u00a0dentino formavim\u0105si. D\u0117l patobulint\u0173 savybi\u0173\u00a0Biodentinas\u2122\u00a0yra puiki alternatyva tradici-n\u0117ms kalcio hidroksido pagrindu gaminamoms med\u017eiagoms. \u0160is cementas [&hellip;]<\/p>\n","protected":false},"featured_media":1742,"comment_status":"open","ping_status":"closed","template":"","meta":{"ocean_post_layout":"","ocean_both_sidebars_style":"","ocean_both_sidebars_content_width":0,"ocean_both_sidebars_sidebars_width":0,"ocean_sidebar":"","ocean_second_sidebar":"","ocean_disable_margins":"enable","ocean_add_body_class":"","ocean_shortcode_before_top_bar":"","ocean_shortcode_after_top_bar":"","ocean_shortcode_before_header":"","ocean_shortcode_after_header":"","ocean_has_shortcode":"","ocean_shortcode_after_title":"","ocean_shortcode_before_footer_widgets":"","ocean_shortcode_after_footer_widgets":"","ocean_shortcode_before_footer_bottom":"","ocean_shortcode_after_footer_bottom":"","ocean_display_top_bar":"default","ocean_display_header":"default","ocean_header_style":"","ocean_center_header_left_menu":"","ocean_custom_header_template":"","ocean_custom_logo":0,"ocean_custom_retina_logo":0,"ocean_custom_logo_max_width":0,"ocean_custom_logo_tablet_max_width":0,"ocean_custom_logo_mobile_max_width":0,"ocean_custom_logo_max_height":0,"ocean_custom_logo_tablet_max_height":0,"ocean_custom_logo_mobile_max_height":0,"ocean_header_custom_menu":"","ocean_menu_typo_font_family":"","ocean_menu_typo_font_subset":"","ocean_menu_typo_font_size":0,"ocean_menu_typo_font_size_tablet":0,"ocean_menu_typo_font_size_mobile":0,"ocean_menu_typo_font_size_unit":"px","ocean_menu_typo_font_weight":"","ocean_menu_typo_font_weight_tablet":"","ocean_menu_typo_font_weight_mobile":"","ocean_menu_typo_transform":"","ocean_menu_typo_transform_tablet":"","ocean_menu_typo_transform_mobile":"","ocean_menu_typo_line_height":0,"ocean_menu_typo_line_height_tablet":0,"ocean_menu_typo_line_height_mobile":0,"ocean_menu_typo_line_height_unit":"","ocean_menu_typo_spacing":0,"ocean_menu_typo_spacing_tablet":0,"ocean_menu_typo_spacing_mobile":0,"ocean_menu_typo_spacing_unit":"","ocean_menu_link_color":"","ocean_menu_link_color_hover":"","ocean_menu_link_color_active":"","ocean_menu_link_background":"","ocean_menu_link_hover_background":"","ocean_menu_link_active_background":"","ocean_menu_social_links_bg":"","ocean_menu_social_hover_links_bg":"","ocean_menu_social_links_color":"","ocean_menu_social_hover_links_color":"","ocean_disable_title":"default","ocean_disable_heading":"default","ocean_post_title":"","ocean_post_subheading":"","ocean_post_title_style":"","ocean_post_title_background_color":"","ocean_post_title_background":0,"ocean_post_title_bg_image_position":"","ocean_post_title_bg_image_attachment":"","ocean_post_title_bg_image_repeat":"","ocean_post_title_bg_image_size":"","ocean_post_title_height":0,"ocean_post_title_bg_overlay":0.5,"ocean_post_title_bg_overlay_color":"","ocean_disable_breadcrumbs":"default","ocean_breadcrumbs_color":"","ocean_breadcrumbs_separator_color":"","ocean_breadcrumbs_links_color":"","ocean_breadcrumbs_links_hover_color":"","ocean_display_footer_widgets":"default","ocean_display_footer_bottom":"default","ocean_custom_footer_template":""},"product_brand":[],"product_cat":[36],"product_tag":[],"class_list":{"0":"post-1712","1":"product","2":"type-product","3":"status-publish","4":"has-post-thumbnail","6":"product_cat-septodont","8":"entry","9":"has-media","11":"first","12":"instock","13":"shipping-taxable","14":"product-type-simple","15":"has-product-nav","16":"col","17":"span_1_of_4","18":"owp-content-center","19":"item-entry","20":"owp-thumbs-layout-vertical","21":"owp-btn-normal","22":"owp-tabs-layout-vertical","23":"has-no-thumbnails","25":"circle-sale"},"_links":{"self":[{"href":"https:\/\/almedica.lv\/index.php\/wp-json\/wp\/v2\/product\/1712","targetHints":{"allow":["GET"]}}],"collection":[{"href":"https:\/\/almedica.lv\/index.php\/wp-json\/wp\/v2\/product"}],"about":[{"href":"https:\/\/almedica.lv\/index.php\/wp-json\/wp\/v2\/types\/product"}],"replies":[{"embeddable":true,"href":"https:\/\/almedica.lv\/index.php\/wp-json\/wp\/v2\/comments?post=1712"}],"wp:featuredmedia":[{"embeddable":true,"href":"https:\/\/almedica.lv\/index.php\/wp-json\/wp\/v2\/media\/1742"}],"wp:attachment":[{"href":"https:\/\/almedica.lv\/index.php\/wp-json\/wp\/v2\/media?parent=1712"}],"wp:term":[{"taxonomy":"product_brand","embeddable":true,"href":"https:\/\/almedica.lv\/index.php\/wp-json\/wp\/v2\/product_brand?post=1712"},{"taxonomy":"product_cat","embeddable":true,"href":"https:\/\/almedica.lv\/index.php\/wp-json\/wp\/v2\/product_cat?post=1712"},{"taxonomy":"product_tag","embeddable":true,"href":"https:\/\/almedica.lv\/index.php\/wp-json\/wp\/v2\/product_tag?post=1712"}],"curies":[{"name":"wp","href":"https:\/\/api.w.org\/{rel}","templated":true}]}}