{"id":2160,"date":"2023-08-31T13:41:27","date_gmt":"2023-08-31T13:41:27","guid":{"rendered":"https:\/\/almedica.lv\/?post_type=product&#038;p=2160"},"modified":"2023-08-31T13:41:33","modified_gmt":"2023-08-31T13:41:33","slug":"splat-biocalcium-burnos-skalavimo-skystis","status":"publish","type":"product","link":"https:\/\/almedica.lv\/index.php\/produktas\/splat-biocalcium-burnos-skalavimo-skystis\/","title":{"rendered":"SPLAT\u00ae BIOCALCIUM burnos skalavimo skystis"},"content":{"rendered":"<p>SPLAT\u00ae BIOCALCIUM burnos skalavimo skystis. Efektyviai apsaugo nuo ertmi\u0173 ir dant\u0173 apna\u0161\u0173. Hidroksapatito ir kalcio derinys, gaunamas i\u0161 kiau\u0161ini\u0173 luk\u0161to, prisideda prie emalio remineralizacijos. Citrin\u0173 \u017eievel\u0117s ir nat\u016bral\u016bs anijiniai aliejai turi prie\u0161u\u017edegimin\u012f poveik\u012f. Augalinis fermentas papainas balina emal\u012f \u012f nat\u016bral\u0173 atspalv\u012f ir efektyviai naikina dant\u0173 apna\u0161as. 275 ml.<\/p>\n","protected":false},"excerpt":{"rendered":"<p>SPLAT\u00ae BIOCALCIUM burnos skalavimo skystis. Efektyviai apsaugo nuo ertmi\u0173 ir dant\u0173 apna\u0161\u0173. Hidroksapatito ir kalcio derinys, gaunamas i\u0161 kiau\u0161ini\u0173 luk\u0161to, prisideda prie emalio remineralizacijos. Citrin\u0173 \u017eievel\u0117s ir nat\u016bral\u016bs anijiniai aliejai turi prie\u0161u\u017edegimin\u012f poveik\u012f. Augalinis fermentas papainas balina emal\u012f \u012f nat\u016bral\u0173 atspalv\u012f ir efektyviai naikina dant\u0173 apna\u0161as. 275 ml.<\/p>\n","protected":false},"featured_media":2190,"comment_status":"open","ping_status":"closed","template":"","meta":{"ocean_post_layout":"","ocean_both_sidebars_style":"","ocean_both_sidebars_content_width":0,"ocean_both_sidebars_sidebars_width":0,"ocean_sidebar":"","ocean_second_sidebar":"","ocean_disable_margins":"enable","ocean_add_body_class":"","ocean_shortcode_before_top_bar":"","ocean_shortcode_after_top_bar":"","ocean_shortcode_before_header":"","ocean_shortcode_after_header":"","ocean_has_shortcode":"","ocean_shortcode_after_title":"","ocean_shortcode_before_footer_widgets":"","ocean_shortcode_after_footer_widgets":"","ocean_shortcode_before_footer_bottom":"","ocean_shortcode_after_footer_bottom":"","ocean_display_top_bar":"default","ocean_display_header":"default","ocean_header_style":"","ocean_center_header_left_menu":"","ocean_custom_header_template":"","ocean_custom_logo":0,"ocean_custom_retina_logo":0,"ocean_custom_logo_max_width":0,"ocean_custom_logo_tablet_max_width":0,"ocean_custom_logo_mobile_max_width":0,"ocean_custom_logo_max_height":0,"ocean_custom_logo_tablet_max_height":0,"ocean_custom_logo_mobile_max_height":0,"ocean_header_custom_menu":"","ocean_menu_typo_font_family":"","ocean_menu_typo_font_subset":"","ocean_menu_typo_font_size":0,"ocean_menu_typo_font_size_tablet":0,"ocean_menu_typo_font_size_mobile":0,"ocean_menu_typo_font_size_unit":"px","ocean_menu_typo_font_weight":"","ocean_menu_typo_font_weight_tablet":"","ocean_menu_typo_font_weight_mobile":"","ocean_menu_typo_transform":"","ocean_menu_typo_transform_tablet":"","ocean_menu_typo_transform_mobile":"","ocean_menu_typo_line_height":0,"ocean_menu_typo_line_height_tablet":0,"ocean_menu_typo_line_height_mobile":0,"ocean_menu_typo_line_height_unit":"","ocean_menu_typo_spacing":0,"ocean_menu_typo_spacing_tablet":0,"ocean_menu_typo_spacing_mobile":0,"ocean_menu_typo_spacing_unit":"","ocean_menu_link_color":"","ocean_menu_link_color_hover":"","ocean_menu_link_color_active":"","ocean_menu_link_background":"","ocean_menu_link_hover_background":"","ocean_menu_link_active_background":"","ocean_menu_social_links_bg":"","ocean_menu_social_hover_links_bg":"","ocean_menu_social_links_color":"","ocean_menu_social_hover_links_color":"","ocean_disable_title":"default","ocean_disable_heading":"default","ocean_post_title":"","ocean_post_subheading":"","ocean_post_title_style":"","ocean_post_title_background_color":"","ocean_post_title_background":0,"ocean_post_title_bg_image_position":"","ocean_post_title_bg_image_attachment":"","ocean_post_title_bg_image_repeat":"","ocean_post_title_bg_image_size":"","ocean_post_title_height":0,"ocean_post_title_bg_overlay":0.5,"ocean_post_title_bg_overlay_color":"","ocean_disable_breadcrumbs":"default","ocean_breadcrumbs_color":"","ocean_breadcrumbs_separator_color":"","ocean_breadcrumbs_links_color":"","ocean_breadcrumbs_links_hover_color":"","ocean_display_footer_widgets":"default","ocean_display_footer_bottom":"default","ocean_custom_footer_template":""},"product_brand":[],"product_cat":[15],"product_tag":[],"class_list":{"0":"post-2160","1":"product","2":"type-product","3":"status-publish","4":"has-post-thumbnail","6":"product_cat-be-kategorijos","8":"entry","9":"has-media","11":"first","12":"outofstock","13":"shipping-taxable","14":"product-type-simple","15":"has-product-nav","16":"col","17":"span_1_of_4","18":"owp-content-center","19":"item-entry","20":"owp-thumbs-layout-vertical","21":"owp-btn-normal","22":"owp-tabs-layout-vertical","23":"has-no-thumbnails","25":"circle-sale"},"_links":{"self":[{"href":"https:\/\/almedica.lv\/index.php\/wp-json\/wp\/v2\/product\/2160","targetHints":{"allow":["GET"]}}],"collection":[{"href":"https:\/\/almedica.lv\/index.php\/wp-json\/wp\/v2\/product"}],"about":[{"href":"https:\/\/almedica.lv\/index.php\/wp-json\/wp\/v2\/types\/product"}],"replies":[{"embeddable":true,"href":"https:\/\/almedica.lv\/index.php\/wp-json\/wp\/v2\/comments?post=2160"}],"wp:featuredmedia":[{"embeddable":true,"href":"https:\/\/almedica.lv\/index.php\/wp-json\/wp\/v2\/media\/2190"}],"wp:attachment":[{"href":"https:\/\/almedica.lv\/index.php\/wp-json\/wp\/v2\/media?parent=2160"}],"wp:term":[{"taxonomy":"product_brand","embeddable":true,"href":"https:\/\/almedica.lv\/index.php\/wp-json\/wp\/v2\/product_brand?post=2160"},{"taxonomy":"product_cat","embeddable":true,"href":"https:\/\/almedica.lv\/index.php\/wp-json\/wp\/v2\/product_cat?post=2160"},{"taxonomy":"product_tag","embeddable":true,"href":"https:\/\/almedica.lv\/index.php\/wp-json\/wp\/v2\/product_tag?post=2160"}],"curies":[{"name":"wp","href":"https:\/\/api.w.org\/{rel}","templated":true}]}}