{"id":2505,"date":"2023-08-31T13:42:52","date_gmt":"2023-08-31T13:42:52","guid":{"rendered":"https:\/\/almedica.lv\/?post_type=product&#038;p=2505"},"modified":"2023-08-31T13:43:14","modified_gmt":"2023-08-31T13:43:14","slug":"officina-delle-essenze-namu-kvapu-difuzoriusfresco-bosco","status":"publish","type":"product","link":"https:\/\/almedica.lv\/index.php\/produktas\/officina-delle-essenze-namu-kvapu-difuzoriusfresco-bosco\/","title":{"rendered":"OFFICINA DELLE ESSENZE nam\u0173 kvap\u0173 difuzorius&#8221;Fresco bosco&#8221;"},"content":{"rendered":"<p><strong>\u2666 Perkant kvap\u0173 difuzori\u0173 &#8211; DOVANA &#8211; pasirinkta pir\u0161tini\u0173 d\u0117\u017eut\u0117 \u2666<\/strong><\/p>\n<p>FRESCO BOSCO\u00a0kvapas draugi\u0161kiai pasitiks sve\u010dius darbo ir nam\u0173 \u012f\u0117jimo erdv\u0117se bei laukimo kambariuose.<\/p>\n<p>Nuo stataus kalno atsiv\u0117rusi rytinio mi\u0161ko panorama pa\u017eadina k\u016bn\u0105 ir siel\u0105. Horizonte, lyg ant \u0161ak\u0173 besisupanti saul\u0117 tingiai kyla v\u0117l i\u0161vysti ankstyv\u0105 gamt\u0105. Energija ir \u0161iluma pl\u016bsta per basas p\u0117das ir kaip saul\u0117 teka iki rank\u0173 pir\u0161t\u0173, jaukumu ir meile suvilgija kr\u016btin\u0119 ir kiekvien\u0105 naujos dienos mint\u012f. Tarpusavy susipynusios pu\u0161ys, egl\u0117s, kiparisai ir sekvojos kuria gaiv\u0173 ir lengv\u0105 aromat\u0105, kur\u012f apjungia nepakei\u010diamas muskusas.<\/p>\n<p>OFFICINA DELLE ESSENZE\u00a0difuzoriai pama\u017eu ir tolygiai u\u017epildo nam\u0173 erdves unikaliais aromatais bei suteikia interjerui prabangos ir elegancijos. Stiklinio buteliuko \u0161veln\u016bs linkiai atkartoja klasikin\u0117s rom\u0117n\u0173 arkos form\u0105, kuri mena Italijai b\u016bding\u0105 architekt\u016br\u0105 ir simbolizuoja senov\u0117s Romos pergales. Kvapai i\u0161garuoja medin\u0117mis lazdel\u0117mis per 1 metus, 2 ar 4 m\u0117nesius, priklausomai nuo difuzoriaus talpos ir aplinkos veiksni\u0173.<\/p>\n","protected":false},"excerpt":{"rendered":"<p>\u2666 Perkant kvap\u0173 difuzori\u0173 &#8211; DOVANA &#8211; pasirinkta pir\u0161tini\u0173 d\u0117\u017eut\u0117 \u2666 FRESCO BOSCO\u00a0kvapas draugi\u0161kiai pasitiks sve\u010dius darbo ir nam\u0173 \u012f\u0117jimo erdv\u0117se bei laukimo kambariuose. Nuo stataus kalno atsiv\u0117rusi rytinio mi\u0161ko panorama pa\u017eadina k\u016bn\u0105 ir siel\u0105. Horizonte, lyg ant \u0161ak\u0173 besisupanti saul\u0117 tingiai kyla v\u0117l i\u0161vysti ankstyv\u0105 gamt\u0105. Energija ir \u0161iluma pl\u016bsta per basas p\u0117das ir [&hellip;]<\/p>\n","protected":false},"featured_media":2534,"comment_status":"open","ping_status":"closed","template":"","meta":{"ocean_post_layout":"","ocean_both_sidebars_style":"","ocean_both_sidebars_content_width":0,"ocean_both_sidebars_sidebars_width":0,"ocean_sidebar":"","ocean_second_sidebar":"","ocean_disable_margins":"enable","ocean_add_body_class":"","ocean_shortcode_before_top_bar":"","ocean_shortcode_after_top_bar":"","ocean_shortcode_before_header":"","ocean_shortcode_after_header":"","ocean_has_shortcode":"","ocean_shortcode_after_title":"","ocean_shortcode_before_footer_widgets":"","ocean_shortcode_after_footer_widgets":"","ocean_shortcode_before_footer_bottom":"","ocean_shortcode_after_footer_bottom":"","ocean_display_top_bar":"default","ocean_display_header":"default","ocean_header_style":"","ocean_center_header_left_menu":"","ocean_custom_header_template":"","ocean_custom_logo":0,"ocean_custom_retina_logo":0,"ocean_custom_logo_max_width":0,"ocean_custom_logo_tablet_max_width":0,"ocean_custom_logo_mobile_max_width":0,"ocean_custom_logo_max_height":0,"ocean_custom_logo_tablet_max_height":0,"ocean_custom_logo_mobile_max_height":0,"ocean_header_custom_menu":"","ocean_menu_typo_font_family":"","ocean_menu_typo_font_subset":"","ocean_menu_typo_font_size":0,"ocean_menu_typo_font_size_tablet":0,"ocean_menu_typo_font_size_mobile":0,"ocean_menu_typo_font_size_unit":"px","ocean_menu_typo_font_weight":"","ocean_menu_typo_font_weight_tablet":"","ocean_menu_typo_font_weight_mobile":"","ocean_menu_typo_transform":"","ocean_menu_typo_transform_tablet":"","ocean_menu_typo_transform_mobile":"","ocean_menu_typo_line_height":0,"ocean_menu_typo_line_height_tablet":0,"ocean_menu_typo_line_height_mobile":0,"ocean_menu_typo_line_height_unit":"","ocean_menu_typo_spacing":0,"ocean_menu_typo_spacing_tablet":0,"ocean_menu_typo_spacing_mobile":0,"ocean_menu_typo_spacing_unit":"","ocean_menu_link_color":"","ocean_menu_link_color_hover":"","ocean_menu_link_color_active":"","ocean_menu_link_background":"","ocean_menu_link_hover_background":"","ocean_menu_link_active_background":"","ocean_menu_social_links_bg":"","ocean_menu_social_hover_links_bg":"","ocean_menu_social_links_color":"","ocean_menu_social_hover_links_color":"","ocean_disable_title":"default","ocean_disable_heading":"default","ocean_post_title":"","ocean_post_subheading":"","ocean_post_title_style":"","ocean_post_title_background_color":"","ocean_post_title_background":0,"ocean_post_title_bg_image_position":"","ocean_post_title_bg_image_attachment":"","ocean_post_title_bg_image_repeat":"","ocean_post_title_bg_image_size":"","ocean_post_title_height":0,"ocean_post_title_bg_overlay":0.5,"ocean_post_title_bg_overlay_color":"","ocean_disable_breadcrumbs":"default","ocean_breadcrumbs_color":"","ocean_breadcrumbs_separator_color":"","ocean_breadcrumbs_links_color":"","ocean_breadcrumbs_links_hover_color":"","ocean_display_footer_widgets":"default","ocean_display_footer_bottom":"default","ocean_custom_footer_template":""},"product_brand":[],"product_cat":[78],"product_tag":[],"class_list":{"0":"post-2505","1":"product","2":"type-product","3":"status-publish","4":"has-post-thumbnail","6":"product_cat-krispo","8":"entry","9":"has-media","11":"first","12":"instock","13":"featured","14":"shipping-taxable","15":"product-type-variable","16":"has-product-nav","17":"col","18":"span_1_of_4","19":"owp-content-center","20":"item-entry","21":"owp-thumbs-layout-vertical","22":"owp-btn-normal","23":"owp-tabs-layout-vertical","25":"circle-sale"},"_links":{"self":[{"href":"https:\/\/almedica.lv\/index.php\/wp-json\/wp\/v2\/product\/2505","targetHints":{"allow":["GET"]}}],"collection":[{"href":"https:\/\/almedica.lv\/index.php\/wp-json\/wp\/v2\/product"}],"about":[{"href":"https:\/\/almedica.lv\/index.php\/wp-json\/wp\/v2\/types\/product"}],"replies":[{"embeddable":true,"href":"https:\/\/almedica.lv\/index.php\/wp-json\/wp\/v2\/comments?post=2505"}],"wp:featuredmedia":[{"embeddable":true,"href":"https:\/\/almedica.lv\/index.php\/wp-json\/wp\/v2\/media\/2534"}],"wp:attachment":[{"href":"https:\/\/almedica.lv\/index.php\/wp-json\/wp\/v2\/media?parent=2505"}],"wp:term":[{"taxonomy":"product_brand","embeddable":true,"href":"https:\/\/almedica.lv\/index.php\/wp-json\/wp\/v2\/product_brand?post=2505"},{"taxonomy":"product_cat","embeddable":true,"href":"https:\/\/almedica.lv\/index.php\/wp-json\/wp\/v2\/product_cat?post=2505"},{"taxonomy":"product_tag","embeddable":true,"href":"https:\/\/almedica.lv\/index.php\/wp-json\/wp\/v2\/product_tag?post=2505"}],"curies":[{"name":"wp","href":"https:\/\/api.w.org\/{rel}","templated":true}]}}