{"id":2508,"date":"2023-08-31T13:42:52","date_gmt":"2023-08-31T13:42:52","guid":{"rendered":"https:\/\/almedica.lv\/?post_type=product&#038;p=2508"},"modified":"2023-08-31T13:43:14","modified_gmt":"2023-08-31T13:43:14","slug":"locherber-namu-kvapu-difuzorius-klinto-1817","status":"publish","type":"product","link":"https:\/\/almedica.lv\/index.php\/produktas\/locherber-namu-kvapu-difuzorius-klinto-1817\/","title":{"rendered":"&#8220;Locherber&#8221; nam\u0173 kvap\u0173 difuzorius &#8220;Klinto 1817&#8221;"},"content":{"rendered":"<div id=\"product-description-short-18525\">\n<p><span style=\"color: #000000;\"><strong>\u2666 Perkant kvap\u0173 difuzori\u0173 &#8211; DOVANA &#8211; pasirinkta pir\u0161tini\u0173 d\u0117\u017eut\u0117 \u2666<\/strong><\/span><\/p>\n<p><b>\u201eLocherber\u201c difuzoriai<\/b>\u00a0si\u016blo nepriekai\u0161ting\u0105 kokyb\u0119, kuri\u0105 galima ne tik pamatyti, bet ir u\u017euosti. Nam\u0173 kvapai yra pripildyti geriausiais eteriniais aliejais, kurie, b\u016bdami visi\u0161kai nat\u016bral\u016bs, u\u017eburia pa\u017e\u012fstamais kvapais ir \u012fkvepia dar neu\u017euostais deriniais.<\/p>\n<p><strong>Kvap\u0173 natos:<\/strong><\/p>\n<p>&#8211;\u00a0<b>Juodieji ir raudonieji serbentai<\/b>,\u00a0<b>vynuog\u0117s<\/b>\u00a0bei\u00a0<b>aviet\u0117s<\/b>\u00a0susijungia nepakartojamam uog\u0173 kokteiliui, skleid\u017eian\u010diam prisirpusiai sald\u017eias ir \u017eaismingai r\u016bg\u0161\u010dias natas;<b><\/b><\/p>\n<p><b>&#8211; Kedras<\/b>\u00a0ir\u00a0<b>sausmedis\u00a0<\/b>neleid\u017eia pamir\u0161ti gilaus ir \u0161ildan\u010dio mi\u0161ko aromato bei sald\u017eioms natoms suteikia intensyvaus vyri\u0161ko akcento;<\/p>\n<p><b>&#8211; \u0160venti\u0161ka vanil\u0117<\/b>\u00a0ir\u00a0<b>gurmani\u0161kas triufelis<\/b>\u00a0susimai\u0161o kiek netik\u0117tam kreminio saldumo ir rie\u0161utinio muskuso aromatui.<\/p>\n<\/div>\n","protected":false},"excerpt":{"rendered":"<p>\u2666 Perkant kvap\u0173 difuzori\u0173 &#8211; DOVANA &#8211; pasirinkta pir\u0161tini\u0173 d\u0117\u017eut\u0117 \u2666 \u201eLocherber\u201c difuzoriai\u00a0si\u016blo nepriekai\u0161ting\u0105 kokyb\u0119, kuri\u0105 galima ne tik pamatyti, bet ir u\u017euosti. Nam\u0173 kvapai yra pripildyti geriausiais eteriniais aliejais, kurie, b\u016bdami visi\u0161kai nat\u016bral\u016bs, u\u017eburia pa\u017e\u012fstamais kvapais ir \u012fkvepia dar neu\u017euostais deriniais. Kvap\u0173 natos: &#8211;\u00a0Juodieji ir raudonieji serbentai,\u00a0vynuog\u0117s\u00a0bei\u00a0aviet\u0117s\u00a0susijungia nepakartojamam uog\u0173 kokteiliui, skleid\u017eian\u010diam prisirpusiai sald\u017eias ir [&hellip;]<\/p>\n","protected":false},"featured_media":2540,"comment_status":"open","ping_status":"closed","template":"","meta":{"ocean_post_layout":"","ocean_both_sidebars_style":"","ocean_both_sidebars_content_width":0,"ocean_both_sidebars_sidebars_width":0,"ocean_sidebar":"","ocean_second_sidebar":"","ocean_disable_margins":"enable","ocean_add_body_class":"","ocean_shortcode_before_top_bar":"","ocean_shortcode_after_top_bar":"","ocean_shortcode_before_header":"","ocean_shortcode_after_header":"","ocean_has_shortcode":"","ocean_shortcode_after_title":"","ocean_shortcode_before_footer_widgets":"","ocean_shortcode_after_footer_widgets":"","ocean_shortcode_before_footer_bottom":"","ocean_shortcode_after_footer_bottom":"","ocean_display_top_bar":"default","ocean_display_header":"default","ocean_header_style":"","ocean_center_header_left_menu":"","ocean_custom_header_template":"","ocean_custom_logo":0,"ocean_custom_retina_logo":0,"ocean_custom_logo_max_width":0,"ocean_custom_logo_tablet_max_width":0,"ocean_custom_logo_mobile_max_width":0,"ocean_custom_logo_max_height":0,"ocean_custom_logo_tablet_max_height":0,"ocean_custom_logo_mobile_max_height":0,"ocean_header_custom_menu":"","ocean_menu_typo_font_family":"","ocean_menu_typo_font_subset":"","ocean_menu_typo_font_size":0,"ocean_menu_typo_font_size_tablet":0,"ocean_menu_typo_font_size_mobile":0,"ocean_menu_typo_font_size_unit":"px","ocean_menu_typo_font_weight":"","ocean_menu_typo_font_weight_tablet":"","ocean_menu_typo_font_weight_mobile":"","ocean_menu_typo_transform":"","ocean_menu_typo_transform_tablet":"","ocean_menu_typo_transform_mobile":"","ocean_menu_typo_line_height":0,"ocean_menu_typo_line_height_tablet":0,"ocean_menu_typo_line_height_mobile":0,"ocean_menu_typo_line_height_unit":"","ocean_menu_typo_spacing":0,"ocean_menu_typo_spacing_tablet":0,"ocean_menu_typo_spacing_mobile":0,"ocean_menu_typo_spacing_unit":"","ocean_menu_link_color":"","ocean_menu_link_color_hover":"","ocean_menu_link_color_active":"","ocean_menu_link_background":"","ocean_menu_link_hover_background":"","ocean_menu_link_active_background":"","ocean_menu_social_links_bg":"","ocean_menu_social_hover_links_bg":"","ocean_menu_social_links_color":"","ocean_menu_social_hover_links_color":"","ocean_disable_title":"default","ocean_disable_heading":"default","ocean_post_title":"","ocean_post_subheading":"","ocean_post_title_style":"","ocean_post_title_background_color":"","ocean_post_title_background":0,"ocean_post_title_bg_image_position":"","ocean_post_title_bg_image_attachment":"","ocean_post_title_bg_image_repeat":"","ocean_post_title_bg_image_size":"","ocean_post_title_height":0,"ocean_post_title_bg_overlay":0.5,"ocean_post_title_bg_overlay_color":"","ocean_disable_breadcrumbs":"default","ocean_breadcrumbs_color":"","ocean_breadcrumbs_separator_color":"","ocean_breadcrumbs_links_color":"","ocean_breadcrumbs_links_hover_color":"","ocean_display_footer_widgets":"default","ocean_display_footer_bottom":"default","ocean_custom_footer_template":""},"product_brand":[],"product_cat":[78],"product_tag":[],"class_list":{"0":"post-2508","1":"product","2":"type-product","3":"status-publish","4":"has-post-thumbnail","6":"product_cat-krispo","8":"entry","9":"has-media","11":"first","12":"instock","13":"featured","14":"shipping-taxable","15":"product-type-variable","16":"has-product-nav","17":"col","18":"span_1_of_4","19":"owp-content-center","20":"item-entry","21":"owp-thumbs-layout-vertical","22":"owp-btn-normal","23":"owp-tabs-layout-vertical","25":"circle-sale"},"_links":{"self":[{"href":"https:\/\/almedica.lv\/index.php\/wp-json\/wp\/v2\/product\/2508","targetHints":{"allow":["GET"]}}],"collection":[{"href":"https:\/\/almedica.lv\/index.php\/wp-json\/wp\/v2\/product"}],"about":[{"href":"https:\/\/almedica.lv\/index.php\/wp-json\/wp\/v2\/types\/product"}],"replies":[{"embeddable":true,"href":"https:\/\/almedica.lv\/index.php\/wp-json\/wp\/v2\/comments?post=2508"}],"wp:featuredmedia":[{"embeddable":true,"href":"https:\/\/almedica.lv\/index.php\/wp-json\/wp\/v2\/media\/2540"}],"wp:attachment":[{"href":"https:\/\/almedica.lv\/index.php\/wp-json\/wp\/v2\/media?parent=2508"}],"wp:term":[{"taxonomy":"product_brand","embeddable":true,"href":"https:\/\/almedica.lv\/index.php\/wp-json\/wp\/v2\/product_brand?post=2508"},{"taxonomy":"product_cat","embeddable":true,"href":"https:\/\/almedica.lv\/index.php\/wp-json\/wp\/v2\/product_cat?post=2508"},{"taxonomy":"product_tag","embeddable":true,"href":"https:\/\/almedica.lv\/index.php\/wp-json\/wp\/v2\/product_tag?post=2508"}],"curies":[{"name":"wp","href":"https:\/\/api.w.org\/{rel}","templated":true}]}}