{"id":2512,"date":"2023-08-31T13:42:52","date_gmt":"2023-08-31T13:42:52","guid":{"rendered":"https:\/\/almedica.lv\/?post_type=product&#038;p=2512"},"modified":"2023-08-31T13:43:14","modified_gmt":"2023-08-31T13:43:14","slug":"locherber-namu-kvapu-difuzorius-linen-buds","status":"publish","type":"product","link":"https:\/\/almedica.lv\/index.php\/produktas\/locherber-namu-kvapu-difuzorius-linen-buds\/","title":{"rendered":"&#8220;Locherber&#8221; nam\u0173 kvap\u0173 difuzorius &#8220;Linen Buds&#8221;"},"content":{"rendered":"<div id=\"product-description-short-20269\">\n<p><strong>\u2666 Perkant kvap\u0173 difuzori\u0173 &#8211; DOVANA &#8211; pasirinkta pir\u0161tini\u0173 d\u0117\u017eut\u0117 \u2666<\/strong><\/p>\n<p><strong>LOCHERBER &#8220;Linen buds&#8221; <\/strong>jausmingas g\u0117li\u0173 aromatas su vir\u0161utin\u0117mis bergamo\u010di\u0173, citrin\u0173 ir apelsin\u0173 natomis. Pakalnut\u0117mis, jazminais ir \u017eali\u0105ja arbata, baigiant \u017eibuokliu, gintaro ir muskuso natomis.<\/p>\n<p><strong>Kvap\u0173 natos:<\/strong> g\u0117l\u0117s, muskusas, sicilijos citrin\u0173 ir bergamo\u010di\u0173 natos deran\u010diomis su pelargonija, ro\u017ee, ylang ylang, vanile, sandalmed\u017eiu.<\/p>\n<\/div>\n","protected":false},"excerpt":{"rendered":"<p>\u2666 Perkant kvap\u0173 difuzori\u0173 &#8211; DOVANA &#8211; pasirinkta pir\u0161tini\u0173 d\u0117\u017eut\u0117 \u2666 LOCHERBER &#8220;Linen buds&#8221; jausmingas g\u0117li\u0173 aromatas su vir\u0161utin\u0117mis bergamo\u010di\u0173, citrin\u0173 ir apelsin\u0173 natomis. Pakalnut\u0117mis, jazminais ir \u017eali\u0105ja arbata, baigiant \u017eibuokliu, gintaro ir muskuso natomis. Kvap\u0173 natos: g\u0117l\u0117s, muskusas, sicilijos citrin\u0173 ir bergamo\u010di\u0173 natos deran\u010diomis su pelargonija, ro\u017ee, ylang ylang, vanile, sandalmed\u017eiu.<\/p>\n","protected":false},"featured_media":2546,"comment_status":"open","ping_status":"closed","template":"","meta":{"ocean_post_layout":"","ocean_both_sidebars_style":"","ocean_both_sidebars_content_width":0,"ocean_both_sidebars_sidebars_width":0,"ocean_sidebar":"","ocean_second_sidebar":"","ocean_disable_margins":"enable","ocean_add_body_class":"","ocean_shortcode_before_top_bar":"","ocean_shortcode_after_top_bar":"","ocean_shortcode_before_header":"","ocean_shortcode_after_header":"","ocean_has_shortcode":"","ocean_shortcode_after_title":"","ocean_shortcode_before_footer_widgets":"","ocean_shortcode_after_footer_widgets":"","ocean_shortcode_before_footer_bottom":"","ocean_shortcode_after_footer_bottom":"","ocean_display_top_bar":"default","ocean_display_header":"default","ocean_header_style":"","ocean_center_header_left_menu":"","ocean_custom_header_template":"","ocean_custom_logo":0,"ocean_custom_retina_logo":0,"ocean_custom_logo_max_width":0,"ocean_custom_logo_tablet_max_width":0,"ocean_custom_logo_mobile_max_width":0,"ocean_custom_logo_max_height":0,"ocean_custom_logo_tablet_max_height":0,"ocean_custom_logo_mobile_max_height":0,"ocean_header_custom_menu":"","ocean_menu_typo_font_family":"","ocean_menu_typo_font_subset":"","ocean_menu_typo_font_size":0,"ocean_menu_typo_font_size_tablet":0,"ocean_menu_typo_font_size_mobile":0,"ocean_menu_typo_font_size_unit":"px","ocean_menu_typo_font_weight":"","ocean_menu_typo_font_weight_tablet":"","ocean_menu_typo_font_weight_mobile":"","ocean_menu_typo_transform":"","ocean_menu_typo_transform_tablet":"","ocean_menu_typo_transform_mobile":"","ocean_menu_typo_line_height":0,"ocean_menu_typo_line_height_tablet":0,"ocean_menu_typo_line_height_mobile":0,"ocean_menu_typo_line_height_unit":"","ocean_menu_typo_spacing":0,"ocean_menu_typo_spacing_tablet":0,"ocean_menu_typo_spacing_mobile":0,"ocean_menu_typo_spacing_unit":"","ocean_menu_link_color":"","ocean_menu_link_color_hover":"","ocean_menu_link_color_active":"","ocean_menu_link_background":"","ocean_menu_link_hover_background":"","ocean_menu_link_active_background":"","ocean_menu_social_links_bg":"","ocean_menu_social_hover_links_bg":"","ocean_menu_social_links_color":"","ocean_menu_social_hover_links_color":"","ocean_disable_title":"default","ocean_disable_heading":"default","ocean_post_title":"","ocean_post_subheading":"","ocean_post_title_style":"","ocean_post_title_background_color":"","ocean_post_title_background":0,"ocean_post_title_bg_image_position":"","ocean_post_title_bg_image_attachment":"","ocean_post_title_bg_image_repeat":"","ocean_post_title_bg_image_size":"","ocean_post_title_height":0,"ocean_post_title_bg_overlay":0.5,"ocean_post_title_bg_overlay_color":"","ocean_disable_breadcrumbs":"default","ocean_breadcrumbs_color":"","ocean_breadcrumbs_separator_color":"","ocean_breadcrumbs_links_color":"","ocean_breadcrumbs_links_hover_color":"","ocean_display_footer_widgets":"default","ocean_display_footer_bottom":"default","ocean_custom_footer_template":""},"product_brand":[],"product_cat":[78],"product_tag":[],"class_list":{"0":"post-2512","1":"product","2":"type-product","3":"status-publish","4":"has-post-thumbnail","6":"product_cat-krispo","8":"entry","9":"has-media","11":"first","12":"instock","13":"shipping-taxable","14":"product-type-variable","15":"has-product-nav","16":"col","17":"span_1_of_4","18":"owp-content-center","19":"item-entry","20":"owp-thumbs-layout-vertical","21":"owp-btn-normal","22":"owp-tabs-layout-vertical","23":"has-no-thumbnails","25":"circle-sale"},"_links":{"self":[{"href":"https:\/\/almedica.lv\/index.php\/wp-json\/wp\/v2\/product\/2512","targetHints":{"allow":["GET"]}}],"collection":[{"href":"https:\/\/almedica.lv\/index.php\/wp-json\/wp\/v2\/product"}],"about":[{"href":"https:\/\/almedica.lv\/index.php\/wp-json\/wp\/v2\/types\/product"}],"replies":[{"embeddable":true,"href":"https:\/\/almedica.lv\/index.php\/wp-json\/wp\/v2\/comments?post=2512"}],"wp:featuredmedia":[{"embeddable":true,"href":"https:\/\/almedica.lv\/index.php\/wp-json\/wp\/v2\/media\/2546"}],"wp:attachment":[{"href":"https:\/\/almedica.lv\/index.php\/wp-json\/wp\/v2\/media?parent=2512"}],"wp:term":[{"taxonomy":"product_brand","embeddable":true,"href":"https:\/\/almedica.lv\/index.php\/wp-json\/wp\/v2\/product_brand?post=2512"},{"taxonomy":"product_cat","embeddable":true,"href":"https:\/\/almedica.lv\/index.php\/wp-json\/wp\/v2\/product_cat?post=2512"},{"taxonomy":"product_tag","embeddable":true,"href":"https:\/\/almedica.lv\/index.php\/wp-json\/wp\/v2\/product_tag?post=2512"}],"curies":[{"name":"wp","href":"https:\/\/api.w.org\/{rel}","templated":true}]}}