{"id":2517,"date":"2023-08-31T13:42:52","date_gmt":"2023-08-31T13:42:52","guid":{"rendered":"https:\/\/almedica.lv\/?post_type=product&#038;p=2517"},"modified":"2023-08-31T13:43:06","modified_gmt":"2023-08-31T13:43:06","slug":"culti-milano-ranku-losjonas-aramara","status":"publish","type":"product","link":"https:\/\/almedica.lv\/index.php\/produktas\/culti-milano-ranku-losjonas-aramara\/","title":{"rendered":"CULTI MILANO rank\u0173 losjonas &#8220;Aramara&#8221;"},"content":{"rendered":"<div id=\"product-description-short-19687\">\n<p><strong>CULTI Welcome linija svetingiems namams ir \u0161iltiems apsikabinimams.<\/strong><\/p>\n<p>Nam\u0173 erdves ir intymiausius kampelius puo\u0161iantis Culti prekinis \u017eenklas atsi\u017evelgia ne tik \u012f kiekvienai erdvei unikal\u0173 kvap\u0105, bet ir malonius poj\u016b\u010dius odai ir k\u016bnui. Culti Welcome linija pristato kruop\u0161\u010diai atrinktas k\u016bno prie\u017ei\u016bros formules, kurios \u0161iltus apsikabinimus pavers dar ypatingesne akimirka. Paprastumo ir elegancijos \u012fkv\u0117pti rank\u0173 kremo buteliukai suras viet\u0105 vonios kambaryje kaip jauki nam\u0173 interjero detal\u0117 bei nei\u0161vengiamai malonus kasdienis ritualas. Skaidraus plastiko buteliukas ir nat\u016bralaus klevo dangtelis sukurs harmonij\u0105 erdv\u0117je, o \u0161ilkin\u0117s ir skystos tekst\u016bros rank\u0173 kremas pamaitins bei sudr\u0117kins dideles ir ma\u017eas rankeles.<\/p>\n<p>250 ml<\/p>\n<\/div>\n","protected":false},"excerpt":{"rendered":"<p>CULTI Welcome linija svetingiems namams ir \u0161iltiems apsikabinimams. Nam\u0173 erdves ir intymiausius kampelius puo\u0161iantis Culti prekinis \u017eenklas atsi\u017evelgia ne tik \u012f kiekvienai erdvei unikal\u0173 kvap\u0105, bet ir malonius poj\u016b\u010dius odai ir k\u016bnui. Culti Welcome linija pristato kruop\u0161\u010diai atrinktas k\u016bno prie\u017ei\u016bros formules, kurios \u0161iltus apsikabinimus pavers dar ypatingesne akimirka. Paprastumo ir elegancijos \u012fkv\u0117pti rank\u0173 kremo buteliukai [&hellip;]<\/p>\n","protected":false},"featured_media":2550,"comment_status":"open","ping_status":"closed","template":"","meta":{"ocean_post_layout":"","ocean_both_sidebars_style":"","ocean_both_sidebars_content_width":0,"ocean_both_sidebars_sidebars_width":0,"ocean_sidebar":"","ocean_second_sidebar":"","ocean_disable_margins":"enable","ocean_add_body_class":"","ocean_shortcode_before_top_bar":"","ocean_shortcode_after_top_bar":"","ocean_shortcode_before_header":"","ocean_shortcode_after_header":"","ocean_has_shortcode":"","ocean_shortcode_after_title":"","ocean_shortcode_before_footer_widgets":"","ocean_shortcode_after_footer_widgets":"","ocean_shortcode_before_footer_bottom":"","ocean_shortcode_after_footer_bottom":"","ocean_display_top_bar":"default","ocean_display_header":"default","ocean_header_style":"","ocean_center_header_left_menu":"","ocean_custom_header_template":"","ocean_custom_logo":0,"ocean_custom_retina_logo":0,"ocean_custom_logo_max_width":0,"ocean_custom_logo_tablet_max_width":0,"ocean_custom_logo_mobile_max_width":0,"ocean_custom_logo_max_height":0,"ocean_custom_logo_tablet_max_height":0,"ocean_custom_logo_mobile_max_height":0,"ocean_header_custom_menu":"","ocean_menu_typo_font_family":"","ocean_menu_typo_font_subset":"","ocean_menu_typo_font_size":0,"ocean_menu_typo_font_size_tablet":0,"ocean_menu_typo_font_size_mobile":0,"ocean_menu_typo_font_size_unit":"px","ocean_menu_typo_font_weight":"","ocean_menu_typo_font_weight_tablet":"","ocean_menu_typo_font_weight_mobile":"","ocean_menu_typo_transform":"","ocean_menu_typo_transform_tablet":"","ocean_menu_typo_transform_mobile":"","ocean_menu_typo_line_height":0,"ocean_menu_typo_line_height_tablet":0,"ocean_menu_typo_line_height_mobile":0,"ocean_menu_typo_line_height_unit":"","ocean_menu_typo_spacing":0,"ocean_menu_typo_spacing_tablet":0,"ocean_menu_typo_spacing_mobile":0,"ocean_menu_typo_spacing_unit":"","ocean_menu_link_color":"","ocean_menu_link_color_hover":"","ocean_menu_link_color_active":"","ocean_menu_link_background":"","ocean_menu_link_hover_background":"","ocean_menu_link_active_background":"","ocean_menu_social_links_bg":"","ocean_menu_social_hover_links_bg":"","ocean_menu_social_links_color":"","ocean_menu_social_hover_links_color":"","ocean_disable_title":"default","ocean_disable_heading":"default","ocean_post_title":"","ocean_post_subheading":"","ocean_post_title_style":"","ocean_post_title_background_color":"","ocean_post_title_background":0,"ocean_post_title_bg_image_position":"","ocean_post_title_bg_image_attachment":"","ocean_post_title_bg_image_repeat":"","ocean_post_title_bg_image_size":"","ocean_post_title_height":0,"ocean_post_title_bg_overlay":0.5,"ocean_post_title_bg_overlay_color":"","ocean_disable_breadcrumbs":"default","ocean_breadcrumbs_color":"","ocean_breadcrumbs_separator_color":"","ocean_breadcrumbs_links_color":"","ocean_breadcrumbs_links_hover_color":"","ocean_display_footer_widgets":"default","ocean_display_footer_bottom":"default","ocean_custom_footer_template":""},"product_brand":[],"product_cat":[78],"product_tag":[],"class_list":{"0":"post-2517","1":"product","2":"type-product","3":"status-publish","4":"has-post-thumbnail","6":"product_cat-krispo","8":"entry","9":"has-media","11":"first","12":"instock","13":"sale","14":"featured","15":"shipping-taxable","16":"product-type-simple","17":"has-product-nav","18":"col","19":"span_1_of_4","20":"owp-content-center","21":"item-entry","22":"owp-thumbs-layout-vertical","23":"owp-btn-normal","24":"owp-tabs-layout-vertical","25":"has-no-thumbnails","27":"circle-sale"},"_links":{"self":[{"href":"https:\/\/almedica.lv\/index.php\/wp-json\/wp\/v2\/product\/2517","targetHints":{"allow":["GET"]}}],"collection":[{"href":"https:\/\/almedica.lv\/index.php\/wp-json\/wp\/v2\/product"}],"about":[{"href":"https:\/\/almedica.lv\/index.php\/wp-json\/wp\/v2\/types\/product"}],"replies":[{"embeddable":true,"href":"https:\/\/almedica.lv\/index.php\/wp-json\/wp\/v2\/comments?post=2517"}],"wp:featuredmedia":[{"embeddable":true,"href":"https:\/\/almedica.lv\/index.php\/wp-json\/wp\/v2\/media\/2550"}],"wp:attachment":[{"href":"https:\/\/almedica.lv\/index.php\/wp-json\/wp\/v2\/media?parent=2517"}],"wp:term":[{"taxonomy":"product_brand","embeddable":true,"href":"https:\/\/almedica.lv\/index.php\/wp-json\/wp\/v2\/product_brand?post=2517"},{"taxonomy":"product_cat","embeddable":true,"href":"https:\/\/almedica.lv\/index.php\/wp-json\/wp\/v2\/product_cat?post=2517"},{"taxonomy":"product_tag","embeddable":true,"href":"https:\/\/almedica.lv\/index.php\/wp-json\/wp\/v2\/product_tag?post=2517"}],"curies":[{"name":"wp","href":"https:\/\/api.w.org\/{rel}","templated":true}]}}