{"id":2574,"date":"2023-08-31T13:43:16","date_gmt":"2023-08-31T13:43:16","guid":{"rendered":"https:\/\/almedica.lv\/?post_type=product&#038;p=2574"},"modified":"2023-08-31T13:43:57","modified_gmt":"2023-08-31T13:43:57","slug":"gc-mi-paste-plus","status":"publish","type":"product","link":"https:\/\/almedica.lv\/index.php\/produktas\/gc-mi-paste-plus\/","title":{"rendered":"GC MI Paste Plus"},"content":{"rendered":"<p>GC \u201eMI Paste Plus Recaldent\u201c dant\u0173 kremas skiriamas pacientams turintiems jautrius dantis, burnos d\u017ei\u016bvimo sindrom\u0105 (kserotomija), nusid\u0117v\u0117jus\u012f ar pa\u017eeist\u0105 dant\u0173 emal\u012f. Padeda neutralizuoti r\u016bg\u0161tis bei suteikia \u0161varos poj\u016bt\u012f. Ypatingai tinka po dant\u0173 balinimo proced\u016br\u0173, profesionalios higienos, danties \u0161aknies kanal\u0173 gydymo tr\u016bkstamoms med\u017eiagoms atstatyti. Tyrimai parod\u0117, kad naudojant Recaldent<sup>TM<\/sup> , matin\u0117s baltos dant\u0173 d\u0117m\u0117s gali i\u0161nykti, o dantys v\u0117l \u012fgys nat\u016bral\u0173 skaidrum\u0105.<\/p>\n<p>Sodium fluoride 0,2% W\/W (900ppm F)<\/p>\n<p>35 ml<\/p>\n","protected":false},"excerpt":{"rendered":"<p>GC \u201eMI Paste Plus Recaldent\u201c dant\u0173 kremas skiriamas pacientams turintiems jautrius dantis, burnos d\u017ei\u016bvimo sindrom\u0105 (kserotomija), nusid\u0117v\u0117jus\u012f ar pa\u017eeist\u0105 dant\u0173 emal\u012f. Padeda neutralizuoti r\u016bg\u0161tis bei suteikia \u0161varos poj\u016bt\u012f. Ypatingai tinka po dant\u0173 balinimo proced\u016br\u0173, profesionalios higienos, danties \u0161aknies kanal\u0173 gydymo tr\u016bkstamoms med\u017eiagoms atstatyti. Tyrimai parod\u0117, kad naudojant RecaldentTM , matin\u0117s baltos dant\u0173 d\u0117m\u0117s gali i\u0161nykti, [&hellip;]<\/p>\n","protected":false},"featured_media":2624,"comment_status":"open","ping_status":"closed","template":"","meta":{"ocean_post_layout":"","ocean_both_sidebars_style":"","ocean_both_sidebars_content_width":0,"ocean_both_sidebars_sidebars_width":0,"ocean_sidebar":"","ocean_second_sidebar":"","ocean_disable_margins":"enable","ocean_add_body_class":"","ocean_shortcode_before_top_bar":"","ocean_shortcode_after_top_bar":"","ocean_shortcode_before_header":"","ocean_shortcode_after_header":"","ocean_has_shortcode":"","ocean_shortcode_after_title":"","ocean_shortcode_before_footer_widgets":"","ocean_shortcode_after_footer_widgets":"","ocean_shortcode_before_footer_bottom":"","ocean_shortcode_after_footer_bottom":"","ocean_display_top_bar":"default","ocean_display_header":"default","ocean_header_style":"","ocean_center_header_left_menu":"","ocean_custom_header_template":"","ocean_custom_logo":0,"ocean_custom_retina_logo":0,"ocean_custom_logo_max_width":0,"ocean_custom_logo_tablet_max_width":0,"ocean_custom_logo_mobile_max_width":0,"ocean_custom_logo_max_height":0,"ocean_custom_logo_tablet_max_height":0,"ocean_custom_logo_mobile_max_height":0,"ocean_header_custom_menu":"","ocean_menu_typo_font_family":"","ocean_menu_typo_font_subset":"","ocean_menu_typo_font_size":0,"ocean_menu_typo_font_size_tablet":0,"ocean_menu_typo_font_size_mobile":0,"ocean_menu_typo_font_size_unit":"px","ocean_menu_typo_font_weight":"","ocean_menu_typo_font_weight_tablet":"","ocean_menu_typo_font_weight_mobile":"","ocean_menu_typo_transform":"","ocean_menu_typo_transform_tablet":"","ocean_menu_typo_transform_mobile":"","ocean_menu_typo_line_height":0,"ocean_menu_typo_line_height_tablet":0,"ocean_menu_typo_line_height_mobile":0,"ocean_menu_typo_line_height_unit":"","ocean_menu_typo_spacing":0,"ocean_menu_typo_spacing_tablet":0,"ocean_menu_typo_spacing_mobile":0,"ocean_menu_typo_spacing_unit":"","ocean_menu_link_color":"","ocean_menu_link_color_hover":"","ocean_menu_link_color_active":"","ocean_menu_link_background":"","ocean_menu_link_hover_background":"","ocean_menu_link_active_background":"","ocean_menu_social_links_bg":"","ocean_menu_social_hover_links_bg":"","ocean_menu_social_links_color":"","ocean_menu_social_hover_links_color":"","ocean_disable_title":"default","ocean_disable_heading":"default","ocean_post_title":"","ocean_post_subheading":"","ocean_post_title_style":"","ocean_post_title_background_color":"","ocean_post_title_background":0,"ocean_post_title_bg_image_position":"","ocean_post_title_bg_image_attachment":"","ocean_post_title_bg_image_repeat":"","ocean_post_title_bg_image_size":"","ocean_post_title_height":0,"ocean_post_title_bg_overlay":0.5,"ocean_post_title_bg_overlay_color":"","ocean_disable_breadcrumbs":"default","ocean_breadcrumbs_color":"","ocean_breadcrumbs_separator_color":"","ocean_breadcrumbs_links_color":"","ocean_breadcrumbs_links_hover_color":"","ocean_display_footer_widgets":"default","ocean_display_footer_bottom":"default","ocean_custom_footer_template":""},"product_brand":[],"product_cat":[42],"product_tag":[],"class_list":{"0":"post-2574","1":"product","2":"type-product","3":"status-publish","4":"has-post-thumbnail","6":"product_cat-gc","8":"entry","9":"has-media","11":"first","12":"instock","13":"sale","14":"shipping-taxable","15":"product-type-variable","16":"has-product-nav","17":"col","18":"span_1_of_4","19":"owp-content-center","20":"item-entry","21":"owp-thumbs-layout-vertical","22":"owp-btn-normal","23":"owp-tabs-layout-vertical","24":"has-no-thumbnails","26":"circle-sale"},"_links":{"self":[{"href":"https:\/\/almedica.lv\/index.php\/wp-json\/wp\/v2\/product\/2574","targetHints":{"allow":["GET"]}}],"collection":[{"href":"https:\/\/almedica.lv\/index.php\/wp-json\/wp\/v2\/product"}],"about":[{"href":"https:\/\/almedica.lv\/index.php\/wp-json\/wp\/v2\/types\/product"}],"replies":[{"embeddable":true,"href":"https:\/\/almedica.lv\/index.php\/wp-json\/wp\/v2\/comments?post=2574"}],"wp:featuredmedia":[{"embeddable":true,"href":"https:\/\/almedica.lv\/index.php\/wp-json\/wp\/v2\/media\/2624"}],"wp:attachment":[{"href":"https:\/\/almedica.lv\/index.php\/wp-json\/wp\/v2\/media?parent=2574"}],"wp:term":[{"taxonomy":"product_brand","embeddable":true,"href":"https:\/\/almedica.lv\/index.php\/wp-json\/wp\/v2\/product_brand?post=2574"},{"taxonomy":"product_cat","embeddable":true,"href":"https:\/\/almedica.lv\/index.php\/wp-json\/wp\/v2\/product_cat?post=2574"},{"taxonomy":"product_tag","embeddable":true,"href":"https:\/\/almedica.lv\/index.php\/wp-json\/wp\/v2\/product_tag?post=2574"}],"curies":[{"name":"wp","href":"https:\/\/api.w.org\/{rel}","templated":true}]}}