{"id":2605,"date":"2023-08-31T13:43:38","date_gmt":"2023-08-31T13:43:38","guid":{"rendered":"https:\/\/almedica.lv\/?post_type=product&#038;p=2605"},"modified":"2023-08-31T13:43:52","modified_gmt":"2023-08-31T13:43:52","slug":"innova-liquid-enamel-burnos-skalavimo-skystis","status":"publish","type":"product","link":"https:\/\/almedica.lv\/index.php\/produktas\/innova-liquid-enamel-burnos-skalavimo-skystis\/","title":{"rendered":"INNOVA\u00ae LIQUID ENAMEL burnos skalavimo skystis"},"content":{"rendered":"<div class=\"col-xs-12\">\n<div class=\"ipa_body\">\n<div class=\"ipab_box active\">NNOVA ABRASIVE-FREE \u201cLIQUID ENAMEL\u201d SUSPENSION burnos skalavimo skystis su veiksmingu hidroksiapatito veiklios nano formos d\u0117ka giliai prasiskverbia \u012f atvirus dentino kanal\u0117lius (mikroskopinius kanalus, pasklindan\u010dius nuo emalio pavir\u0161iaus apa\u010dios \u012f danties vid\u0173, vadinam\u0105 mink\u0161timu) ir juos pilnai u\u017epildo, stiprina emal\u012f ir ma\u017eina padid\u0117jus\u012f dant\u0173, taip pat ir kaklelio srities jautrum\u0105. \u0160iame emal\u012f stiprinan\u010diame ir regeneruojan\u010diame burnos skalavimo skystyje yra raudon\u0173j\u0173 vynuogi\u0173 s\u0117kl\u0173 ekstrakto, kuris u\u017etikrina veiksming\u0105 apsaug\u0105 nuo dant\u0173 ertmi\u0173 susidarymo. Nat\u016brali stevija, vitaminas E ir polifenoliai (eukaliptolis, timolis ir anetolis) apsaugo dantenas. WhiTanine (kalcio \/ magnio \/ cinko hidroksiapatitas + tanaz\u0117) unikali balinimo ir emalio stiprinimo sistema regeneruoja emal\u012f, apsaugo sveik\u0105 burnos ertm\u0119, \u0161velniai balina ir poliruoja dant\u0173 emal\u012f suteikiant nuostabaus blizgesio. 97,6 % NAT\u016aRALUS. KLINI\u0160KAI PATVIRTINTA.<\/div>\n<div class=\"ipab_box active\">BE FLUORO<\/div>\n<div>220 ml<\/div>\n<\/div>\n<\/div>\n","protected":false},"excerpt":{"rendered":"<p>NNOVA ABRASIVE-FREE \u201cLIQUID ENAMEL\u201d SUSPENSION burnos skalavimo skystis su veiksmingu hidroksiapatito veiklios nano formos d\u0117ka giliai prasiskverbia \u012f atvirus dentino kanal\u0117lius (mikroskopinius kanalus, pasklindan\u010dius nuo emalio pavir\u0161iaus apa\u010dios \u012f danties vid\u0173, vadinam\u0105 mink\u0161timu) ir juos pilnai u\u017epildo, stiprina emal\u012f ir ma\u017eina padid\u0117jus\u012f dant\u0173, taip pat ir kaklelio srities jautrum\u0105. \u0160iame emal\u012f stiprinan\u010diame ir regeneruojan\u010diame burnos [&hellip;]<\/p>\n","protected":false},"featured_media":2635,"comment_status":"open","ping_status":"closed","template":"","meta":{"ocean_post_layout":"","ocean_both_sidebars_style":"","ocean_both_sidebars_content_width":0,"ocean_both_sidebars_sidebars_width":0,"ocean_sidebar":"","ocean_second_sidebar":"","ocean_disable_margins":"enable","ocean_add_body_class":"","ocean_shortcode_before_top_bar":"","ocean_shortcode_after_top_bar":"","ocean_shortcode_before_header":"","ocean_shortcode_after_header":"","ocean_has_shortcode":"","ocean_shortcode_after_title":"","ocean_shortcode_before_footer_widgets":"","ocean_shortcode_after_footer_widgets":"","ocean_shortcode_before_footer_bottom":"","ocean_shortcode_after_footer_bottom":"","ocean_display_top_bar":"default","ocean_display_header":"default","ocean_header_style":"","ocean_center_header_left_menu":"","ocean_custom_header_template":"","ocean_custom_logo":0,"ocean_custom_retina_logo":0,"ocean_custom_logo_max_width":0,"ocean_custom_logo_tablet_max_width":0,"ocean_custom_logo_mobile_max_width":0,"ocean_custom_logo_max_height":0,"ocean_custom_logo_tablet_max_height":0,"ocean_custom_logo_mobile_max_height":0,"ocean_header_custom_menu":"","ocean_menu_typo_font_family":"","ocean_menu_typo_font_subset":"","ocean_menu_typo_font_size":0,"ocean_menu_typo_font_size_tablet":0,"ocean_menu_typo_font_size_mobile":0,"ocean_menu_typo_font_size_unit":"px","ocean_menu_typo_font_weight":"","ocean_menu_typo_font_weight_tablet":"","ocean_menu_typo_font_weight_mobile":"","ocean_menu_typo_transform":"","ocean_menu_typo_transform_tablet":"","ocean_menu_typo_transform_mobile":"","ocean_menu_typo_line_height":0,"ocean_menu_typo_line_height_tablet":0,"ocean_menu_typo_line_height_mobile":0,"ocean_menu_typo_line_height_unit":"","ocean_menu_typo_spacing":0,"ocean_menu_typo_spacing_tablet":0,"ocean_menu_typo_spacing_mobile":0,"ocean_menu_typo_spacing_unit":"","ocean_menu_link_color":"","ocean_menu_link_color_hover":"","ocean_menu_link_color_active":"","ocean_menu_link_background":"","ocean_menu_link_hover_background":"","ocean_menu_link_active_background":"","ocean_menu_social_links_bg":"","ocean_menu_social_hover_links_bg":"","ocean_menu_social_links_color":"","ocean_menu_social_hover_links_color":"","ocean_disable_title":"default","ocean_disable_heading":"default","ocean_post_title":"","ocean_post_subheading":"","ocean_post_title_style":"","ocean_post_title_background_color":"","ocean_post_title_background":0,"ocean_post_title_bg_image_position":"","ocean_post_title_bg_image_attachment":"","ocean_post_title_bg_image_repeat":"","ocean_post_title_bg_image_size":"","ocean_post_title_height":0,"ocean_post_title_bg_overlay":0.5,"ocean_post_title_bg_overlay_color":"","ocean_disable_breadcrumbs":"default","ocean_breadcrumbs_color":"","ocean_breadcrumbs_separator_color":"","ocean_breadcrumbs_links_color":"","ocean_breadcrumbs_links_hover_color":"","ocean_display_footer_widgets":"default","ocean_display_footer_bottom":"default","ocean_custom_footer_template":""},"product_brand":[],"product_cat":[15],"product_tag":[],"class_list":{"0":"post-2605","1":"product","2":"type-product","3":"status-publish","4":"has-post-thumbnail","6":"product_cat-be-kategorijos","8":"entry","9":"has-media","11":"first","12":"instock","13":"shipping-taxable","14":"product-type-simple","15":"has-product-nav","16":"col","17":"span_1_of_4","18":"owp-content-center","19":"item-entry","20":"owp-thumbs-layout-vertical","21":"owp-btn-normal","22":"owp-tabs-layout-vertical","23":"has-no-thumbnails","25":"circle-sale"},"_links":{"self":[{"href":"https:\/\/almedica.lv\/index.php\/wp-json\/wp\/v2\/product\/2605","targetHints":{"allow":["GET"]}}],"collection":[{"href":"https:\/\/almedica.lv\/index.php\/wp-json\/wp\/v2\/product"}],"about":[{"href":"https:\/\/almedica.lv\/index.php\/wp-json\/wp\/v2\/types\/product"}],"replies":[{"embeddable":true,"href":"https:\/\/almedica.lv\/index.php\/wp-json\/wp\/v2\/comments?post=2605"}],"wp:featuredmedia":[{"embeddable":true,"href":"https:\/\/almedica.lv\/index.php\/wp-json\/wp\/v2\/media\/2635"}],"wp:attachment":[{"href":"https:\/\/almedica.lv\/index.php\/wp-json\/wp\/v2\/media?parent=2605"}],"wp:term":[{"taxonomy":"product_brand","embeddable":true,"href":"https:\/\/almedica.lv\/index.php\/wp-json\/wp\/v2\/product_brand?post=2605"},{"taxonomy":"product_cat","embeddable":true,"href":"https:\/\/almedica.lv\/index.php\/wp-json\/wp\/v2\/product_cat?post=2605"},{"taxonomy":"product_tag","embeddable":true,"href":"https:\/\/almedica.lv\/index.php\/wp-json\/wp\/v2\/product_tag?post=2605"}],"curies":[{"name":"wp","href":"https:\/\/api.w.org\/{rel}","templated":true}]}}