{"id":2611,"date":"2023-08-31T13:43:38","date_gmt":"2023-08-31T13:43:38","guid":{"rendered":"https:\/\/almedica.lv\/?post_type=product&#038;p=2611"},"modified":"2023-08-31T13:43:55","modified_gmt":"2023-08-31T13:43:55","slug":"burnos-irigatorius-waterpik-wp-160-ultra-plus","status":"publish","type":"product","link":"https:\/\/almedica.lv\/index.php\/produktas\/burnos-irigatorius-waterpik-wp-160-ultra-plus\/","title":{"rendered":"Burnos irigatorius Waterpik WP-160 ULTRA PLUS"},"content":{"rendered":"<p><strong>Charakteristikos:<br \/>\n<\/strong><br \/>\n\u2022\u00a0Tobulesn\u0117 vandens sl\u0117gio reguliavimo sistema: de\u0161imt srov\u0117s stiprumo lygi\u0173 nuo 10 iki 100 psi<br \/>\n\u2022\u00a0Kompakti\u0161kesnis ir tylesnis nei ankstesnieji modeliai.<br \/>\n\u2022\u00a0Septyni irigatoriaus antgaliai. JT(2vnt.), OD, PS, TB, TC, PP.<br \/>\n\u2022\u00a0Vandens talpa, kurios u\u017etenka 90 sekund\u017ei\u0173.<br \/>\n\u2022 ON\/OFF mygtukas ant ranken\u0117l\u0117s.<br \/>\n\u2022 Rezervuaro talpa 651 ml<br \/>\n\u2022\u00a0Rezervuaro dangtelyje galima susid\u0117ti antgalius.<br \/>\n\u2022\u00a0Antgalis gali b\u016bti pasukamas 360 laipsniu kampu.<\/p>\n<p><strong>Komplekte rasite:<br \/>\n<\/strong><br \/>\n\u2022 Standartin\u012f antgal\u012f JT-100E, 2 vnt.\u00a0Kasdienei burnos higienos prie\u017ei\u016brai<br \/>\n\u2022 Lie\u017euvio valikl\u012f TC-100E, 1 vnt. Blog\u0105 kvap\u0105 sukelian\u010di\u0173 bakterij\u0173 \u0161alinimui<br \/>\n\u2022 Antgaliuk\u0105 Pik Pocket PP-2, 1 vnt. Danten\u0173 ki\u0161eni\u0173 praplovimui<br \/>\n\u2022 Ortodontin\u012f antgal\u012f OD-100E, 1 vnt. Sunkiai pasiekiam\u0173 viet\u0173 aplink breketus ir kitus protezus valymui<br \/>\n\u2022 Plaque Seeker\u2122 Tip PS-100E, 1 vnt. Sunkiai pasiekiam\u0173 dant\u0173 apna\u0161\u0173 valymui ir implant\u0173 prie\u017ei\u016brai<br \/>\n\u2022 Dant\u0173 \u0161epet\u0117l\u012f TB-100E 1vnt. Tradicinis dant\u0173 \u0161epet\u0117lis. Galima naudoti su dant\u0173 pasta. Rekomenduojama keisti kas 3 m\u0117n.<\/p>\n","protected":false},"excerpt":{"rendered":"<p>Charakteristikos: \u2022\u00a0Tobulesn\u0117 vandens sl\u0117gio reguliavimo sistema: de\u0161imt srov\u0117s stiprumo lygi\u0173 nuo 10 iki 100 psi \u2022\u00a0Kompakti\u0161kesnis ir tylesnis nei ankstesnieji modeliai. \u2022\u00a0Septyni irigatoriaus antgaliai. JT(2vnt.), OD, PS, TB, TC, PP. \u2022\u00a0Vandens talpa, kurios u\u017etenka 90 sekund\u017ei\u0173. \u2022 ON\/OFF mygtukas ant ranken\u0117l\u0117s. \u2022 Rezervuaro talpa 651 ml \u2022\u00a0Rezervuaro dangtelyje galima susid\u0117ti antgalius. \u2022\u00a0Antgalis gali b\u016bti pasukamas [&hellip;]<\/p>\n","protected":false},"featured_media":2639,"comment_status":"open","ping_status":"closed","template":"","meta":{"ocean_post_layout":"","ocean_both_sidebars_style":"","ocean_both_sidebars_content_width":0,"ocean_both_sidebars_sidebars_width":0,"ocean_sidebar":"","ocean_second_sidebar":"","ocean_disable_margins":"enable","ocean_add_body_class":"","ocean_shortcode_before_top_bar":"","ocean_shortcode_after_top_bar":"","ocean_shortcode_before_header":"","ocean_shortcode_after_header":"","ocean_has_shortcode":"","ocean_shortcode_after_title":"","ocean_shortcode_before_footer_widgets":"","ocean_shortcode_after_footer_widgets":"","ocean_shortcode_before_footer_bottom":"","ocean_shortcode_after_footer_bottom":"","ocean_display_top_bar":"default","ocean_display_header":"default","ocean_header_style":"","ocean_center_header_left_menu":"","ocean_custom_header_template":"","ocean_custom_logo":0,"ocean_custom_retina_logo":0,"ocean_custom_logo_max_width":0,"ocean_custom_logo_tablet_max_width":0,"ocean_custom_logo_mobile_max_width":0,"ocean_custom_logo_max_height":0,"ocean_custom_logo_tablet_max_height":0,"ocean_custom_logo_mobile_max_height":0,"ocean_header_custom_menu":"","ocean_menu_typo_font_family":"","ocean_menu_typo_font_subset":"","ocean_menu_typo_font_size":0,"ocean_menu_typo_font_size_tablet":0,"ocean_menu_typo_font_size_mobile":0,"ocean_menu_typo_font_size_unit":"px","ocean_menu_typo_font_weight":"","ocean_menu_typo_font_weight_tablet":"","ocean_menu_typo_font_weight_mobile":"","ocean_menu_typo_transform":"","ocean_menu_typo_transform_tablet":"","ocean_menu_typo_transform_mobile":"","ocean_menu_typo_line_height":0,"ocean_menu_typo_line_height_tablet":0,"ocean_menu_typo_line_height_mobile":0,"ocean_menu_typo_line_height_unit":"","ocean_menu_typo_spacing":0,"ocean_menu_typo_spacing_tablet":0,"ocean_menu_typo_spacing_mobile":0,"ocean_menu_typo_spacing_unit":"","ocean_menu_link_color":"","ocean_menu_link_color_hover":"","ocean_menu_link_color_active":"","ocean_menu_link_background":"","ocean_menu_link_hover_background":"","ocean_menu_link_active_background":"","ocean_menu_social_links_bg":"","ocean_menu_social_hover_links_bg":"","ocean_menu_social_links_color":"","ocean_menu_social_hover_links_color":"","ocean_disable_title":"default","ocean_disable_heading":"default","ocean_post_title":"","ocean_post_subheading":"","ocean_post_title_style":"","ocean_post_title_background_color":"","ocean_post_title_background":0,"ocean_post_title_bg_image_position":"","ocean_post_title_bg_image_attachment":"","ocean_post_title_bg_image_repeat":"","ocean_post_title_bg_image_size":"","ocean_post_title_height":0,"ocean_post_title_bg_overlay":0.5,"ocean_post_title_bg_overlay_color":"","ocean_disable_breadcrumbs":"default","ocean_breadcrumbs_color":"","ocean_breadcrumbs_separator_color":"","ocean_breadcrumbs_links_color":"","ocean_breadcrumbs_links_hover_color":"","ocean_display_footer_widgets":"default","ocean_display_footer_bottom":"default","ocean_custom_footer_template":""},"product_brand":[],"product_cat":[15],"product_tag":[],"class_list":{"0":"post-2611","1":"product","2":"type-product","3":"status-publish","4":"has-post-thumbnail","6":"product_cat-be-kategorijos","8":"entry","9":"has-media","11":"first","12":"instock","13":"shipping-taxable","14":"product-type-simple","15":"has-product-nav","16":"col","17":"span_1_of_4","18":"owp-content-center","19":"item-entry","20":"owp-thumbs-layout-vertical","21":"owp-btn-normal","22":"owp-tabs-layout-vertical","23":"has-no-thumbnails","25":"circle-sale"},"_links":{"self":[{"href":"https:\/\/almedica.lv\/index.php\/wp-json\/wp\/v2\/product\/2611","targetHints":{"allow":["GET"]}}],"collection":[{"href":"https:\/\/almedica.lv\/index.php\/wp-json\/wp\/v2\/product"}],"about":[{"href":"https:\/\/almedica.lv\/index.php\/wp-json\/wp\/v2\/types\/product"}],"replies":[{"embeddable":true,"href":"https:\/\/almedica.lv\/index.php\/wp-json\/wp\/v2\/comments?post=2611"}],"wp:featuredmedia":[{"embeddable":true,"href":"https:\/\/almedica.lv\/index.php\/wp-json\/wp\/v2\/media\/2639"}],"wp:attachment":[{"href":"https:\/\/almedica.lv\/index.php\/wp-json\/wp\/v2\/media?parent=2611"}],"wp:term":[{"taxonomy":"product_brand","embeddable":true,"href":"https:\/\/almedica.lv\/index.php\/wp-json\/wp\/v2\/product_brand?post=2611"},{"taxonomy":"product_cat","embeddable":true,"href":"https:\/\/almedica.lv\/index.php\/wp-json\/wp\/v2\/product_cat?post=2611"},{"taxonomy":"product_tag","embeddable":true,"href":"https:\/\/almedica.lv\/index.php\/wp-json\/wp\/v2\/product_tag?post=2611"}],"curies":[{"name":"wp","href":"https:\/\/api.w.org\/{rel}","templated":true}]}}