{"id":2707,"date":"2023-08-31T13:44:21","date_gmt":"2023-08-31T13:44:21","guid":{"rendered":"https:\/\/almedica.lv\/?post_type=product&#038;p=2707"},"modified":"2023-10-02T07:03:36","modified_gmt":"2023-10-02T07:03:36","slug":"calasept-kalcio-hidroksido-pasta-15-ml","status":"publish","type":"product","link":"https:\/\/almedica.lv\/index.php\/produktas\/calasept-kalcio-hidroksido-pasta-15-ml\/","title":{"rendered":"Calasept kalcija hidroks\u012bda pasta (1,5 ml)"},"content":{"rendered":"<p><span class=\"x193iq5w xeuugli x13faqbe x1vvkbs x1xmvt09 x1lliihq x1s928wv xhkezso x1gmr53x x1cpjm7i x1fgarty x1943h6x xudqn12 x3x7a5m x6prxxf xvq8zen xo1l8bm xzsf02u x1yc453h\" dir=\"auto\"><span class=\"HwtZe\" lang=\"lv\"><span class=\"jCAhz ChMk0b\"><span class=\"ryNqvb\">Calasept &#8211; kalcija hidroks\u012bda pasta.<\/span><\/span><\/span><\/span><\/p>\n<p><span class=\"x193iq5w xeuugli x13faqbe x1vvkbs x1xmvt09 x1lliihq x1s928wv xhkezso x1gmr53x x1cpjm7i x1fgarty x1943h6x xudqn12 x3x7a5m x6prxxf xvq8zen xo1l8bm xzsf02u x1yc453h\" dir=\"auto\"><span class=\"HwtZe\" lang=\"lv\"><span class=\"jCAhz ChMk0b\"><span class=\"ryNqvb\">Calasept ir \u013coti augsts kalcija hidroks\u012bda saturs (&gt;41%), t\u0101p\u0113c eso\u0161ie hidroksiljoni rada paaugstin\u0101tu pH 12,4.<\/span><\/span> <span class=\"jCAhz ChMk0b\"><span class=\"ryNqvb\">Tas nodro\u0161ina pretmikrobu efektu.<\/span><\/span> <span class=\"jCAhz ChMk0b\"><span class=\"ryNqvb\">Augst\u0101 kalcija hidroks\u012bda koncentr\u0101cija nodro\u0161ina Calasept iztur\u012bbu \u2013 tas atbr\u012bvo kalcija jonus ilgi p\u0113c uzkl\u0101\u0161anas.<\/span><\/span> <span class=\"jCAhz ChMk0b\"><span class=\"ryNqvb\">Calasept ir lieto\u0161anai gatava pasta nosl\u0113gt\u0101 \u0161\u013circ\u0113, ko uzkl\u0101j tie\u0161i caur adatu.<\/span><\/span><\/span><\/span><\/p>\n<p>1,5 ml<\/p>\n","protected":false},"excerpt":{"rendered":"<p>Calasept &#8211; kalcija hidroks\u012bda pasta. Calasept ir \u013coti augsts kalcija hidroks\u012bda saturs (&gt;41%), t\u0101p\u0113c eso\u0161ie hidroksiljoni rada paaugstin\u0101tu pH 12,4. Tas nodro\u0161ina pretmikrobu efektu. Augst\u0101 kalcija hidroks\u012bda koncentr\u0101cija nodro\u0161ina Calasept iztur\u012bbu \u2013 tas atbr\u012bvo kalcija jonus ilgi p\u0113c uzkl\u0101\u0161anas. Calasept ir lieto\u0161anai gatava pasta nosl\u0113gt\u0101 \u0161\u013circ\u0113, ko uzkl\u0101j tie\u0161i caur adatu. 1,5 ml<\/p>\n","protected":false},"featured_media":2747,"comment_status":"open","ping_status":"closed","template":"","meta":{"ocean_post_layout":"","ocean_both_sidebars_style":"","ocean_both_sidebars_content_width":0,"ocean_both_sidebars_sidebars_width":0,"ocean_sidebar":"0","ocean_second_sidebar":"0","ocean_disable_margins":"enable","ocean_add_body_class":"","ocean_shortcode_before_top_bar":"","ocean_shortcode_after_top_bar":"","ocean_shortcode_before_header":"","ocean_shortcode_after_header":"","ocean_has_shortcode":"","ocean_shortcode_after_title":"","ocean_shortcode_before_footer_widgets":"","ocean_shortcode_after_footer_widgets":"","ocean_shortcode_before_footer_bottom":"","ocean_shortcode_after_footer_bottom":"","ocean_display_top_bar":"default","ocean_display_header":"default","ocean_header_style":"","ocean_center_header_left_menu":"0","ocean_custom_header_template":"0","ocean_custom_logo":0,"ocean_custom_retina_logo":0,"ocean_custom_logo_max_width":0,"ocean_custom_logo_tablet_max_width":0,"ocean_custom_logo_mobile_max_width":0,"ocean_custom_logo_max_height":0,"ocean_custom_logo_tablet_max_height":0,"ocean_custom_logo_mobile_max_height":0,"ocean_header_custom_menu":"0","ocean_menu_typo_font_family":"0","ocean_menu_typo_font_subset":"","ocean_menu_typo_font_size":0,"ocean_menu_typo_font_size_tablet":0,"ocean_menu_typo_font_size_mobile":0,"ocean_menu_typo_font_size_unit":"px","ocean_menu_typo_font_weight":"","ocean_menu_typo_font_weight_tablet":"","ocean_menu_typo_font_weight_mobile":"","ocean_menu_typo_transform":"","ocean_menu_typo_transform_tablet":"","ocean_menu_typo_transform_mobile":"","ocean_menu_typo_line_height":0,"ocean_menu_typo_line_height_tablet":0,"ocean_menu_typo_line_height_mobile":0,"ocean_menu_typo_line_height_unit":"","ocean_menu_typo_spacing":0,"ocean_menu_typo_spacing_tablet":0,"ocean_menu_typo_spacing_mobile":0,"ocean_menu_typo_spacing_unit":"","ocean_menu_link_color":"","ocean_menu_link_color_hover":"","ocean_menu_link_color_active":"","ocean_menu_link_background":"","ocean_menu_link_hover_background":"","ocean_menu_link_active_background":"","ocean_menu_social_links_bg":"","ocean_menu_social_hover_links_bg":"","ocean_menu_social_links_color":"","ocean_menu_social_hover_links_color":"","ocean_disable_title":"default","ocean_disable_heading":"default","ocean_post_title":"","ocean_post_subheading":"","ocean_post_title_style":"","ocean_post_title_background_color":"","ocean_post_title_background":0,"ocean_post_title_bg_image_position":"","ocean_post_title_bg_image_attachment":"","ocean_post_title_bg_image_repeat":"","ocean_post_title_bg_image_size":"","ocean_post_title_height":0,"ocean_post_title_bg_overlay":0.5,"ocean_post_title_bg_overlay_color":"","ocean_disable_breadcrumbs":"default","ocean_breadcrumbs_color":"","ocean_breadcrumbs_separator_color":"","ocean_breadcrumbs_links_color":"","ocean_breadcrumbs_links_hover_color":"","ocean_display_footer_widgets":"default","ocean_display_footer_bottom":"default","ocean_custom_footer_template":"0"},"product_brand":[],"product_cat":[89,24],"product_tag":[],"class_list":{"0":"post-2707","1":"product","2":"type-product","3":"status-publish","4":"has-post-thumbnail","6":"product_cat-endodontija","7":"product_cat-stomatologiskie-materiali","9":"entry","10":"has-media","12":"first","13":"instock","14":"shipping-taxable","15":"product-type-simple","16":"has-product-nav","17":"col","18":"span_1_of_4","19":"owp-content-center","20":"item-entry","21":"owp-thumbs-layout-vertical","22":"owp-btn-normal","23":"owp-tabs-layout-vertical","24":"has-no-thumbnails","26":"circle-sale"},"_links":{"self":[{"href":"https:\/\/almedica.lv\/index.php\/wp-json\/wp\/v2\/product\/2707","targetHints":{"allow":["GET"]}}],"collection":[{"href":"https:\/\/almedica.lv\/index.php\/wp-json\/wp\/v2\/product"}],"about":[{"href":"https:\/\/almedica.lv\/index.php\/wp-json\/wp\/v2\/types\/product"}],"replies":[{"embeddable":true,"href":"https:\/\/almedica.lv\/index.php\/wp-json\/wp\/v2\/comments?post=2707"}],"wp:featuredmedia":[{"embeddable":true,"href":"https:\/\/almedica.lv\/index.php\/wp-json\/wp\/v2\/media\/2747"}],"wp:attachment":[{"href":"https:\/\/almedica.lv\/index.php\/wp-json\/wp\/v2\/media?parent=2707"}],"wp:term":[{"taxonomy":"product_brand","embeddable":true,"href":"https:\/\/almedica.lv\/index.php\/wp-json\/wp\/v2\/product_brand?post=2707"},{"taxonomy":"product_cat","embeddable":true,"href":"https:\/\/almedica.lv\/index.php\/wp-json\/wp\/v2\/product_cat?post=2707"},{"taxonomy":"product_tag","embeddable":true,"href":"https:\/\/almedica.lv\/index.php\/wp-json\/wp\/v2\/product_tag?post=2707"}],"curies":[{"name":"wp","href":"https:\/\/api.w.org\/{rel}","templated":true}]}}