{"id":2709,"date":"2023-08-31T13:44:21","date_gmt":"2023-08-31T13:44:21","guid":{"rendered":"https:\/\/almedica.lv\/?post_type=product&#038;p=2709"},"modified":"2023-09-29T10:20:23","modified_gmt":"2023-09-29T10:20:23","slug":"opalescence-balinamoji-dantu-pasta-100-ml-133-g","status":"publish","type":"product","link":"https:\/\/almedica.lv\/index.php\/produktas\/opalescence-balinamoji-dantu-pasta-100-ml-133-g\/","title":{"rendered":"Opalescence balino\u0161a zobu pasta 100 ml (133 g)"},"content":{"rendered":"<p><span class=\"HwtZe\" lang=\"lv\"><span class=\"jCAhz ChMk0b\"><span class=\"ryNqvb\">Balino\u0161a zobu pasta ikdienas zobu kop\u0161anai.<\/span><\/span><\/span><\/p>\n<p><span class=\"HwtZe\" lang=\"lv\"><span class=\"jCAhz ChMk0b\"><span class=\"ryNqvb\">Opalescences zobu pasta ne tikai balina zobus, bet ar\u012b ir svar\u012bga mutes dobuma higi\u0113nas rut\u012bnas sast\u0101vda\u013ca.<\/span><\/span> <span class=\"jCAhz ChMk0b\"><span class=\"ryNqvb\">Pateicoties \u012bpa\u0161ajai formulai, \u0161\u012b zobu pasta veicina fluora uzkr\u0101\u0161anos zobu emalj\u0101 4,8 reizes vair\u0101k nek\u0101 citas l\u012bdz\u012bgas zobu pastas, t\u0101p\u0113c t\u0101 nostiprina zobu emalju un aizsarg\u0101 pret kariesu.<\/span><\/span><\/span><\/p>\n<p><span class=\"HwtZe\" lang=\"lv\"><span class=\"jCAhz ChMk0b\"><span class=\"ryNqvb\">Opalescences zobu pastas RDA ir 90, t\u0101p\u0113c to var dro\u0161i lietot katru dienu.<\/span><\/span> <span class=\"jCAhz ChMk0b\"><span class=\"ryNqvb\">\u0160\u012b zobu pasta ir piem\u0113rota ar\u012b cilv\u0113kiem, kuri v\u0113las saglab\u0101t zobus baltus p\u0113c zobu balin\u0101\u0161anas proced\u016bras.<\/span><\/span> <span class=\"jCAhz ChMk0b\"><span class=\"ryNqvb\">Satur 1100 ppm n\u0101trija fluor\u012bda.<\/span><\/span><\/span><\/p>\n<p>100 ml\u00a0 (133 g)<\/p>\n<p>#whitening #teethwhitening<\/p>\n","protected":false},"excerpt":{"rendered":"<p>Balino\u0161a zobu pasta ikdienas zobu kop\u0161anai. Opalescences zobu pasta ne tikai balina zobus, bet ar\u012b ir svar\u012bga mutes dobuma higi\u0113nas rut\u012bnas sast\u0101vda\u013ca. Pateicoties \u012bpa\u0161ajai formulai, \u0161\u012b zobu pasta veicina fluora uzkr\u0101\u0161anos zobu emalj\u0101 4,8 reizes vair\u0101k nek\u0101 citas l\u012bdz\u012bgas zobu pastas, t\u0101p\u0113c t\u0101 nostiprina zobu emalju un aizsarg\u0101 pret kariesu. Opalescences zobu pastas RDA ir [&hellip;]<\/p>\n","protected":false},"featured_media":2768,"comment_status":"open","ping_status":"closed","template":"","meta":{"ocean_post_layout":"","ocean_both_sidebars_style":"","ocean_both_sidebars_content_width":0,"ocean_both_sidebars_sidebars_width":0,"ocean_sidebar":"0","ocean_second_sidebar":"0","ocean_disable_margins":"enable","ocean_add_body_class":"","ocean_shortcode_before_top_bar":"","ocean_shortcode_after_top_bar":"","ocean_shortcode_before_header":"","ocean_shortcode_after_header":"","ocean_has_shortcode":"","ocean_shortcode_after_title":"","ocean_shortcode_before_footer_widgets":"","ocean_shortcode_after_footer_widgets":"","ocean_shortcode_before_footer_bottom":"","ocean_shortcode_after_footer_bottom":"","ocean_display_top_bar":"default","ocean_display_header":"default","ocean_header_style":"","ocean_center_header_left_menu":"0","ocean_custom_header_template":"0","ocean_custom_logo":0,"ocean_custom_retina_logo":0,"ocean_custom_logo_max_width":0,"ocean_custom_logo_tablet_max_width":0,"ocean_custom_logo_mobile_max_width":0,"ocean_custom_logo_max_height":0,"ocean_custom_logo_tablet_max_height":0,"ocean_custom_logo_mobile_max_height":0,"ocean_header_custom_menu":"0","ocean_menu_typo_font_family":"0","ocean_menu_typo_font_subset":"","ocean_menu_typo_font_size":0,"ocean_menu_typo_font_size_tablet":0,"ocean_menu_typo_font_size_mobile":0,"ocean_menu_typo_font_size_unit":"px","ocean_menu_typo_font_weight":"","ocean_menu_typo_font_weight_tablet":"","ocean_menu_typo_font_weight_mobile":"","ocean_menu_typo_transform":"","ocean_menu_typo_transform_tablet":"","ocean_menu_typo_transform_mobile":"","ocean_menu_typo_line_height":0,"ocean_menu_typo_line_height_tablet":0,"ocean_menu_typo_line_height_mobile":0,"ocean_menu_typo_line_height_unit":"","ocean_menu_typo_spacing":0,"ocean_menu_typo_spacing_tablet":0,"ocean_menu_typo_spacing_mobile":0,"ocean_menu_typo_spacing_unit":"","ocean_menu_link_color":"","ocean_menu_link_color_hover":"","ocean_menu_link_color_active":"","ocean_menu_link_background":"","ocean_menu_link_hover_background":"","ocean_menu_link_active_background":"","ocean_menu_social_links_bg":"","ocean_menu_social_hover_links_bg":"","ocean_menu_social_links_color":"","ocean_menu_social_hover_links_color":"","ocean_disable_title":"default","ocean_disable_heading":"default","ocean_post_title":"","ocean_post_subheading":"","ocean_post_title_style":"","ocean_post_title_background_color":"","ocean_post_title_background":0,"ocean_post_title_bg_image_position":"","ocean_post_title_bg_image_attachment":"","ocean_post_title_bg_image_repeat":"","ocean_post_title_bg_image_size":"","ocean_post_title_height":0,"ocean_post_title_bg_overlay":0.5,"ocean_post_title_bg_overlay_color":"","ocean_disable_breadcrumbs":"default","ocean_breadcrumbs_color":"","ocean_breadcrumbs_separator_color":"","ocean_breadcrumbs_links_color":"","ocean_breadcrumbs_links_hover_color":"","ocean_display_footer_widgets":"default","ocean_display_footer_bottom":"default","ocean_custom_footer_template":"0"},"product_brand":[],"product_cat":[110,26,103],"product_tag":[],"class_list":{"0":"post-2709","1":"product","2":"type-product","3":"status-publish","4":"has-post-thumbnail","6":"product_cat-zobu-balinasana-zobu-higienai","7":"product_cat-zobu-higienai","8":"product_cat-zobu-pastas","10":"entry","11":"has-media","13":"first","14":"instock","15":"sale","16":"shipping-taxable","17":"product-type-simple","18":"has-product-nav","19":"col","20":"span_1_of_4","21":"owp-content-center","22":"item-entry","23":"owp-thumbs-layout-vertical","24":"owp-btn-normal","25":"owp-tabs-layout-vertical","26":"has-no-thumbnails","28":"circle-sale"},"_links":{"self":[{"href":"https:\/\/almedica.lv\/index.php\/wp-json\/wp\/v2\/product\/2709","targetHints":{"allow":["GET"]}}],"collection":[{"href":"https:\/\/almedica.lv\/index.php\/wp-json\/wp\/v2\/product"}],"about":[{"href":"https:\/\/almedica.lv\/index.php\/wp-json\/wp\/v2\/types\/product"}],"replies":[{"embeddable":true,"href":"https:\/\/almedica.lv\/index.php\/wp-json\/wp\/v2\/comments?post=2709"}],"wp:featuredmedia":[{"embeddable":true,"href":"https:\/\/almedica.lv\/index.php\/wp-json\/wp\/v2\/media\/2768"}],"wp:attachment":[{"href":"https:\/\/almedica.lv\/index.php\/wp-json\/wp\/v2\/media?parent=2709"}],"wp:term":[{"taxonomy":"product_brand","embeddable":true,"href":"https:\/\/almedica.lv\/index.php\/wp-json\/wp\/v2\/product_brand?post=2709"},{"taxonomy":"product_cat","embeddable":true,"href":"https:\/\/almedica.lv\/index.php\/wp-json\/wp\/v2\/product_cat?post=2709"},{"taxonomy":"product_tag","embeddable":true,"href":"https:\/\/almedica.lv\/index.php\/wp-json\/wp\/v2\/product_tag?post=2709"}],"curies":[{"name":"wp","href":"https:\/\/api.w.org\/{rel}","templated":true}]}}