{"id":2716,"date":"2023-08-31T13:44:21","date_gmt":"2023-08-31T13:44:21","guid":{"rendered":"https:\/\/almedica.lv\/?post_type=product&#038;p=2716"},"modified":"2023-09-29T10:26:46","modified_gmt":"2023-09-29T10:26:46","slug":"futurabond-u-surisejas-vienkartines-dozes","status":"publish","type":"product","link":"https:\/\/almedica.lv\/index.php\/produktas\/futurabond-u-surisejas-vienkartines-dozes\/","title":{"rendered":"Futurabond U saistviela (vienas devas)"},"content":{"rendered":"<p><span class=\"HwtZe\" lang=\"lv\"><span class=\"jCAhz ChMk0b\"><span class=\"ryNqvb\">Dubulti ciet\u0113jo\u0161\u0101 univers\u0101l\u0101 saistviela Futurabond U paredz\u0113ta lieto\u0161anai:<\/span><\/span><\/span><\/p>\n<ul>\n<li><span class=\"HwtZe\" lang=\"lv\"><span class=\"jCAhz ChMk0b\"><span class=\"ryNqvb\">Viegli ciet\u0113jamu kompoz\u012btmateri\u0101lu restaur\u0101ciju sa\u0137ere.<\/span><\/span> <\/span><\/li>\n<li><span class=\"HwtZe\" lang=\"lv\"><span class=\"jCAhz ChMk0b\"><span class=\"ryNqvb\">Netie\u0161o restaur\u0101ciju adh\u0113zijai, izmantojot gaism\u0101 ciet\u0113jo\u0161us l\u012bm\u0113jo\u0161os kompoz\u012btmateri\u0101lus.<\/span><\/span> <\/span><\/li>\n<li><span class=\"HwtZe\" lang=\"lv\"><span class=\"jCAhz ChMk0b\"><span class=\"ryNqvb\">Kompoz\u012btmateri\u0101lu, kompom\u0113ru vai Ormocer\u00ae restaur\u0101ciju, keramikas finiera un pilnkeramikas restaur\u0101ciju intraor\u0101lajam remontam bez papildu gruntskr\u0101sas.<\/span><\/span> <\/span><\/li>\n<li><span class=\"HwtZe\" lang=\"lv\"><span class=\"jCAhz ChMk0b\"><span class=\"ryNqvb\">Jut\u012bgu zobu kakli\u0146u \u0101rst\u0113\u0161anai.<\/span><\/span> <\/span><\/li>\n<li><span class=\"HwtZe\" lang=\"lv\"><span class=\"jCAhz ChMk0b\"><span class=\"ryNqvb\">Aizsarglaka stikla jonom\u0113ra cementa restaur\u0101cij\u0101m.<\/span><\/span> <\/span><\/li>\n<li><span class=\"HwtZe\" lang=\"lv\"><span class=\"jCAhz ChMk0b\"><span class=\"ryNqvb\">Dobumu bl\u012bv\u0113\u0161anai pirms pild\u012b\u0161anas ar amalgam\u0101m.<\/span><\/span> <\/span><\/li>\n<li><span class=\"HwtZe\" lang=\"lv\"><span class=\"jCAhz ChMk0b\"><span class=\"ryNqvb\">Dobumu bl\u012bv\u0113\u0161anai un abatmentu sagatavo\u0161anai pirms netie\u0161o restaur\u0101ciju pagaidu cement\u0113\u0161anas.<\/span><\/span> <\/span><\/li>\n<li><span class=\"HwtZe\" lang=\"lv\"><span class=\"jCAhz ChMk0b\"><span class=\"ryNqvb\">Visu kla\u0161u dobuma sa\u0137erei tie\u0161\u0101s pa\u0161saciet\u0113\u0161anas vai dubultsaciet\u0113\u0161anas restaur\u0101cij\u0101m un caurteku restaur\u0101cij\u0101m.<\/span><\/span> <\/span><\/li>\n<li><span class=\"HwtZe\" lang=\"lv\"><span class=\"jCAhz ChMk0b\"><span class=\"ryNqvb\">Netie\u0161o restaur\u0101ciju adh\u0113zijai, izmantojot divk\u0101r\u0161\u0101s ciet\u0113\u0161anas vai pa\u0161ciet\u0113\u0161anas cement\u0113\u0161anas kompoz\u012btmateri\u0101lus.<\/span><\/span> <\/span><\/li>\n<li><span class=\"HwtZe\" lang=\"lv\"><span class=\"jCAhz ChMk0b\"><span class=\"ryNqvb\">Sak\u0146u stabu cement\u0113\u0161anai ar dubultciet\u0113\u0161anas vai pa\u0161ciet\u0113\u0161anas cement\u0113\u0161anas kompoz\u012btmateri\u0101liem.<\/span><\/span><\/span><\/li>\n<\/ul>\n<p><span class=\"HwtZe\" lang=\"lv\"><span class=\"jCAhz ChMk0b\"><span class=\"ryNqvb\">Iepakojum\u0101: vienreiz\u0113ja deva, 1 gab.<\/span><\/span><\/span><\/p>\n","protected":false},"excerpt":{"rendered":"<p>Dubulti ciet\u0113jo\u0161\u0101 univers\u0101l\u0101 saistviela Futurabond U paredz\u0113ta lieto\u0161anai: Viegli ciet\u0113jamu kompoz\u012btmateri\u0101lu restaur\u0101ciju sa\u0137ere. Netie\u0161o restaur\u0101ciju adh\u0113zijai, izmantojot gaism\u0101 ciet\u0113jo\u0161us l\u012bm\u0113jo\u0161os kompoz\u012btmateri\u0101lus. Kompoz\u012btmateri\u0101lu, kompom\u0113ru vai Ormocer\u00ae restaur\u0101ciju, keramikas finiera un pilnkeramikas restaur\u0101ciju intraor\u0101lajam remontam bez papildu gruntskr\u0101sas. Jut\u012bgu zobu kakli\u0146u \u0101rst\u0113\u0161anai. Aizsarglaka stikla jonom\u0113ra cementa restaur\u0101cij\u0101m. Dobumu bl\u012bv\u0113\u0161anai pirms pild\u012b\u0161anas ar amalgam\u0101m. Dobumu bl\u012bv\u0113\u0161anai un abatmentu [&hellip;]<\/p>\n","protected":false},"featured_media":2775,"comment_status":"open","ping_status":"closed","template":"","meta":{"ocean_post_layout":"","ocean_both_sidebars_style":"","ocean_both_sidebars_content_width":0,"ocean_both_sidebars_sidebars_width":0,"ocean_sidebar":"0","ocean_second_sidebar":"0","ocean_disable_margins":"enable","ocean_add_body_class":"","ocean_shortcode_before_top_bar":"","ocean_shortcode_after_top_bar":"","ocean_shortcode_before_header":"","ocean_shortcode_after_header":"","ocean_has_shortcode":"","ocean_shortcode_after_title":"","ocean_shortcode_before_footer_widgets":"","ocean_shortcode_after_footer_widgets":"","ocean_shortcode_before_footer_bottom":"","ocean_shortcode_after_footer_bottom":"","ocean_display_top_bar":"default","ocean_display_header":"default","ocean_header_style":"","ocean_center_header_left_menu":"0","ocean_custom_header_template":"0","ocean_custom_logo":0,"ocean_custom_retina_logo":0,"ocean_custom_logo_max_width":0,"ocean_custom_logo_tablet_max_width":0,"ocean_custom_logo_mobile_max_width":0,"ocean_custom_logo_max_height":0,"ocean_custom_logo_tablet_max_height":0,"ocean_custom_logo_mobile_max_height":0,"ocean_header_custom_menu":"0","ocean_menu_typo_font_family":"0","ocean_menu_typo_font_subset":"","ocean_menu_typo_font_size":0,"ocean_menu_typo_font_size_tablet":0,"ocean_menu_typo_font_size_mobile":0,"ocean_menu_typo_font_size_unit":"px","ocean_menu_typo_font_weight":"","ocean_menu_typo_font_weight_tablet":"","ocean_menu_typo_font_weight_mobile":"","ocean_menu_typo_transform":"","ocean_menu_typo_transform_tablet":"","ocean_menu_typo_transform_mobile":"","ocean_menu_typo_line_height":0,"ocean_menu_typo_line_height_tablet":0,"ocean_menu_typo_line_height_mobile":0,"ocean_menu_typo_line_height_unit":"","ocean_menu_typo_spacing":0,"ocean_menu_typo_spacing_tablet":0,"ocean_menu_typo_spacing_mobile":0,"ocean_menu_typo_spacing_unit":"","ocean_menu_link_color":"","ocean_menu_link_color_hover":"","ocean_menu_link_color_active":"","ocean_menu_link_background":"","ocean_menu_link_hover_background":"","ocean_menu_link_active_background":"","ocean_menu_social_links_bg":"","ocean_menu_social_hover_links_bg":"","ocean_menu_social_links_color":"","ocean_menu_social_hover_links_color":"","ocean_disable_title":"default","ocean_disable_heading":"default","ocean_post_title":"","ocean_post_subheading":"","ocean_post_title_style":"","ocean_post_title_background_color":"","ocean_post_title_background":0,"ocean_post_title_bg_image_position":"","ocean_post_title_bg_image_attachment":"","ocean_post_title_bg_image_repeat":"","ocean_post_title_bg_image_size":"","ocean_post_title_height":0,"ocean_post_title_bg_overlay":0.5,"ocean_post_title_bg_overlay_color":"","ocean_disable_breadcrumbs":"default","ocean_breadcrumbs_color":"","ocean_breadcrumbs_separator_color":"","ocean_breadcrumbs_links_color":"","ocean_breadcrumbs_links_hover_color":"","ocean_display_footer_widgets":"default","ocean_display_footer_bottom":"default","ocean_custom_footer_template":"0"},"product_brand":[],"product_cat":[30,24],"product_tag":[],"class_list":{"0":"post-2716","1":"product","2":"type-product","3":"status-publish","4":"has-post-thumbnail","6":"product_cat-adhezivi","7":"product_cat-stomatologiskie-materiali","9":"entry","10":"has-media","12":"first","13":"instock","14":"shipping-taxable","15":"product-type-simple","16":"has-product-nav","17":"col","18":"span_1_of_4","19":"owp-content-center","20":"item-entry","21":"owp-thumbs-layout-vertical","22":"owp-btn-normal","23":"owp-tabs-layout-vertical","24":"has-no-thumbnails","26":"circle-sale"},"_links":{"self":[{"href":"https:\/\/almedica.lv\/index.php\/wp-json\/wp\/v2\/product\/2716","targetHints":{"allow":["GET"]}}],"collection":[{"href":"https:\/\/almedica.lv\/index.php\/wp-json\/wp\/v2\/product"}],"about":[{"href":"https:\/\/almedica.lv\/index.php\/wp-json\/wp\/v2\/types\/product"}],"replies":[{"embeddable":true,"href":"https:\/\/almedica.lv\/index.php\/wp-json\/wp\/v2\/comments?post=2716"}],"wp:featuredmedia":[{"embeddable":true,"href":"https:\/\/almedica.lv\/index.php\/wp-json\/wp\/v2\/media\/2775"}],"wp:attachment":[{"href":"https:\/\/almedica.lv\/index.php\/wp-json\/wp\/v2\/media?parent=2716"}],"wp:term":[{"taxonomy":"product_brand","embeddable":true,"href":"https:\/\/almedica.lv\/index.php\/wp-json\/wp\/v2\/product_brand?post=2716"},{"taxonomy":"product_cat","embeddable":true,"href":"https:\/\/almedica.lv\/index.php\/wp-json\/wp\/v2\/product_cat?post=2716"},{"taxonomy":"product_tag","embeddable":true,"href":"https:\/\/almedica.lv\/index.php\/wp-json\/wp\/v2\/product_tag?post=2716"}],"curies":[{"name":"wp","href":"https:\/\/api.w.org\/{rel}","templated":true}]}}