{"id":2850,"date":"2023-08-31T13:45:29","date_gmt":"2023-08-31T13:45:29","guid":{"rendered":"https:\/\/almedica.lv\/?post_type=product&#038;p=2850"},"modified":"2023-09-29T10:14:01","modified_gmt":"2023-09-29T10:14:01","slug":"alveolex-alveolito-profilaktikai-ir-gydymui-2-x-3-g","status":"publish","type":"product","link":"https:\/\/almedica.lv\/index.php\/produktas\/alveolex-alveolito-profilaktikai-ir-gydymui-2-x-3-g\/","title":{"rendered":"ALVEOLEX alveol\u012bta profilaksei un \u0101rst\u0113\u0161anai (2 x 3 g)"},"content":{"rendered":"<p><span class=\"HwtZe\" lang=\"lv\"><span class=\"jCAhz ChMk0b\"><span class=\"ryNqvb\">Alveol\u012bta profilaksei un \u0101rst\u0113\u0161anai: \u0101rstnieciska, anest\u0113zijas, pretiekaisuma un pretmikrobu iedarb\u012bba (ar propolisu, bez eugenola).<\/span><\/span> <span class=\"jCAhz ChMk0b\"><span class=\"ryNqvb\">Produkts ir efekt\u012bvs k\u0101 alveol\u012bta profilakses l\u012bdzeklis, veicina dz\u012b\u0161anu p\u0113c zoba izrau\u0161anas, mazina p\u0113coper\u0101cijas s\u0101pes, pal\u012bdz diab\u0113ta pacientu \u0101rst\u0113\u0161an\u0101 p\u0113c zoba izrau\u0161anas.<\/span><\/span><\/span><\/p>\n<p><span class=\"WdYUQQ text-decoration-none text-strikethrough-none\">2 x 3 g<\/span><\/p>\n","protected":false},"excerpt":{"rendered":"<p>Alveol\u012bta profilaksei un \u0101rst\u0113\u0161anai: \u0101rstnieciska, anest\u0113zijas, pretiekaisuma un pretmikrobu iedarb\u012bba (ar propolisu, bez eugenola). Produkts ir efekt\u012bvs k\u0101 alveol\u012bta profilakses l\u012bdzeklis, veicina dz\u012b\u0161anu p\u0113c zoba izrau\u0161anas, mazina p\u0113coper\u0101cijas s\u0101pes, pal\u012bdz diab\u0113ta pacientu \u0101rst\u0113\u0161an\u0101 p\u0113c zoba izrau\u0161anas. 2 x 3 g<\/p>\n","protected":false},"featured_media":2874,"comment_status":"open","ping_status":"closed","template":"","meta":{"ocean_post_layout":"","ocean_both_sidebars_style":"","ocean_both_sidebars_content_width":0,"ocean_both_sidebars_sidebars_width":0,"ocean_sidebar":"0","ocean_second_sidebar":"0","ocean_disable_margins":"enable","ocean_add_body_class":"","ocean_shortcode_before_top_bar":"","ocean_shortcode_after_top_bar":"","ocean_shortcode_before_header":"","ocean_shortcode_after_header":"","ocean_has_shortcode":"","ocean_shortcode_after_title":"","ocean_shortcode_before_footer_widgets":"","ocean_shortcode_after_footer_widgets":"","ocean_shortcode_before_footer_bottom":"","ocean_shortcode_after_footer_bottom":"","ocean_display_top_bar":"default","ocean_display_header":"default","ocean_header_style":"","ocean_center_header_left_menu":"0","ocean_custom_header_template":"0","ocean_custom_logo":0,"ocean_custom_retina_logo":0,"ocean_custom_logo_max_width":0,"ocean_custom_logo_tablet_max_width":0,"ocean_custom_logo_mobile_max_width":0,"ocean_custom_logo_max_height":0,"ocean_custom_logo_tablet_max_height":0,"ocean_custom_logo_mobile_max_height":0,"ocean_header_custom_menu":"0","ocean_menu_typo_font_family":"0","ocean_menu_typo_font_subset":"","ocean_menu_typo_font_size":0,"ocean_menu_typo_font_size_tablet":0,"ocean_menu_typo_font_size_mobile":0,"ocean_menu_typo_font_size_unit":"px","ocean_menu_typo_font_weight":"","ocean_menu_typo_font_weight_tablet":"","ocean_menu_typo_font_weight_mobile":"","ocean_menu_typo_transform":"","ocean_menu_typo_transform_tablet":"","ocean_menu_typo_transform_mobile":"","ocean_menu_typo_line_height":0,"ocean_menu_typo_line_height_tablet":0,"ocean_menu_typo_line_height_mobile":0,"ocean_menu_typo_line_height_unit":"","ocean_menu_typo_spacing":0,"ocean_menu_typo_spacing_tablet":0,"ocean_menu_typo_spacing_mobile":0,"ocean_menu_typo_spacing_unit":"","ocean_menu_link_color":"","ocean_menu_link_color_hover":"","ocean_menu_link_color_active":"","ocean_menu_link_background":"","ocean_menu_link_hover_background":"","ocean_menu_link_active_background":"","ocean_menu_social_links_bg":"","ocean_menu_social_hover_links_bg":"","ocean_menu_social_links_color":"","ocean_menu_social_hover_links_color":"","ocean_disable_title":"default","ocean_disable_heading":"default","ocean_post_title":"","ocean_post_subheading":"","ocean_post_title_style":"","ocean_post_title_background_color":"","ocean_post_title_background":0,"ocean_post_title_bg_image_position":"","ocean_post_title_bg_image_attachment":"","ocean_post_title_bg_image_repeat":"","ocean_post_title_bg_image_size":"","ocean_post_title_height":0,"ocean_post_title_bg_overlay":0.5,"ocean_post_title_bg_overlay_color":"","ocean_disable_breadcrumbs":"default","ocean_breadcrumbs_color":"","ocean_breadcrumbs_separator_color":"","ocean_breadcrumbs_links_color":"","ocean_breadcrumbs_links_hover_color":"","ocean_display_footer_widgets":"default","ocean_display_footer_bottom":"default","ocean_custom_footer_template":"0"},"product_brand":[],"product_cat":[90,112,24],"product_tag":[],"class_list":{"0":"post-2850","1":"product","2":"type-product","3":"status-publish","4":"has-post-thumbnail","6":"product_cat-asinsapturosie-alveolita-arstesanas-un-retrakcijas-lidzekli","7":"product_cat-biodinamica","8":"product_cat-stomatologiskie-materiali","10":"entry","11":"has-media","13":"first","14":"instock","15":"shipping-taxable","16":"product-type-simple","17":"has-product-nav","18":"col","19":"span_1_of_4","20":"owp-content-center","21":"item-entry","22":"owp-thumbs-layout-vertical","23":"owp-btn-normal","24":"owp-tabs-layout-vertical","25":"has-no-thumbnails","27":"circle-sale"},"_links":{"self":[{"href":"https:\/\/almedica.lv\/index.php\/wp-json\/wp\/v2\/product\/2850","targetHints":{"allow":["GET"]}}],"collection":[{"href":"https:\/\/almedica.lv\/index.php\/wp-json\/wp\/v2\/product"}],"about":[{"href":"https:\/\/almedica.lv\/index.php\/wp-json\/wp\/v2\/types\/product"}],"replies":[{"embeddable":true,"href":"https:\/\/almedica.lv\/index.php\/wp-json\/wp\/v2\/comments?post=2850"}],"wp:featuredmedia":[{"embeddable":true,"href":"https:\/\/almedica.lv\/index.php\/wp-json\/wp\/v2\/media\/2874"}],"wp:attachment":[{"href":"https:\/\/almedica.lv\/index.php\/wp-json\/wp\/v2\/media?parent=2850"}],"wp:term":[{"taxonomy":"product_brand","embeddable":true,"href":"https:\/\/almedica.lv\/index.php\/wp-json\/wp\/v2\/product_brand?post=2850"},{"taxonomy":"product_cat","embeddable":true,"href":"https:\/\/almedica.lv\/index.php\/wp-json\/wp\/v2\/product_cat?post=2850"},{"taxonomy":"product_tag","embeddable":true,"href":"https:\/\/almedica.lv\/index.php\/wp-json\/wp\/v2\/product_tag?post=2850"}],"curies":[{"name":"wp","href":"https:\/\/api.w.org\/{rel}","templated":true}]}}