{"id":2891,"date":"2023-08-31T13:45:52","date_gmt":"2023-08-31T13:45:52","guid":{"rendered":"https:\/\/almedica.lv\/?post_type=product&#038;p=2891"},"modified":"2023-09-29T06:31:18","modified_gmt":"2023-09-29T06:31:18","slug":"blancone-duetto-dantu-pastu-rinkinys-skirtas-dantu-prieziurai-ir-dantu-balinimui-2x75ml","status":"publish","type":"product","link":"https:\/\/almedica.lv\/index.php\/produktas\/blancone-duetto-dantu-pastu-rinkinys-skirtas-dantu-prieziurai-ir-dantu-balinimui-2x75ml\/","title":{"rendered":"BlancOne Duetto zobu pastas komplekts zobu kop\u0161anai un zobu balin\u0101\u0161anai 2x75ml"},"content":{"rendered":"<p class=\"_04xlpA direction-ltr align-start para-style-body\"><span class=\"WdYUQQ text-decoration-none text-strikethrough-none\"><span class=\"HwtZe\" lang=\"lv\"><span class=\"jCAhz ChMk0b\"><span class=\"ryNqvb\">BlancOne Duetto zobu pastu komplekts ir paredz\u0113ts zobu balin\u0101\u0161anai (ACTIVE) un zobu kop\u0161anai (CARE) T\u0101 ir 2 f\u0101\u017eu m\u0101jas balin\u0101\u0161anas sist\u0113ma, kas sast\u0101v no p\u0101rmai\u0146us lietojam\u0101m zobu past\u0101m: ACTIVE &#8211; no r\u012bta, CARE &#8211; vakar\u0101.<\/span><\/span><\/span><\/span><\/p>\n<p class=\"_04xlpA direction-ltr align-start para-style-body\"><span class=\"WdYUQQ text-decoration-none text-strikethrough-none\"><span class=\"HwtZe\" lang=\"lv\"><span class=\"jCAhz ChMk0b\"><span class=\"ryNqvb\">Zobu pastas pal\u012bdz maigi no\u0146emt aplikumu un traipus, baro un aizsarg\u0101 smaganas un stiprina emalju.<\/span><\/span><\/span><\/span><\/p>\n<p class=\"_04xlpA direction-ltr align-start para-style-body\"><span class=\"HwtZe\" lang=\"lv\"><span class=\"jCAhz ChMk0b\"><span class=\"ryNqvb\">&#8220;BlancOne Duetto ACTIVE&#8221; intens\u012bvi balina.<\/span><\/span><\/span><\/p>\n<p class=\"_04xlpA direction-ltr align-start para-style-body\"><span class=\"WdYUQQ text-decoration-none text-strikethrough-none\"><span class=\"HwtZe\" lang=\"lv\"><span class=\"jCAhz ChMk0b\"><span class=\"ryNqvb\">Intens\u012bva balin\u0101\u0161ana notiek komponentu tr\u012bsk\u0101r\u0161\u0101s iedarb\u012bbas d\u0113\u013c:<\/span><\/span><\/span><\/span><\/p>\n<ul>\n<li><span class=\"HwtZe\" lang=\"lv\"><span class=\"jCAhz ChMk0b\"><span class=\"ryNqvb\">Fermenti &#8211; iz\u0161\u0137\u012bdina aplikumu<\/span><\/span><\/span><\/li>\n<li><span class=\"HwtZe\" lang=\"lv\"><span class=\"jCAhz ChMk0b\"><span class=\"ryNqvb\">Balino\u0161\u0101s piedevas &#8211; no\u0146em virsmas traipus<\/span><\/span><\/span><\/li>\n<li><span class=\"WdYUQQ text-decoration-none text-strikethrough-none\"><span class=\"HwtZe\" lang=\"lv\"><span class=\"jCAhz ChMk0b\"><span class=\"ryNqvb\">Peroks\u012bda krist\u0101li &#8211; atbr\u012bvo sk\u0101bekli dzi\u013c\u0101kai balin\u0101\u0161anai<\/span><\/span><\/span><\/span><\/li>\n<\/ul>\n<p><strong><span class=\"HwtZe\" lang=\"lv\"><span class=\"jCAhz ChMk0b\"><span class=\"ryNqvb\">Nelietot, balinot zobus m\u0101j\u0101s vai uzreiz p\u0113c balin\u0101\u0161anas m\u0101j\u0101s vai biroj\u0101.<\/span><\/span><\/span><\/strong><\/p>\n<p class=\"_04xlpA direction-ltr align-start para-style-body\"><span class=\"HwtZe\" lang=\"lv\"><span class=\"jCAhz ChMk0b\"><span class=\"ryNqvb\">&#8220;BlancOne Duetto CARE&#8221; zobu un smaganu serums.<\/span><\/span><\/span><\/p>\n<ul>\n<li><span class=\"HwtZe\" lang=\"lv\"><span class=\"jCAhz ChMk0b\"><span class=\"ryNqvb\">Dabisko un akt\u012bvo komponentu komplekss garant\u0113 antibakteri\u0101lu un antioksidantu iedarb\u012bbu, nodro\u0161ina vitam\u012bnus, remineraliz\u0113 emalju, vienlaikus no\u0146emot traipus un maigi pul\u0113jot.<\/span><\/span><\/span><\/li>\n<\/ul>\n<p><strong><span class=\"HwtZe\" lang=\"lv\"><span class=\"jCAhz ChMk0b\"><span class=\"ryNqvb\">\u012apa\u0161i piem\u0113rots lieto\u0161anai m\u0101jas balin\u0101\u0161anas laik\u0101 vai p\u0113c ofici\u0101l\u0101s balin\u0101\u0161anas.<\/span><\/span><\/span><\/strong><\/p>\n<p class=\"_04xlpA direction-ltr align-justify para-style-body\"><span class=\"WdYUQQ text-decoration-none text-strikethrough-none\">2 x 75 ml<\/span><\/p>\n<p>#whitening #teethwhitening<\/p>\n","protected":false},"excerpt":{"rendered":"<p>BlancOne Duetto zobu pastu komplekts ir paredz\u0113ts zobu balin\u0101\u0161anai (ACTIVE) un zobu kop\u0161anai (CARE) T\u0101 ir 2 f\u0101\u017eu m\u0101jas balin\u0101\u0161anas sist\u0113ma, kas sast\u0101v no p\u0101rmai\u0146us lietojam\u0101m zobu past\u0101m: ACTIVE &#8211; no r\u012bta, CARE &#8211; vakar\u0101. Zobu pastas pal\u012bdz maigi no\u0146emt aplikumu un traipus, baro un aizsarg\u0101 smaganas un stiprina emalju. &#8220;BlancOne Duetto ACTIVE&#8221; intens\u012bvi balina. [&hellip;]<\/p>\n","protected":false},"featured_media":2918,"comment_status":"open","ping_status":"closed","template":"","meta":{"ocean_post_layout":"","ocean_both_sidebars_style":"","ocean_both_sidebars_content_width":0,"ocean_both_sidebars_sidebars_width":0,"ocean_sidebar":"0","ocean_second_sidebar":"0","ocean_disable_margins":"enable","ocean_add_body_class":"","ocean_shortcode_before_top_bar":"","ocean_shortcode_after_top_bar":"","ocean_shortcode_before_header":"","ocean_shortcode_after_header":"","ocean_has_shortcode":"","ocean_shortcode_after_title":"","ocean_shortcode_before_footer_widgets":"","ocean_shortcode_after_footer_widgets":"","ocean_shortcode_before_footer_bottom":"","ocean_shortcode_after_footer_bottom":"","ocean_display_top_bar":"default","ocean_display_header":"default","ocean_header_style":"","ocean_center_header_left_menu":"0","ocean_custom_header_template":"0","ocean_custom_logo":0,"ocean_custom_retina_logo":0,"ocean_custom_logo_max_width":0,"ocean_custom_logo_tablet_max_width":0,"ocean_custom_logo_mobile_max_width":0,"ocean_custom_logo_max_height":0,"ocean_custom_logo_tablet_max_height":0,"ocean_custom_logo_mobile_max_height":0,"ocean_header_custom_menu":"0","ocean_menu_typo_font_family":"0","ocean_menu_typo_font_subset":"","ocean_menu_typo_font_size":0,"ocean_menu_typo_font_size_tablet":0,"ocean_menu_typo_font_size_mobile":0,"ocean_menu_typo_font_size_unit":"px","ocean_menu_typo_font_weight":"","ocean_menu_typo_font_weight_tablet":"","ocean_menu_typo_font_weight_mobile":"","ocean_menu_typo_transform":"","ocean_menu_typo_transform_tablet":"","ocean_menu_typo_transform_mobile":"","ocean_menu_typo_line_height":0,"ocean_menu_typo_line_height_tablet":0,"ocean_menu_typo_line_height_mobile":0,"ocean_menu_typo_line_height_unit":"","ocean_menu_typo_spacing":0,"ocean_menu_typo_spacing_tablet":0,"ocean_menu_typo_spacing_mobile":0,"ocean_menu_typo_spacing_unit":"","ocean_menu_link_color":"","ocean_menu_link_color_hover":"","ocean_menu_link_color_active":"","ocean_menu_link_background":"","ocean_menu_link_hover_background":"","ocean_menu_link_active_background":"","ocean_menu_social_links_bg":"","ocean_menu_social_hover_links_bg":"","ocean_menu_social_links_color":"","ocean_menu_social_hover_links_color":"","ocean_disable_title":"default","ocean_disable_heading":"default","ocean_post_title":"","ocean_post_subheading":"","ocean_post_title_style":"","ocean_post_title_background_color":"","ocean_post_title_background":0,"ocean_post_title_bg_image_position":"","ocean_post_title_bg_image_attachment":"","ocean_post_title_bg_image_repeat":"","ocean_post_title_bg_image_size":"","ocean_post_title_height":0,"ocean_post_title_bg_overlay":0.5,"ocean_post_title_bg_overlay_color":"","ocean_disable_breadcrumbs":"default","ocean_breadcrumbs_color":"","ocean_breadcrumbs_separator_color":"","ocean_breadcrumbs_links_color":"","ocean_breadcrumbs_links_hover_color":"","ocean_display_footer_widgets":"default","ocean_display_footer_bottom":"default","ocean_custom_footer_template":"0"},"product_brand":[],"product_cat":[24,110,109,26,103],"product_tag":[],"class_list":{"0":"post-2891","1":"product","2":"type-product","3":"status-publish","4":"has-post-thumbnail","6":"product_cat-stomatologiskie-materiali","7":"product_cat-zobu-balinasana-zobu-higienai","8":"product_cat-zobu-balinasana","9":"product_cat-zobu-higienai","10":"product_cat-zobu-pastas","12":"entry","13":"has-media","15":"first","16":"instock","17":"shipping-taxable","18":"product-type-simple","19":"has-product-nav","20":"col","21":"span_1_of_4","22":"owp-content-center","23":"item-entry","24":"owp-thumbs-layout-vertical","25":"owp-btn-normal","26":"owp-tabs-layout-vertical","27":"has-no-thumbnails","29":"circle-sale"},"_links":{"self":[{"href":"https:\/\/almedica.lv\/index.php\/wp-json\/wp\/v2\/product\/2891","targetHints":{"allow":["GET"]}}],"collection":[{"href":"https:\/\/almedica.lv\/index.php\/wp-json\/wp\/v2\/product"}],"about":[{"href":"https:\/\/almedica.lv\/index.php\/wp-json\/wp\/v2\/types\/product"}],"replies":[{"embeddable":true,"href":"https:\/\/almedica.lv\/index.php\/wp-json\/wp\/v2\/comments?post=2891"}],"wp:featuredmedia":[{"embeddable":true,"href":"https:\/\/almedica.lv\/index.php\/wp-json\/wp\/v2\/media\/2918"}],"wp:attachment":[{"href":"https:\/\/almedica.lv\/index.php\/wp-json\/wp\/v2\/media?parent=2891"}],"wp:term":[{"taxonomy":"product_brand","embeddable":true,"href":"https:\/\/almedica.lv\/index.php\/wp-json\/wp\/v2\/product_brand?post=2891"},{"taxonomy":"product_cat","embeddable":true,"href":"https:\/\/almedica.lv\/index.php\/wp-json\/wp\/v2\/product_cat?post=2891"},{"taxonomy":"product_tag","embeddable":true,"href":"https:\/\/almedica.lv\/index.php\/wp-json\/wp\/v2\/product_tag?post=2891"}],"curies":[{"name":"wp","href":"https:\/\/api.w.org\/{rel}","templated":true}]}}