{"id":2929,"date":"2023-08-31T13:46:14","date_gmt":"2023-08-31T13:46:14","guid":{"rendered":"https:\/\/almedica.lv\/?post_type=product&#038;p=2929"},"modified":"2024-08-23T11:26:38","modified_gmt":"2024-08-23T11:26:38","slug":"blancone-click-kabinetinis-dantu-balinimas","status":"publish","type":"product","link":"https:\/\/almedica.lv\/index.php\/produktas\/blancone-click-kabinetinis-dantu-balinimas\/","title":{"rendered":"BlancOne Click zobu balin\u0101\u0161ana"},"content":{"rendered":"<p><span class=\"HwtZe\" lang=\"lt\"><span class=\"jCAhz ChMk0b\"><span class=\"ryNqvb\"><span class=\"HwtZe\" lang=\"lv\">BlancOne Click biroja zobu balin\u0101\u0161ana &#8211; karbam\u012bda peroks\u012bds 16% (HP 5,6%)<\/span><\/span><\/span><\/span><\/p>\n<p><span class=\"HwtZe\" lang=\"lv\"><span class=\"jCAhz ChMk0b\"><span class=\"ryNqvb\">Balt\u0101ks smaids tikai 10 min\u016bt\u0113s bez j\u016bt\u012bguma un uzreiz redzami rezult\u0101ti no 3 l\u012bdz 5 to\u0146iem, izmantojot BlancOne\u00ae CLICK:<\/span><\/span> <\/span><\/p>\n<p><span class=\"HwtZe\" lang=\"lv\"><span class=\"jCAhz ChMk0b\"><span class=\"ryNqvb\">VIEGLI LIETO\u0160ANA: Nav nepiecie\u0161ami smaganu barjeras, jo ir zems peroks\u012bda procentu\u0101lais daudzums un \u012bss kontakta laiks.<\/span><\/span> <\/span><\/p>\n<p><span class=\"HwtZe\" lang=\"lv\"><span class=\"jCAhz ChMk0b\"><span class=\"ryNqvb\">\u0100TRI: Pat p\u0113c mutes dobuma higi\u0113nas seansa pietiek ar desmit min\u016b\u0161u ciklu.<\/span><\/span> <\/span><\/p>\n<p><span class=\"HwtZe\" lang=\"lv\"><span class=\"jCAhz ChMk0b\"><span class=\"ryNqvb\">EFEKT\u012aVS: rezult\u0101ti ir redzami uzreiz.<\/span><\/span> <span class=\"jCAhz ChMk0b\"><span class=\"ryNqvb\">Smalks: var lietot gan nelielas asi\u0146o\u0161anas, gan atv\u0113rtu zobu kakli\u0146u gad\u012bjumos.<\/span><\/span> <\/span><\/p>\n<p><span class=\"HwtZe\" lang=\"lv\"><span class=\"jCAhz ChMk0b\"><span class=\"ryNqvb\">Kast\u012bt\u0113 ir 10 iepakojumi, katrs satur:<\/span><\/span> <span class=\"jCAhz ChMk0b\"><span class=\"ryNqvb\">1 x balin\u0101\u0161anas \u017eeleja 0,75 ml<\/span><\/span> <span class=\"jCAhz ChMk0b\"><span class=\"ryNqvb\">1 x Photo Booster 0,25 ml<\/span><\/span><\/span><\/p>\n<p>&nbsp;<\/p>\n<p>#whitening #teethwhitening<\/p>\n<p class=\"responsive-video-wrap clr\"><iframe title=\"BlancOne CLICK professional whitening tutorial\" width=\"1200\" height=\"675\" src=\"https:\/\/www.youtube.com\/embed\/i5JtthdY1AE?start=180&#038;feature=oembed\" frameborder=\"0\" allow=\"accelerometer; autoplay; clipboard-write; encrypted-media; gyroscope; picture-in-picture; web-share\" referrerpolicy=\"strict-origin-when-cross-origin\" allowfullscreen><\/iframe><\/p>\n","protected":false},"excerpt":{"rendered":"<p>BlancOne Click biroja zobu balin\u0101\u0161ana &#8211; karbam\u012bda peroks\u012bds 16% (HP 5,6%) Balt\u0101ks smaids tikai 10 min\u016bt\u0113s bez j\u016bt\u012bguma un uzreiz redzami rezult\u0101ti no 3 l\u012bdz 5 to\u0146iem, izmantojot BlancOne\u00ae CLICK: VIEGLI LIETO\u0160ANA: Nav nepiecie\u0161ami smaganu barjeras, jo ir zems peroks\u012bda procentu\u0101lais daudzums un \u012bss kontakta laiks. \u0100TRI: Pat p\u0113c mutes dobuma higi\u0113nas seansa pietiek ar [&hellip;]<\/p>\n","protected":false},"featured_media":2951,"comment_status":"open","ping_status":"closed","template":"","meta":{"ocean_post_layout":"","ocean_both_sidebars_style":"","ocean_both_sidebars_content_width":0,"ocean_both_sidebars_sidebars_width":0,"ocean_sidebar":"0","ocean_second_sidebar":"0","ocean_disable_margins":"enable","ocean_add_body_class":"","ocean_shortcode_before_top_bar":"","ocean_shortcode_after_top_bar":"","ocean_shortcode_before_header":"","ocean_shortcode_after_header":"","ocean_has_shortcode":"","ocean_shortcode_after_title":"","ocean_shortcode_before_footer_widgets":"","ocean_shortcode_after_footer_widgets":"","ocean_shortcode_before_footer_bottom":"","ocean_shortcode_after_footer_bottom":"","ocean_display_top_bar":"default","ocean_display_header":"default","ocean_header_style":"","ocean_center_header_left_menu":"0","ocean_custom_header_template":"0","ocean_custom_logo":0,"ocean_custom_retina_logo":0,"ocean_custom_logo_max_width":0,"ocean_custom_logo_tablet_max_width":0,"ocean_custom_logo_mobile_max_width":0,"ocean_custom_logo_max_height":0,"ocean_custom_logo_tablet_max_height":0,"ocean_custom_logo_mobile_max_height":0,"ocean_header_custom_menu":"0","ocean_menu_typo_font_family":"0","ocean_menu_typo_font_subset":"","ocean_menu_typo_font_size":0,"ocean_menu_typo_font_size_tablet":0,"ocean_menu_typo_font_size_mobile":0,"ocean_menu_typo_font_size_unit":"px","ocean_menu_typo_font_weight":"","ocean_menu_typo_font_weight_tablet":"","ocean_menu_typo_font_weight_mobile":"","ocean_menu_typo_transform":"","ocean_menu_typo_transform_tablet":"","ocean_menu_typo_transform_mobile":"","ocean_menu_typo_line_height":0,"ocean_menu_typo_line_height_tablet":0,"ocean_menu_typo_line_height_mobile":0,"ocean_menu_typo_line_height_unit":"","ocean_menu_typo_spacing":0,"ocean_menu_typo_spacing_tablet":0,"ocean_menu_typo_spacing_mobile":0,"ocean_menu_typo_spacing_unit":"","ocean_menu_link_color":"","ocean_menu_link_color_hover":"","ocean_menu_link_color_active":"","ocean_menu_link_background":"","ocean_menu_link_hover_background":"","ocean_menu_link_active_background":"","ocean_menu_social_links_bg":"","ocean_menu_social_hover_links_bg":"","ocean_menu_social_links_color":"","ocean_menu_social_hover_links_color":"","ocean_disable_title":"default","ocean_disable_heading":"default","ocean_post_title":"","ocean_post_subheading":"","ocean_post_title_style":"","ocean_post_title_background_color":"","ocean_post_title_background":0,"ocean_post_title_bg_image_position":"","ocean_post_title_bg_image_attachment":"","ocean_post_title_bg_image_repeat":"","ocean_post_title_bg_image_size":"","ocean_post_title_height":0,"ocean_post_title_bg_overlay":0.5,"ocean_post_title_bg_overlay_color":"","ocean_disable_breadcrumbs":"default","ocean_breadcrumbs_color":"","ocean_breadcrumbs_separator_color":"","ocean_breadcrumbs_links_color":"","ocean_breadcrumbs_links_hover_color":"","ocean_display_footer_widgets":"default","ocean_display_footer_bottom":"default","ocean_custom_footer_template":"0"},"product_brand":[],"product_cat":[24,109],"product_tag":[],"class_list":{"0":"post-2929","1":"product","2":"type-product","3":"status-publish","4":"has-post-thumbnail","6":"product_cat-stomatologiskie-materiali","7":"product_cat-zobu-balinasana","9":"entry","10":"has-media","12":"first","13":"outofstock","14":"shipping-taxable","15":"product-type-simple","16":"has-product-nav","17":"col","18":"span_1_of_4","19":"owp-content-center","20":"item-entry","21":"owp-thumbs-layout-vertical","22":"owp-btn-normal","23":"owp-tabs-layout-vertical","24":"has-no-thumbnails","26":"circle-sale"},"_links":{"self":[{"href":"https:\/\/almedica.lv\/index.php\/wp-json\/wp\/v2\/product\/2929","targetHints":{"allow":["GET"]}}],"collection":[{"href":"https:\/\/almedica.lv\/index.php\/wp-json\/wp\/v2\/product"}],"about":[{"href":"https:\/\/almedica.lv\/index.php\/wp-json\/wp\/v2\/types\/product"}],"replies":[{"embeddable":true,"href":"https:\/\/almedica.lv\/index.php\/wp-json\/wp\/v2\/comments?post=2929"}],"wp:featuredmedia":[{"embeddable":true,"href":"https:\/\/almedica.lv\/index.php\/wp-json\/wp\/v2\/media\/2951"}],"wp:attachment":[{"href":"https:\/\/almedica.lv\/index.php\/wp-json\/wp\/v2\/media?parent=2929"}],"wp:term":[{"taxonomy":"product_brand","embeddable":true,"href":"https:\/\/almedica.lv\/index.php\/wp-json\/wp\/v2\/product_brand?post=2929"},{"taxonomy":"product_cat","embeddable":true,"href":"https:\/\/almedica.lv\/index.php\/wp-json\/wp\/v2\/product_cat?post=2929"},{"taxonomy":"product_tag","embeddable":true,"href":"https:\/\/almedica.lv\/index.php\/wp-json\/wp\/v2\/product_tag?post=2929"}],"curies":[{"name":"wp","href":"https:\/\/api.w.org\/{rel}","templated":true}]}}