{"id":2930,"date":"2023-08-31T13:46:15","date_gmt":"2023-08-31T13:46:15","guid":{"rendered":"https:\/\/almedica.lv\/?post_type=product&#038;p=2930"},"modified":"2023-09-29T06:12:01","modified_gmt":"2023-09-29T06:12:01","slug":"ultradent-opalescence-boost-kabinetinis-dantu-balinimas-40","status":"publish","type":"product","link":"https:\/\/almedica.lv\/index.php\/produktas\/ultradent-opalescence-boost-kabinetinis-dantu-balinimas-40\/","title":{"rendered":"Ultradent Opalescence Boost zobu balin\u0101\u0161ana 40%"},"content":{"rendered":"<p><span class=\"HwtZe\" lang=\"lv\"><span class=\"jCAhz ChMk0b\"><span class=\"ryNqvb\">Opalescence Boost ir \u0137\u012bmiski aktiviz\u0113ts g\u0113ls, kas izgaismo un balina zobus.<\/span><\/span> <span class=\"jCAhz ChMk0b\"><span class=\"ryNqvb\">Sp\u0113c\u012bgais 40% \u016bde\u0146ra\u017ea peroks\u012bda g\u0113ls ir \u0137\u012bmiski aktiviz\u0113ts, un tam nav nepiecie\u0161ama gaisma.<\/span><\/span> <span class=\"jCAhz ChMk0b\"><span class=\"ryNqvb\">Izmantojot unik\u0101lu divu \u0161\u013cir\u010du konfigur\u0101ciju, 40% \u016bde\u0146ra\u017ea peroks\u012bda formula tiek aktiviz\u0113ta pirms lieto\u0161anas, nodro\u0161inot, ka katra Opalescence Boost balin\u0101\u0161anas deva ir svaiga un efekt\u012bva.<\/span><\/span> <span class=\"jCAhz ChMk0b\"><span class=\"ryNqvb\">Biez\u0101ka formula ne\u013cauj \u017eelejai nopl\u016bst.<\/span><\/span> <span class=\"jCAhz ChMk0b\"><span class=\"ryNqvb\">Opalescence zobu balin\u0101\u0161anas g\u0113ls satur k\u0101lija nitr\u0101tu un fluoru.<\/span><\/span><\/span><\/p>\n<p><span class=\"HwtZe\" lang=\"lv\"><span class=\"jCAhz ChMk0b\"><span class=\"ryNqvb\">Komplekts paredz\u0113ts 2 pacientiem.<\/span><\/span><\/span><\/p>\n<p><span class=\"HwtZe\" lang=\"lv\"><span class=\"jCAhz ChMk0b\"><span class=\"ryNqvb\">Balin\u0101t\u0101js 2 x 1,2 ml;<\/span><\/span> <span class=\"jCAhz ChMk0b\"><span class=\"ryNqvb\">smaganu aizsardz\u012bba &#8211; 1 x 1,2 ml;<\/span><\/span> <span class=\"jCAhz ChMk0b\"><span class=\"ryNqvb\">aplik\u0101cijas adatas &#8211; 10 gab., asin\u0101mais &#8211; 1 gab.<\/span><\/span><\/span><\/p>\n<p>#whitening #teethwhitening<\/p>\n","protected":false},"excerpt":{"rendered":"<p>Opalescence Boost ir \u0137\u012bmiski aktiviz\u0113ts g\u0113ls, kas izgaismo un balina zobus. Sp\u0113c\u012bgais 40% \u016bde\u0146ra\u017ea peroks\u012bda g\u0113ls ir \u0137\u012bmiski aktiviz\u0113ts, un tam nav nepiecie\u0161ama gaisma. Izmantojot unik\u0101lu divu \u0161\u013cir\u010du konfigur\u0101ciju, 40% \u016bde\u0146ra\u017ea peroks\u012bda formula tiek aktiviz\u0113ta pirms lieto\u0161anas, nodro\u0161inot, ka katra Opalescence Boost balin\u0101\u0161anas deva ir svaiga un efekt\u012bva. Biez\u0101ka formula ne\u013cauj \u017eelejai nopl\u016bst. Opalescence zobu [&hellip;]<\/p>\n","protected":false},"featured_media":2952,"comment_status":"open","ping_status":"closed","template":"","meta":{"ocean_post_layout":"","ocean_both_sidebars_style":"","ocean_both_sidebars_content_width":0,"ocean_both_sidebars_sidebars_width":0,"ocean_sidebar":"0","ocean_second_sidebar":"0","ocean_disable_margins":"enable","ocean_add_body_class":"","ocean_shortcode_before_top_bar":"","ocean_shortcode_after_top_bar":"","ocean_shortcode_before_header":"","ocean_shortcode_after_header":"","ocean_has_shortcode":"","ocean_shortcode_after_title":"","ocean_shortcode_before_footer_widgets":"","ocean_shortcode_after_footer_widgets":"","ocean_shortcode_before_footer_bottom":"","ocean_shortcode_after_footer_bottom":"","ocean_display_top_bar":"default","ocean_display_header":"default","ocean_header_style":"","ocean_center_header_left_menu":"0","ocean_custom_header_template":"0","ocean_custom_logo":0,"ocean_custom_retina_logo":0,"ocean_custom_logo_max_width":0,"ocean_custom_logo_tablet_max_width":0,"ocean_custom_logo_mobile_max_width":0,"ocean_custom_logo_max_height":0,"ocean_custom_logo_tablet_max_height":0,"ocean_custom_logo_mobile_max_height":0,"ocean_header_custom_menu":"0","ocean_menu_typo_font_family":"0","ocean_menu_typo_font_subset":"","ocean_menu_typo_font_size":0,"ocean_menu_typo_font_size_tablet":0,"ocean_menu_typo_font_size_mobile":0,"ocean_menu_typo_font_size_unit":"px","ocean_menu_typo_font_weight":"","ocean_menu_typo_font_weight_tablet":"","ocean_menu_typo_font_weight_mobile":"","ocean_menu_typo_transform":"","ocean_menu_typo_transform_tablet":"","ocean_menu_typo_transform_mobile":"","ocean_menu_typo_line_height":0,"ocean_menu_typo_line_height_tablet":0,"ocean_menu_typo_line_height_mobile":0,"ocean_menu_typo_line_height_unit":"","ocean_menu_typo_spacing":0,"ocean_menu_typo_spacing_tablet":0,"ocean_menu_typo_spacing_mobile":0,"ocean_menu_typo_spacing_unit":"","ocean_menu_link_color":"","ocean_menu_link_color_hover":"","ocean_menu_link_color_active":"","ocean_menu_link_background":"","ocean_menu_link_hover_background":"","ocean_menu_link_active_background":"","ocean_menu_social_links_bg":"","ocean_menu_social_hover_links_bg":"","ocean_menu_social_links_color":"","ocean_menu_social_hover_links_color":"","ocean_disable_title":"default","ocean_disable_heading":"default","ocean_post_title":"","ocean_post_subheading":"","ocean_post_title_style":"","ocean_post_title_background_color":"","ocean_post_title_background":0,"ocean_post_title_bg_image_position":"","ocean_post_title_bg_image_attachment":"","ocean_post_title_bg_image_repeat":"","ocean_post_title_bg_image_size":"","ocean_post_title_height":0,"ocean_post_title_bg_overlay":0.5,"ocean_post_title_bg_overlay_color":"","ocean_disable_breadcrumbs":"default","ocean_breadcrumbs_color":"","ocean_breadcrumbs_separator_color":"","ocean_breadcrumbs_links_color":"","ocean_breadcrumbs_links_hover_color":"","ocean_display_footer_widgets":"default","ocean_display_footer_bottom":"default","ocean_custom_footer_template":"0"},"product_brand":[],"product_cat":[24,109],"product_tag":[],"class_list":{"0":"post-2930","1":"product","2":"type-product","3":"status-publish","4":"has-post-thumbnail","6":"product_cat-stomatologiskie-materiali","7":"product_cat-zobu-balinasana","9":"entry","10":"has-media","12":"first","13":"instock","14":"shipping-taxable","15":"product-type-simple","16":"has-product-nav","17":"col","18":"span_1_of_4","19":"owp-content-center","20":"item-entry","21":"owp-thumbs-layout-vertical","22":"owp-btn-normal","23":"owp-tabs-layout-vertical","24":"has-no-thumbnails","26":"circle-sale"},"_links":{"self":[{"href":"https:\/\/almedica.lv\/index.php\/wp-json\/wp\/v2\/product\/2930","targetHints":{"allow":["GET"]}}],"collection":[{"href":"https:\/\/almedica.lv\/index.php\/wp-json\/wp\/v2\/product"}],"about":[{"href":"https:\/\/almedica.lv\/index.php\/wp-json\/wp\/v2\/types\/product"}],"replies":[{"embeddable":true,"href":"https:\/\/almedica.lv\/index.php\/wp-json\/wp\/v2\/comments?post=2930"}],"wp:featuredmedia":[{"embeddable":true,"href":"https:\/\/almedica.lv\/index.php\/wp-json\/wp\/v2\/media\/2952"}],"wp:attachment":[{"href":"https:\/\/almedica.lv\/index.php\/wp-json\/wp\/v2\/media?parent=2930"}],"wp:term":[{"taxonomy":"product_brand","embeddable":true,"href":"https:\/\/almedica.lv\/index.php\/wp-json\/wp\/v2\/product_brand?post=2930"},{"taxonomy":"product_cat","embeddable":true,"href":"https:\/\/almedica.lv\/index.php\/wp-json\/wp\/v2\/product_cat?post=2930"},{"taxonomy":"product_tag","embeddable":true,"href":"https:\/\/almedica.lv\/index.php\/wp-json\/wp\/v2\/product_tag?post=2930"}],"curies":[{"name":"wp","href":"https:\/\/api.w.org\/{rel}","templated":true}]}}