{"id":2940,"date":"2023-08-31T13:46:15","date_gmt":"2023-08-31T13:46:15","guid":{"rendered":"https:\/\/almedica.lv\/?post_type=product&#038;p=2940"},"modified":"2023-09-29T06:16:43","modified_gmt":"2023-09-29T06:16:43","slug":"swissdent-extreme-balinamoji-dantu-pasta-50-ml","status":"publish","type":"product","link":"https:\/\/almedica.lv\/index.php\/produktas\/swissdent-extreme-balinamoji-dantu-pasta-50-ml\/","title":{"rendered":"Swissdent Extreme balino\u0161\u0101 zobu pasta (50 ml)"},"content":{"rendered":"<p><span class=\"HwtZe\" lang=\"lv\"><span class=\"jCAhz ChMk0b\"><span class=\"ryNqvb\">Balin\u0101\u0161anas pasta ikdienas lieto\u0161anai EXTREME ir paredz\u0113ta smagas zobu kr\u0101sas mai\u0146as no\u0146em\u0161anai 50ml.<\/span><\/span> <span class=\"jCAhz ChMk0b\"><span class=\"ryNqvb\">Lieliski piem\u0113rots sm\u0113\u0137\u0113t\u0101jiem.<\/span><\/span> <span class=\"jCAhz ChMk0b\"><span class=\"ryNqvb\">Efekt\u012bvs balin\u0101\u0161anas efekts, pateicoties mikroniz\u0113tam kalcija peroks\u012bdam, kas att\u012bra zobus ar dab\u012bgiem enz\u012bmiem un zemu abrazivit\u0101ti (RDA = 40).<\/span><\/span> <span class=\"jCAhz ChMk0b\"><span class=\"ryNqvb\">Vesel\u0101m smagan\u0101m sast\u0101v\u0101 ietilpst koenz\u012bms Q10 un vit.E.<\/span><\/span> <span class=\"jCAhz ChMk0b\"><span class=\"ryNqvb\">N\u0101trija bikarbon\u0101ts neitraliz\u0113 sk\u0101bes, kas var izrais\u012bt zobu boj\u0101\u0161anos, un uzlabo t\u012br\u012b\u0161anu.<\/span><\/span> <span class=\"jCAhz ChMk0b\"><span class=\"ryNqvb\">Satur n\u0101trija monofluorfosf\u0101tu (1180 ppmF).<\/span><\/span><\/span><\/p>\n<p><strong><span class=\"HwtZe\" lang=\"lv\"><span class=\"jCAhz ChMk0b\"><span class=\"ryNqvb\">Iesp\u0113jas:<\/span><\/span><\/span><\/strong><\/p>\n<ul>\n<li><span class=\"HwtZe\" lang=\"lv\"><span class=\"jCAhz ChMk0b\"><span class=\"ryNqvb\">Patent\u0113ta SWISSDENT formula: mikroniz\u0113ts kalcija peroks\u012bds &lt;0,1%.<\/span><\/span> <span class=\"jCAhz ChMk0b\"><span class=\"ryNqvb\">un aug\u013cu enz\u012bmi (papa\u012bns un bromel\u012bns) maigi no\u0146em zobakmeni, savuk\u0101rt maigie pul\u0113\u0161anas l\u012bdzek\u013ci nodro\u0161ina perfektu balin\u0101\u0161anas rezult\u0101tu.<\/span><\/span><\/span><\/li>\n<li><span class=\"HwtZe\" lang=\"lv\"><span class=\"jCAhz ChMk0b\"><span class=\"ryNqvb\">Zobi, kas zaud\u0113ju\u0161i kr\u0101su kafijas, t\u0113jas vai tabakas ietekm\u0113, k\u013c\u016bst gai\u0161\u0101ki.<\/span><\/span><\/span><\/li>\n<li><span class=\"HwtZe\" lang=\"lv\"><span class=\"jCAhz ChMk0b\"><span class=\"ryNqvb\">1180 ppm fluor\u012bds aizsarg\u0101 pret zobu boj\u0101\u0161anos.<\/span><\/span><\/span><\/li>\n<li><span class=\"HwtZe\" lang=\"lv\"><span class=\"jCAhz ChMk0b\"><span class=\"ryNqvb\">Pievienots koenz\u012bms Q10 un E vitam\u012bns vesel\u0101m smagan\u0101m.<\/span><\/span><\/span><\/li>\n<li><span class=\"HwtZe\" lang=\"lv\"><span class=\"jCAhz ChMk0b\"><span class=\"ryNqvb\">N\u0101trija bikarbon\u0101ts neitraliz\u0113 sk\u0101bes, kas var izrais\u012bt zobu boj\u0101\u0161anos.<\/span><\/span><\/span><\/li>\n<li><span class=\"HwtZe\" lang=\"lv\"><span class=\"jCAhz ChMk0b\"><span class=\"ryNqvb\">Bez SLS (n\u0101trija laurilsulf\u0101ts ir putojo\u0161s l\u012bdzeklis un var izrais\u012bt r\u016bsas \u010d\u016blas).<\/span><\/span><\/span><\/li>\n<\/ul>\n<p>50 ml<\/p>\n","protected":false},"excerpt":{"rendered":"<p>Balin\u0101\u0161anas pasta ikdienas lieto\u0161anai EXTREME ir paredz\u0113ta smagas zobu kr\u0101sas mai\u0146as no\u0146em\u0161anai 50ml. Lieliski piem\u0113rots sm\u0113\u0137\u0113t\u0101jiem. Efekt\u012bvs balin\u0101\u0161anas efekts, pateicoties mikroniz\u0113tam kalcija peroks\u012bdam, kas att\u012bra zobus ar dab\u012bgiem enz\u012bmiem un zemu abrazivit\u0101ti (RDA = 40). Vesel\u0101m smagan\u0101m sast\u0101v\u0101 ietilpst koenz\u012bms Q10 un vit.E. N\u0101trija bikarbon\u0101ts neitraliz\u0113 sk\u0101bes, kas var izrais\u012bt zobu boj\u0101\u0161anos, un uzlabo t\u012br\u012b\u0161anu. [&hellip;]<\/p>\n","protected":false},"featured_media":2975,"comment_status":"open","ping_status":"closed","template":"","meta":{"ocean_post_layout":"","ocean_both_sidebars_style":"","ocean_both_sidebars_content_width":0,"ocean_both_sidebars_sidebars_width":0,"ocean_sidebar":"0","ocean_second_sidebar":"0","ocean_disable_margins":"enable","ocean_add_body_class":"","ocean_shortcode_before_top_bar":"","ocean_shortcode_after_top_bar":"","ocean_shortcode_before_header":"","ocean_shortcode_after_header":"","ocean_has_shortcode":"","ocean_shortcode_after_title":"","ocean_shortcode_before_footer_widgets":"","ocean_shortcode_after_footer_widgets":"","ocean_shortcode_before_footer_bottom":"","ocean_shortcode_after_footer_bottom":"","ocean_display_top_bar":"default","ocean_display_header":"default","ocean_header_style":"","ocean_center_header_left_menu":"0","ocean_custom_header_template":"0","ocean_custom_logo":0,"ocean_custom_retina_logo":0,"ocean_custom_logo_max_width":0,"ocean_custom_logo_tablet_max_width":0,"ocean_custom_logo_mobile_max_width":0,"ocean_custom_logo_max_height":0,"ocean_custom_logo_tablet_max_height":0,"ocean_custom_logo_mobile_max_height":0,"ocean_header_custom_menu":"0","ocean_menu_typo_font_family":"0","ocean_menu_typo_font_subset":"","ocean_menu_typo_font_size":0,"ocean_menu_typo_font_size_tablet":0,"ocean_menu_typo_font_size_mobile":0,"ocean_menu_typo_font_size_unit":"px","ocean_menu_typo_font_weight":"","ocean_menu_typo_font_weight_tablet":"","ocean_menu_typo_font_weight_mobile":"","ocean_menu_typo_transform":"","ocean_menu_typo_transform_tablet":"","ocean_menu_typo_transform_mobile":"","ocean_menu_typo_line_height":0,"ocean_menu_typo_line_height_tablet":0,"ocean_menu_typo_line_height_mobile":0,"ocean_menu_typo_line_height_unit":"","ocean_menu_typo_spacing":0,"ocean_menu_typo_spacing_tablet":0,"ocean_menu_typo_spacing_mobile":0,"ocean_menu_typo_spacing_unit":"","ocean_menu_link_color":"","ocean_menu_link_color_hover":"","ocean_menu_link_color_active":"","ocean_menu_link_background":"","ocean_menu_link_hover_background":"","ocean_menu_link_active_background":"","ocean_menu_social_links_bg":"","ocean_menu_social_hover_links_bg":"","ocean_menu_social_links_color":"","ocean_menu_social_hover_links_color":"","ocean_disable_title":"default","ocean_disable_heading":"default","ocean_post_title":"","ocean_post_subheading":"","ocean_post_title_style":"","ocean_post_title_background_color":"","ocean_post_title_background":0,"ocean_post_title_bg_image_position":"","ocean_post_title_bg_image_attachment":"","ocean_post_title_bg_image_repeat":"","ocean_post_title_bg_image_size":"","ocean_post_title_height":0,"ocean_post_title_bg_overlay":0.5,"ocean_post_title_bg_overlay_color":"","ocean_disable_breadcrumbs":"default","ocean_breadcrumbs_color":"","ocean_breadcrumbs_separator_color":"","ocean_breadcrumbs_links_color":"","ocean_breadcrumbs_links_hover_color":"","ocean_display_footer_widgets":"default","ocean_display_footer_bottom":"default","ocean_custom_footer_template":"0"},"product_brand":[],"product_cat":[26,103],"product_tag":[],"class_list":{"0":"post-2940","1":"product","2":"type-product","3":"status-publish","4":"has-post-thumbnail","6":"product_cat-zobu-higienai","7":"product_cat-zobu-pastas","9":"entry","10":"has-media","12":"first","13":"instock","14":"shipping-taxable","15":"product-type-simple","16":"has-product-nav","17":"col","18":"span_1_of_4","19":"owp-content-center","20":"item-entry","21":"owp-thumbs-layout-vertical","22":"owp-btn-normal","23":"owp-tabs-layout-vertical","24":"has-no-thumbnails","26":"circle-sale"},"_links":{"self":[{"href":"https:\/\/almedica.lv\/index.php\/wp-json\/wp\/v2\/product\/2940","targetHints":{"allow":["GET"]}}],"collection":[{"href":"https:\/\/almedica.lv\/index.php\/wp-json\/wp\/v2\/product"}],"about":[{"href":"https:\/\/almedica.lv\/index.php\/wp-json\/wp\/v2\/types\/product"}],"replies":[{"embeddable":true,"href":"https:\/\/almedica.lv\/index.php\/wp-json\/wp\/v2\/comments?post=2940"}],"wp:featuredmedia":[{"embeddable":true,"href":"https:\/\/almedica.lv\/index.php\/wp-json\/wp\/v2\/media\/2975"}],"wp:attachment":[{"href":"https:\/\/almedica.lv\/index.php\/wp-json\/wp\/v2\/media?parent=2940"}],"wp:term":[{"taxonomy":"product_brand","embeddable":true,"href":"https:\/\/almedica.lv\/index.php\/wp-json\/wp\/v2\/product_brand?post=2940"},{"taxonomy":"product_cat","embeddable":true,"href":"https:\/\/almedica.lv\/index.php\/wp-json\/wp\/v2\/product_cat?post=2940"},{"taxonomy":"product_tag","embeddable":true,"href":"https:\/\/almedica.lv\/index.php\/wp-json\/wp\/v2\/product_tag?post=2940"}],"curies":[{"name":"wp","href":"https:\/\/api.w.org\/{rel}","templated":true}]}}