{"id":4989,"date":"2023-12-01T13:08:22","date_gmt":"2023-12-01T13:08:22","guid":{"rendered":"https:\/\/almedica.lv\/?post_type=product&#038;p=4989"},"modified":"2023-12-01T13:08:22","modified_gmt":"2023-12-01T13:08:22","slug":"kuraray-clearfil-universal-bond-quick-5ml","status":"publish","type":"product","link":"https:\/\/almedica.lv\/index.php\/produktas\/kuraray-clearfil-universal-bond-quick-5ml\/","title":{"rendered":"Kuraray Clearfil Universal Bond Quick 5ml"},"content":{"rendered":"<p><span class=\"HwtZe\" lang=\"lv\"><span class=\"jCAhz ChMk0b\"><span class=\"ryNqvb\">Inovat\u012bva univers\u0101la l\u012bme, kas iedarbojas uzreiz, nodro\u0161inot ilgsto\u0161u rezult\u0101tu vis\u0101s atjaunojo\u0161aj\u0101s proced\u016br\u0101s vien\u0101 vienk\u0101r\u0161\u0101, \u0101tr\u0101 sol\u012b.<\/span><\/span> <span class=\"jCAhz ChMk0b\"><span class=\"ryNqvb\">At\u0161\u0137ir\u012bb\u0101 no cit\u0101m l\u012bm\u0113m, Clearfil Universal Bond Quick neprasa uzkl\u0101t vair\u0101kus sl\u0101\u0146us, berz\u0113t un gaid\u012bt.<\/span><\/span> <span class=\"jCAhz ChMk0b\"><span class=\"ryNqvb\">Rezult\u0101ti ir vien\u0101di un garant\u0113ti katru reizi.<\/span><\/span> <span class=\"jCAhz ChMk0b\"><span class=\"ryNqvb\">Clearfil Universal Bond Quick pal\u012bdz nov\u0113rst k\u013c\u016bdas un ietaupa zob\u0101rsta laiku.<\/span><\/span> <span class=\"jCAhz ChMk0b\"><span class=\"ryNqvb\">\u0160\u012b l\u012bmjava ir piem\u0113rota tie\u0161ai restaur\u0101cijai, kultivatora restaur\u0101cijai, netie\u0161ai restaur\u0101cijai un remontam.<\/span><\/span> <span class=\"jCAhz ChMk0b\"><span class=\"ryNqvb\">Zob\u0101rsti to var izmantot ar izv\u0113l\u0113to tehniku: selekt\u012bvo, pa\u0161kodin\u0101to vai pilno kodin\u0101\u0161anu.<\/span><\/span> <span class=\"jCAhz ChMk0b\"><span class=\"ryNqvb\">Jebkura tehnika nodro\u0161in\u0101s \u0101rstiem vienl\u012bdz ticamus rezult\u0101tus.<\/span><\/span> <\/span><\/p>\n<p><span class=\"HwtZe\" lang=\"lv\"><span class=\"jCAhz ChMk0b\"><span class=\"ryNqvb\">5 ml<\/span><\/span><\/span><\/p>\n","protected":false},"excerpt":{"rendered":"<p>Inovat\u012bva univers\u0101la l\u012bme, kas iedarbojas uzreiz, nodro\u0161inot ilgsto\u0161u rezult\u0101tu vis\u0101s atjaunojo\u0161aj\u0101s proced\u016br\u0101s vien\u0101 vienk\u0101r\u0161\u0101, \u0101tr\u0101 sol\u012b. At\u0161\u0137ir\u012bb\u0101 no cit\u0101m l\u012bm\u0113m, Clearfil Universal Bond Quick neprasa uzkl\u0101t vair\u0101kus sl\u0101\u0146us, berz\u0113t un gaid\u012bt. Rezult\u0101ti ir vien\u0101di un garant\u0113ti katru reizi. Clearfil Universal Bond Quick pal\u012bdz nov\u0113rst k\u013c\u016bdas un ietaupa zob\u0101rsta laiku. \u0160\u012b l\u012bmjava ir piem\u0113rota tie\u0161ai restaur\u0101cijai, [&hellip;]<\/p>\n","protected":false},"featured_media":4990,"comment_status":"open","ping_status":"closed","template":"","meta":{"ocean_post_layout":"","ocean_both_sidebars_style":"","ocean_both_sidebars_content_width":0,"ocean_both_sidebars_sidebars_width":0,"ocean_sidebar":"0","ocean_second_sidebar":"0","ocean_disable_margins":"enable","ocean_add_body_class":"","ocean_shortcode_before_top_bar":"","ocean_shortcode_after_top_bar":"","ocean_shortcode_before_header":"","ocean_shortcode_after_header":"","ocean_has_shortcode":"","ocean_shortcode_after_title":"","ocean_shortcode_before_footer_widgets":"","ocean_shortcode_after_footer_widgets":"","ocean_shortcode_before_footer_bottom":"","ocean_shortcode_after_footer_bottom":"","ocean_display_top_bar":"default","ocean_display_header":"default","ocean_header_style":"","ocean_center_header_left_menu":"0","ocean_custom_header_template":"0","ocean_custom_logo":0,"ocean_custom_retina_logo":0,"ocean_custom_logo_max_width":0,"ocean_custom_logo_tablet_max_width":0,"ocean_custom_logo_mobile_max_width":0,"ocean_custom_logo_max_height":0,"ocean_custom_logo_tablet_max_height":0,"ocean_custom_logo_mobile_max_height":0,"ocean_header_custom_menu":"0","ocean_menu_typo_font_family":"0","ocean_menu_typo_font_subset":"","ocean_menu_typo_font_size":0,"ocean_menu_typo_font_size_tablet":0,"ocean_menu_typo_font_size_mobile":0,"ocean_menu_typo_font_size_unit":"px","ocean_menu_typo_font_weight":"","ocean_menu_typo_font_weight_tablet":"","ocean_menu_typo_font_weight_mobile":"","ocean_menu_typo_transform":"","ocean_menu_typo_transform_tablet":"","ocean_menu_typo_transform_mobile":"","ocean_menu_typo_line_height":0,"ocean_menu_typo_line_height_tablet":0,"ocean_menu_typo_line_height_mobile":0,"ocean_menu_typo_line_height_unit":"","ocean_menu_typo_spacing":0,"ocean_menu_typo_spacing_tablet":0,"ocean_menu_typo_spacing_mobile":0,"ocean_menu_typo_spacing_unit":"","ocean_menu_link_color":"","ocean_menu_link_color_hover":"","ocean_menu_link_color_active":"","ocean_menu_link_background":"","ocean_menu_link_hover_background":"","ocean_menu_link_active_background":"","ocean_menu_social_links_bg":"","ocean_menu_social_hover_links_bg":"","ocean_menu_social_links_color":"","ocean_menu_social_hover_links_color":"","ocean_disable_title":"default","ocean_disable_heading":"default","ocean_post_title":"","ocean_post_subheading":"","ocean_post_title_style":"","ocean_post_title_background_color":"","ocean_post_title_background":0,"ocean_post_title_bg_image_position":"","ocean_post_title_bg_image_attachment":"","ocean_post_title_bg_image_repeat":"","ocean_post_title_bg_image_size":"","ocean_post_title_height":0,"ocean_post_title_bg_overlay":0.5,"ocean_post_title_bg_overlay_color":"","ocean_disable_breadcrumbs":"default","ocean_breadcrumbs_color":"","ocean_breadcrumbs_separator_color":"","ocean_breadcrumbs_links_color":"","ocean_breadcrumbs_links_hover_color":"","ocean_display_footer_widgets":"default","ocean_display_footer_bottom":"default","ocean_custom_footer_template":"0"},"product_brand":[],"product_cat":[30],"product_tag":[],"class_list":{"0":"post-4989","1":"product","2":"type-product","3":"status-publish","4":"has-post-thumbnail","6":"product_cat-adhezivi","8":"entry","9":"has-media","11":"first","12":"instock","13":"shipping-taxable","14":"product-type-simple","15":"has-product-nav","16":"col","17":"span_1_of_4","18":"owp-content-center","19":"item-entry","20":"owp-thumbs-layout-vertical","21":"owp-btn-normal","22":"owp-tabs-layout-vertical","23":"has-no-thumbnails","25":"circle-sale"},"_links":{"self":[{"href":"https:\/\/almedica.lv\/index.php\/wp-json\/wp\/v2\/product\/4989","targetHints":{"allow":["GET"]}}],"collection":[{"href":"https:\/\/almedica.lv\/index.php\/wp-json\/wp\/v2\/product"}],"about":[{"href":"https:\/\/almedica.lv\/index.php\/wp-json\/wp\/v2\/types\/product"}],"replies":[{"embeddable":true,"href":"https:\/\/almedica.lv\/index.php\/wp-json\/wp\/v2\/comments?post=4989"}],"wp:featuredmedia":[{"embeddable":true,"href":"https:\/\/almedica.lv\/index.php\/wp-json\/wp\/v2\/media\/4990"}],"wp:attachment":[{"href":"https:\/\/almedica.lv\/index.php\/wp-json\/wp\/v2\/media?parent=4989"}],"wp:term":[{"taxonomy":"product_brand","embeddable":true,"href":"https:\/\/almedica.lv\/index.php\/wp-json\/wp\/v2\/product_brand?post=4989"},{"taxonomy":"product_cat","embeddable":true,"href":"https:\/\/almedica.lv\/index.php\/wp-json\/wp\/v2\/product_cat?post=4989"},{"taxonomy":"product_tag","embeddable":true,"href":"https:\/\/almedica.lv\/index.php\/wp-json\/wp\/v2\/product_tag?post=4989"}],"curies":[{"name":"wp","href":"https:\/\/api.w.org\/{rel}","templated":true}]}}