{"id":4998,"date":"2023-12-01T13:18:08","date_gmt":"2023-12-01T13:18:08","guid":{"rendered":"https:\/\/almedica.lv\/?post_type=product&#038;p=4998"},"modified":"2023-12-01T13:18:09","modified_gmt":"2023-12-01T13:18:09","slug":"relyx-temp-ne-cements-bez-eugenola-pagaidu-fiksacijai-43g","status":"publish","type":"product","link":"https:\/\/almedica.lv\/index.php\/produktas\/relyx-temp-ne-cements-bez-eugenola-pagaidu-fiksacijai-43g\/","title":{"rendered":"RelyX Temp NE cements bez eugenola pagaidu fiks\u0101cijai 43g"},"content":{"rendered":"<p><span class=\"HwtZe\" lang=\"lv\"><span class=\"jCAhz ChMk0b\"><span class=\"ryNqvb\">Pa\u0161saciet\u0113jo\u0161s eugenolu nesaturo\u0161s cements zobu prot\u0113\u017eu pagaidu fiks\u0101cijai.<\/span><\/span> <span class=\"jCAhz ChMk0b\"><span class=\"ryNqvb\">Vazel\u012bna pievieno\u0161ana var samazin\u0101t cementa gal\u012bgo ciet\u012bbu, piem.<\/span><\/span> <span class=\"jCAhz ChMk0b\"><span class=\"ryNqvb\">viegl\u0101kai tilta no\u0146em\u0161anai.<\/span><\/span> <span class=\"jCAhz ChMk0b\"><span class=\"ryNqvb\">RelyX Temp NEietekm\u0113 kompoz\u012btmateri\u0101lu herm\u0113ti\u0137u un cementa polimeriz\u0101ciju.<\/span><\/span> <span class=\"jCAhz ChMk0b\"><span class=\"ryNqvb\">RelyX Temp NE ir \u012bpa\u0161i piem\u0113rots pacientiem, kuri ir jut\u012bgi pret eugenolu.<\/span><\/span> <span class=\"jCAhz ChMk0b\"><span class=\"ryNqvb\">M\u0113r\u0137is:<\/span><\/span> <\/span><\/p>\n<ul>\n<li><span class=\"HwtZe\" lang=\"lv\"><span class=\"jCAhz ChMk0b\"><span class=\"ryNqvb\">Nepast\u0101v\u012bgo prot\u0113\u017eu pagaidu fiks\u0101cija.<\/span><\/span> <\/span><\/li>\n<li><span class=\"HwtZe\" lang=\"lv\"><span class=\"jCAhz ChMk0b\"><span class=\"ryNqvb\">Kro\u0146u, til\u0101tu, inkrust\u0101ciju un inkrust\u0101ciju pagaidu fiks\u0101cija.<\/span><\/span> <\/span><\/li>\n<li><span class=\"HwtZe\" lang=\"lv\"><span class=\"jCAhz ChMk0b\"><span class=\"ryNqvb\">Kro\u0146u un tiltu fiks\u0101cija uz implantu balstiem.<\/span><\/span>\u00a0<\/span><\/li>\n<\/ul>\n<p><span class=\"HwtZe\" lang=\"lv\"><span class=\"jCAhz ChMk0b\"><span class=\"ryNqvb\">30 g b\u0101zes pastas + 13 g katalizatora + mais\u012b\u0161anas l\u0101psti\u0146as<\/span><\/span><\/span><\/p>\n<p>&nbsp;<\/p>\n","protected":false},"excerpt":{"rendered":"<p>Pa\u0161saciet\u0113jo\u0161s eugenolu nesaturo\u0161s cements zobu prot\u0113\u017eu pagaidu fiks\u0101cijai. Vazel\u012bna pievieno\u0161ana var samazin\u0101t cementa gal\u012bgo ciet\u012bbu, piem. viegl\u0101kai tilta no\u0146em\u0161anai. RelyX Temp NEietekm\u0113 kompoz\u012btmateri\u0101lu herm\u0113ti\u0137u un cementa polimeriz\u0101ciju. RelyX Temp NE ir \u012bpa\u0161i piem\u0113rots pacientiem, kuri ir jut\u012bgi pret eugenolu. M\u0113r\u0137is: Nepast\u0101v\u012bgo prot\u0113\u017eu pagaidu fiks\u0101cija. Kro\u0146u, til\u0101tu, inkrust\u0101ciju un inkrust\u0101ciju pagaidu fiks\u0101cija. Kro\u0146u un tiltu fiks\u0101cija [&hellip;]<\/p>\n","protected":false},"featured_media":4999,"comment_status":"open","ping_status":"closed","template":"","meta":{"ocean_post_layout":"","ocean_both_sidebars_style":"","ocean_both_sidebars_content_width":0,"ocean_both_sidebars_sidebars_width":0,"ocean_sidebar":"0","ocean_second_sidebar":"0","ocean_disable_margins":"enable","ocean_add_body_class":"","ocean_shortcode_before_top_bar":"","ocean_shortcode_after_top_bar":"","ocean_shortcode_before_header":"","ocean_shortcode_after_header":"","ocean_has_shortcode":"","ocean_shortcode_after_title":"","ocean_shortcode_before_footer_widgets":"","ocean_shortcode_after_footer_widgets":"","ocean_shortcode_before_footer_bottom":"","ocean_shortcode_after_footer_bottom":"","ocean_display_top_bar":"default","ocean_display_header":"default","ocean_header_style":"","ocean_center_header_left_menu":"0","ocean_custom_header_template":"0","ocean_custom_logo":0,"ocean_custom_retina_logo":0,"ocean_custom_logo_max_width":0,"ocean_custom_logo_tablet_max_width":0,"ocean_custom_logo_mobile_max_width":0,"ocean_custom_logo_max_height":0,"ocean_custom_logo_tablet_max_height":0,"ocean_custom_logo_mobile_max_height":0,"ocean_header_custom_menu":"0","ocean_menu_typo_font_family":"0","ocean_menu_typo_font_subset":"","ocean_menu_typo_font_size":0,"ocean_menu_typo_font_size_tablet":0,"ocean_menu_typo_font_size_mobile":0,"ocean_menu_typo_font_size_unit":"px","ocean_menu_typo_font_weight":"","ocean_menu_typo_font_weight_tablet":"","ocean_menu_typo_font_weight_mobile":"","ocean_menu_typo_transform":"","ocean_menu_typo_transform_tablet":"","ocean_menu_typo_transform_mobile":"","ocean_menu_typo_line_height":0,"ocean_menu_typo_line_height_tablet":0,"ocean_menu_typo_line_height_mobile":0,"ocean_menu_typo_line_height_unit":"","ocean_menu_typo_spacing":0,"ocean_menu_typo_spacing_tablet":0,"ocean_menu_typo_spacing_mobile":0,"ocean_menu_typo_spacing_unit":"","ocean_menu_link_color":"","ocean_menu_link_color_hover":"","ocean_menu_link_color_active":"","ocean_menu_link_background":"","ocean_menu_link_hover_background":"","ocean_menu_link_active_background":"","ocean_menu_social_links_bg":"","ocean_menu_social_hover_links_bg":"","ocean_menu_social_links_color":"","ocean_menu_social_hover_links_color":"","ocean_disable_title":"default","ocean_disable_heading":"default","ocean_post_title":"","ocean_post_subheading":"","ocean_post_title_style":"","ocean_post_title_background_color":"","ocean_post_title_background":0,"ocean_post_title_bg_image_position":"","ocean_post_title_bg_image_attachment":"","ocean_post_title_bg_image_repeat":"","ocean_post_title_bg_image_size":"","ocean_post_title_height":0,"ocean_post_title_bg_overlay":0.5,"ocean_post_title_bg_overlay_color":"","ocean_disable_breadcrumbs":"default","ocean_breadcrumbs_color":"","ocean_breadcrumbs_separator_color":"","ocean_breadcrumbs_links_color":"","ocean_breadcrumbs_links_hover_color":"","ocean_display_footer_widgets":"default","ocean_display_footer_bottom":"default","ocean_custom_footer_template":"0"},"product_brand":[],"product_cat":[95,24],"product_tag":[],"class_list":{"0":"post-4998","1":"product","2":"type-product","3":"status-publish","4":"has-post-thumbnail","6":"product_cat-cementi","7":"product_cat-stomatologiskie-materiali","9":"entry","10":"has-media","12":"first","13":"instock","14":"shipping-taxable","15":"product-type-simple","16":"has-product-nav","17":"col","18":"span_1_of_4","19":"owp-content-center","20":"item-entry","21":"owp-thumbs-layout-vertical","22":"owp-btn-normal","23":"owp-tabs-layout-vertical","24":"has-no-thumbnails","26":"circle-sale"},"_links":{"self":[{"href":"https:\/\/almedica.lv\/index.php\/wp-json\/wp\/v2\/product\/4998","targetHints":{"allow":["GET"]}}],"collection":[{"href":"https:\/\/almedica.lv\/index.php\/wp-json\/wp\/v2\/product"}],"about":[{"href":"https:\/\/almedica.lv\/index.php\/wp-json\/wp\/v2\/types\/product"}],"replies":[{"embeddable":true,"href":"https:\/\/almedica.lv\/index.php\/wp-json\/wp\/v2\/comments?post=4998"}],"wp:featuredmedia":[{"embeddable":true,"href":"https:\/\/almedica.lv\/index.php\/wp-json\/wp\/v2\/media\/4999"}],"wp:attachment":[{"href":"https:\/\/almedica.lv\/index.php\/wp-json\/wp\/v2\/media?parent=4998"}],"wp:term":[{"taxonomy":"product_brand","embeddable":true,"href":"https:\/\/almedica.lv\/index.php\/wp-json\/wp\/v2\/product_brand?post=4998"},{"taxonomy":"product_cat","embeddable":true,"href":"https:\/\/almedica.lv\/index.php\/wp-json\/wp\/v2\/product_cat?post=4998"},{"taxonomy":"product_tag","embeddable":true,"href":"https:\/\/almedica.lv\/index.php\/wp-json\/wp\/v2\/product_tag?post=4998"}],"curies":[{"name":"wp","href":"https:\/\/api.w.org\/{rel}","templated":true}]}}